{"id":45843,"date":"2022-06-15T14:19:08","date_gmt":"2022-06-15T12:19:08","guid":{"rendered":"https:\/\/ticinoweb01.jcloud.ik-server.com\/cndestetik\/prodotto\/huile-solaire-visage-corps-spf-40\/"},"modified":"2023-04-05T14:25:36","modified_gmt":"2023-04-05T12:25:36","slug":"oil-sun-face-body-spf-40","status":"publish","type":"product","link":"https:\/\/cndestetik.ch\/fr\/prodotto\/oil-sun-face-body-spf-40\/","title":{"rendered":"Huile solaire visage corps Spf 40"},"content":{"rendered":"<p><span data-sheets-value=\"{\"1\":2,\"2\":\"Olio solare Viso Corpo Spf 40 - 100 ml.\"}\" data-sheets-userformat=\"{\"2\":14787,\"3\":{\"1\":0,\"3\":1},\"4\":{\"1\":2,\"2\":16777215},\"9\":0,\"10\":2,\"11\":0,\"14\":{\"1\":2,\"2\":0},\"15\":\"Calibri\",\"16\":11}\">Convient \u00e0 tous les types de peau. Il prot\u00e8ge la peau et permet d&#8217;obtenir progressivement un bronzage naturel.<\/span><\/p>\n<p>Dans un spray facile \u00e0 appliquer, il p\u00e9n\u00e8tre rapidement et nourrit la peau tout en la prot\u00e9geant. Il permet d&#8217;obtenir un bronzage dor\u00e9.<\/p>\n<p><span data-sheets-value=\"{\"1\":2,\"2\":\"Olio solare Viso Corpo Spf 40 - 100 ml.\"}\" data-sheets-userformat=\"{\"2\":14787,\"3\":{\"1\":0,\"3\":1},\"4\":{\"1\":2,\"2\":16777215},\"9\":0,\"10\":2,\"11\":0,\"14\":{\"1\":2,\"2\":0},\"15\":\"Calibri\",\"16\":11}\">Taille : 100 ml.<\/span><\/p>\n<div id=\":cb\" class=\"Ar Au Ao\">\n<div id=\":c7\" class=\"Am Al editable LW-avf tS-tW tS-tY\" role=\"textbox\" aria-label=\"Corpo del messaggio\">\n<p>Dans les \u00e9crans solaires Microcosmo, il n&#8217;y a que des filtres physiques, c&#8217;est-\u00e0-dire de petites particules min\u00e9rales qui r\u00e9fl\u00e9chissent les rayons du soleil, les emp\u00eachant d&#8217;atteindre et de br\u00fbler la peau. Ils ne surchauffent pas la peau, ils ne laissent pas de patines g\u00eanantes, ils prot\u00e8gent \u00e0 fond.<\/p>\n<p>En outre, les produits contiennent des extraits spagyriques de Calendula, qui, sous l&#8217;effet du soleil, r\u00e9g\u00e9n\u00e8re et prot\u00e8ge la peau du vieillissement.<\/p>\n<\/div>\n<\/div>\n","protected":false},"excerpt":{"rendered":"<p>Il prot\u00e8ge la peau et favorise un bronzage naturel.<\/p>\n","protected":false},"featured_media":54379,"template":"","meta":{"_acf_changed":false},"product_brand":[],"product_cat":[3299],"product_tag":[4052,2341,2184,4087,4088,4089,4090,4092,2098,765],"class_list":{"0":"post-45843","1":"product","2":"type-product","3":"status-publish","4":"has-post-thumbnail","6":"product_cat-04-solari-fr","7":"product_tag-cnd-fr","8":"product_tag-corps","9":"product_tag-huile-fr","10":"product_tag-solaire","11":"product_tag-solari-fr","12":"product_tag-soleil","13":"product_tag-spf-fr","14":"product_tag-spf-40-fr","15":"product_tag-tan-fr","16":"product_tag-visage","18":"first","19":"instock","20":"taxable","21":"shipping-taxable","22":"product-type-simple"},"acf":[],"jetpack_sharing_enabled":true,"_links":{"self":[{"href":"https:\/\/cndestetik.ch\/fr\/wp-json\/wp\/v2\/product\/45843","targetHints":{"allow":["GET"]}}],"collection":[{"href":"https:\/\/cndestetik.ch\/fr\/wp-json\/wp\/v2\/product"}],"about":[{"href":"https:\/\/cndestetik.ch\/fr\/wp-json\/wp\/v2\/types\/product"}],"wp:featuredmedia":[{"embeddable":true,"href":"https:\/\/cndestetik.ch\/fr\/wp-json\/wp\/v2\/media\/54379"}],"wp:attachment":[{"href":"https:\/\/cndestetik.ch\/fr\/wp-json\/wp\/v2\/media?parent=45843"}],"wp:term":[{"taxonomy":"product_brand","embeddable":true,"href":"https:\/\/cndestetik.ch\/fr\/wp-json\/wp\/v2\/product_brand?post=45843"},{"taxonomy":"product_cat","embeddable":true,"href":"https:\/\/cndestetik.ch\/fr\/wp-json\/wp\/v2\/product_cat?post=45843"},{"taxonomy":"product_tag","embeddable":true,"href":"https:\/\/cndestetik.ch\/fr\/wp-json\/wp\/v2\/product_tag?post=45843"}],"curies":[{"name":"wp","href":"https:\/\/api.w.org\/{rel}","templated":true}]}}