{"id":45836,"date":"2022-06-21T15:27:58","date_gmt":"2022-06-21T13:27:58","guid":{"rendered":"https:\/\/ticinoweb01.jcloud.ik-server.com\/cndestetik\/prodotto\/lotion-anti-moustique\/"},"modified":"2025-01-23T09:17:48","modified_gmt":"2025-01-23T08:17:48","slug":"lotion-anti-moustiques","status":"publish","type":"product","link":"https:\/\/cndestetik.ch\/fr\/prodotto\/lotion-anti-moustiques\/","title":{"rendered":"Lotion anti-moustique"},"content":{"rendered":"<p><span data-sheets-value=\"{\"1\":2,\"2\":\"E' un prodotto naturale per la protezione della pelle di adulti e bambini dagli agenti esterni, quali zanzare ed altri insetti. La sua formulazione \u00e8 caratterizzata dalla presenza di oli essenziali estratti da piante che svolgono un'azione protettiva e repellente sulla pelle tra le quali geranio, lavanda e melissa. Il suo profumo particolarmente piacevole e rilassante crea un'atmosfera magica e al tempo stesso protetta. Da applicare pi\u00f9 volte al bisogno.\"}\" data-sheets-userformat=\"{\"2\":15297,\"3\":{\"1\":0},\"9\":0,\"10\":2,\"11\":0,\"12\":0,\"14\":{\"1\":2,\"2\":0},\"15\":\"Calibri\",\"16\":11}\">Il s&#8217;agit d&#8217;un produit naturel destin\u00e9 \u00e0 prot\u00e9ger la peau des adultes et des enfants contre les agents ext\u00e9rieurs tels que les moustiques et autres insectes. Sa formulation se caract\u00e9rise par la pr\u00e9sence d&#8217;huiles essentielles extraites de plantes qui ont une action protectrice et r\u00e9pulsive sur la peau, notamment le g\u00e9ranium, la lavande et la m\u00e9lisse.  <\/span><\/p>\n<p><span data-sheets-value=\"{\"1\":2,\"2\":\"E' un prodotto naturale per la protezione della pelle di adulti e bambini dagli agenti esterni, quali zanzare ed altri insetti. La sua formulazione \u00e8 caratterizzata dalla presenza di oli essenziali estratti da piante che svolgono un'azione protettiva e repellente sulla pelle tra le quali geranio, lavanda e melissa. Il suo profumo particolarmente piacevole e rilassante crea un'atmosfera magica e al tempo stesso protetta. Da applicare pi\u00f9 volte al bisogno.\"}\" data-sheets-userformat=\"{\"2\":15297,\"3\":{\"1\":0},\"9\":0,\"10\":2,\"11\":0,\"12\":0,\"14\":{\"1\":2,\"2\":0},\"15\":\"Calibri\",\"16\":11}\">Son parfum particuli\u00e8rement agr\u00e9able et relaxant cr\u00e9e une atmosph\u00e8re magique et prot\u00e9g\u00e9e. A appliquer plusieurs fois selon les besoins.<\/span><\/p>\n<p>Convient \u00e9galement aux animaux de compagnie !<\/p>\n<p>Taille : 100ml<\/p>\n","protected":false},"excerpt":{"rendered":"<p>Lotion anti-moustique, parfum\u00e9e et protectrice.<\/p>\n","protected":false},"featured_media":54280,"template":"","meta":{"_acf_changed":false},"product_brand":[],"product_cat":[1494,12982],"product_tag":[4061,527,521,4062,518,4056],"class_list":{"0":"post-45836","1":"product","2":"type-product","3":"status-publish","4":"has-post-thumbnail","6":"product_cat-cosmetiques","7":"product_cat-microcosme","8":"product_tag-anti-moustiques","9":"product_tag-geranium-fr","10":"product_tag-lavande","11":"product_tag-lotion-fr-2","12":"product_tag-melissa-fr","13":"product_tag-protection","14":"pa_pezzi-1-piece-fr","15":"pa_pezzi-5-pieces-fr","17":"first","18":"instock","19":"taxable","20":"shipping-taxable","21":"purchasable","22":"product-type-variable"},"acf":[],"jetpack_sharing_enabled":true,"_links":{"self":[{"href":"https:\/\/cndestetik.ch\/fr\/wp-json\/wp\/v2\/product\/45836","targetHints":{"allow":["GET"]}}],"collection":[{"href":"https:\/\/cndestetik.ch\/fr\/wp-json\/wp\/v2\/product"}],"about":[{"href":"https:\/\/cndestetik.ch\/fr\/wp-json\/wp\/v2\/types\/product"}],"wp:featuredmedia":[{"embeddable":true,"href":"https:\/\/cndestetik.ch\/fr\/wp-json\/wp\/v2\/media\/54280"}],"wp:attachment":[{"href":"https:\/\/cndestetik.ch\/fr\/wp-json\/wp\/v2\/media?parent=45836"}],"wp:term":[{"taxonomy":"product_brand","embeddable":true,"href":"https:\/\/cndestetik.ch\/fr\/wp-json\/wp\/v2\/product_brand?post=45836"},{"taxonomy":"product_cat","embeddable":true,"href":"https:\/\/cndestetik.ch\/fr\/wp-json\/wp\/v2\/product_cat?post=45836"},{"taxonomy":"product_tag","embeddable":true,"href":"https:\/\/cndestetik.ch\/fr\/wp-json\/wp\/v2\/product_tag?post=45836"}],"curies":[{"name":"wp","href":"https:\/\/api.w.org\/{rel}","templated":true}]}}