{"id":45834,"date":"2022-06-15T14:27:28","date_gmt":"2022-06-15T12:27:28","guid":{"rendered":"https:\/\/ticinoweb01.jcloud.ik-server.com\/cndestetik\/prodotto\/creme-de-protection-totale-spf-50\/"},"modified":"2022-11-15T16:42:59","modified_gmt":"2022-11-15T15:42:59","slug":"creme-ecran-total-spf-50","status":"publish","type":"product","link":"https:\/\/cndestetik.ch\/fr\/prodotto\/creme-ecran-total-spf-50\/","title":{"rendered":"Cr\u00e8me de protection totale Spf 50+."},"content":{"rendered":"<p><span data-sheets-value=\"{\"1\":2,\"2\":\"Grazie agli estratti di Calendula e Camomilla ha le stesse peculiarit\u00e0 rigenerative ed emollienti degli altri solari. La sua caratteristica \u00e8 quella di essere particolarmente coprente e protettiva nei confronti dei raggi solari. Per questo \u00e8 indicata sulle aree pi\u00f9 sensibili e delicate della cute come nei, macchie cutanee, tatuaggi, unghie con smalto semipermanente e non e zone di maggiore irritabilit\u00e0.\"}\" data-sheets-userformat=\"{\"2\":15299,\"3\":{\"1\":0},\"4\":{\"1\":2,\"2\":16777215},\"9\":0,\"10\":2,\"11\":0,\"12\":0,\"14\":{\"1\":2,\"2\":0},\"15\":\"Calibri\",\"16\":11}\">Gr\u00e2ce aux extraits de calendula et de camomille, il poss\u00e8de les m\u00eames propri\u00e9t\u00e9s r\u00e9g\u00e9n\u00e9ratrices et \u00e9mollientes que les autres \u00e9crans solaires.  <\/span><\/p>\n<p><span data-sheets-value=\"{\"1\":2,\"2\":\"Grazie agli estratti di Calendula e Camomilla ha le stesse peculiarit\u00e0 rigenerative ed emollienti degli altri solari. La sua caratteristica \u00e8 quella di essere particolarmente coprente e protettiva nei confronti dei raggi solari. Per questo \u00e8 indicata sulle aree pi\u00f9 sensibili e delicate della cute come nei, macchie cutanee, tatuaggi, unghie con smalto semipermanente e non e zone di maggiore irritabilit\u00e0.\"}\" data-sheets-userformat=\"{\"2\":15299,\"3\":{\"1\":0},\"4\":{\"1\":2,\"2\":16777215},\"9\":0,\"10\":2,\"11\":0,\"12\":0,\"14\":{\"1\":2,\"2\":0},\"15\":\"Calibri\",\"16\":11}\">Sa caract\u00e9ristique est qu&#8217;il est particuli\u00e8rement opaque et protecteur contre les rayons du soleil. C&#8217;est pourquoi il est indiqu\u00e9 sur les zones les plus sensibles et d\u00e9licates de la peau telles que les grains de beaut\u00e9, les taches cutan\u00e9es, les tatouages, les ongles avec ou sans vernis semi-permanent et les zones d&#8217;irritabilit\u00e9 accrue.<\/span><\/p>\n<p>Taille : 20ml<\/p>\n<div id=\":cb\" class=\"Ar Au Ao\">\n<div id=\":c7\" class=\"Am Al editable LW-avf tS-tW tS-tY\" role=\"textbox\" aria-label=\"Corpo del messaggio\">\n<p>Dans les \u00e9crans solaires Microcosmo, il n&#8217;y a que des filtres physiques, c&#8217;est-\u00e0-dire de petites particules min\u00e9rales qui r\u00e9fl\u00e9chissent les rayons du soleil, les emp\u00eachant d&#8217;atteindre et de br\u00fbler la peau. Ils ne surchauffent pas la peau, ils ne laissent pas de patines g\u00eanantes, ils prot\u00e8gent \u00e0 fond.<\/p>\n<p>En outre, les produits contiennent des extraits spagyriques de Calendula, qui, sous l&#8217;effet du soleil, r\u00e9g\u00e9n\u00e8re et prot\u00e8ge la peau du vieillissement.<\/p>\n<\/div>\n<\/div>\n","protected":false},"excerpt":{"rendered":"<p>Protection adapt\u00e9e aux zones les plus sensibles et d\u00e9licates.<\/p>\n","protected":false},"featured_media":45687,"template":"","meta":{"_acf_changed":false},"product_brand":[],"product_cat":[3299],"product_tag":[4051,4058,4054,4052,3834,4056,4059,4060],"class_list":{"0":"post-45834","1":"product","2":"type-product","3":"status-publish","4":"has-post-thumbnail","6":"product_cat-04-solari-fr","7":"product_tag-50-fr","8":"product_tag-bouclier","9":"product_tag-bouclier-de-creme","10":"product_tag-cnd-fr","11":"product_tag-creme","12":"product_tag-protection","13":"product_tag-spf-50-fr","14":"product_tag-total","16":"first","17":"outofstock","18":"taxable","19":"shipping-taxable","20":"product-type-simple"},"acf":[],"jetpack_sharing_enabled":true,"_links":{"self":[{"href":"https:\/\/cndestetik.ch\/fr\/wp-json\/wp\/v2\/product\/45834","targetHints":{"allow":["GET"]}}],"collection":[{"href":"https:\/\/cndestetik.ch\/fr\/wp-json\/wp\/v2\/product"}],"about":[{"href":"https:\/\/cndestetik.ch\/fr\/wp-json\/wp\/v2\/types\/product"}],"wp:featuredmedia":[{"embeddable":true,"href":"https:\/\/cndestetik.ch\/fr\/wp-json\/wp\/v2\/media\/45687"}],"wp:attachment":[{"href":"https:\/\/cndestetik.ch\/fr\/wp-json\/wp\/v2\/media?parent=45834"}],"wp:term":[{"taxonomy":"product_brand","embeddable":true,"href":"https:\/\/cndestetik.ch\/fr\/wp-json\/wp\/v2\/product_brand?post=45834"},{"taxonomy":"product_cat","embeddable":true,"href":"https:\/\/cndestetik.ch\/fr\/wp-json\/wp\/v2\/product_cat?post=45834"},{"taxonomy":"product_tag","embeddable":true,"href":"https:\/\/cndestetik.ch\/fr\/wp-json\/wp\/v2\/product_tag?post=45834"}],"curies":[{"name":"wp","href":"https:\/\/api.w.org\/{rel}","templated":true}]}}