{"id":45570,"date":"2022-06-20T16:11:30","date_gmt":"2022-06-20T14:11:30","guid":{"rendered":"https:\/\/ticinoweb01.jcloud.ik-server.com\/cndestetik\/prodotto\/pressotherapie-3en1\/"},"modified":"2025-01-23T09:33:08","modified_gmt":"2025-01-23T08:33:08","slug":"pressotherapie-3in1","status":"publish","type":"product","link":"https:\/\/cndestetik.ch\/fr\/prodotto\/pressotherapie-3in1\/","title":{"rendered":"PRESSOTH\u00c9RAPIE 3en1"},"content":{"rendered":"<p>PRESSOTHERAPIA 3IN1, une machine facile \u00e0 utiliser, moderne et \u00e9l\u00e9gante, la plus populaire 365 jours par an !<\/p>\n<p>Ses caract\u00e9ristiques :<\/p>\n<p>TH\u00c9RAPIE DE PRESSION (Drainage et d\u00e9sintoxication du corps) -R\u00e9glage de la dur\u00e9e du traitement -R\u00e9glage du temps de gonflage de chaque section de 1&#8243; \u00e0 15&#8243; -3 Niveaux de pression pour le traitement : minimum, moyen, maximum -10 Sorties d&#8217;air r\u00e9glables ind\u00e9pendamment.<br \/>\n Il est possible d&#8217;annuler le gonflage d&#8217;une ou plusieurs sections de la &#8220;combinaison&#8221; et de ne travailler qu&#8217;avec les sections souhait\u00e9es -4<\/p>\n<p> Modes de travail pr\u00e9d\u00e9finis -V\u00eatements : 2 bottes, 2 jambi\u00e8res, 2 manches et bande abdominale -Couverture et tubes de pression THERMOTHERAPIE (Lipolyse, d\u00e9contraction) -5 Sections de travail<\/p>\n<p> botte + jambi\u00e8re (droite), botte + jambi\u00e8re (gauche), manche droite, manche gauche, bande abdominale -R\u00e9glage de la dur\u00e9e du traitement -R\u00e9glage de la temp\u00e9rature : 35\u00b0C \u00e0 65\u00b0C par intervalles de 3\u00b0C -Possibilit\u00e9 d&#8217;annuler le fonctionnement d&#8217;une ou plusieurs sections <\/p>\n<p>ELECTROSTIMULATION (Raffermissement, R\u00e9cup\u00e9ration musculaire) -R\u00e9glage de la dur\u00e9e du traitement -5 zones de travail -R\u00e9glage de l&#8217;intensit\u00e9 des impulsions pour chaque section : de 1 \u00e0 15 -4 modes de travail pr\u00e9r\u00e9gl\u00e9s -10 \u00e9lectrodes rondes : 6 grandes\/4 petites -10 bandes \u00e9lastiques de diff\u00e9rentes tailles -Il est possible d&#8217;annuler le fonctionnement d&#8217;une ou plusieurs sections CARACT\u00c9RISTIQUES TECHNIQUES Longueur 44 cm.<\/p>\n<p> \/ Largeur 31 cm. <\/p>\n<p>\/ Poids 28 kg Puissance 350W Fr\u00e9quence 50 Hz Tension 200-240V<\/p>\n<p>\u00c9cran tactile et contr\u00f4le des param\u00e8tres<\/p>\n","protected":false},"excerpt":{"rendered":"<p>Pressoth\u00e9rapie, thermoth\u00e9rapie, \u00e9lectrostimulation&#8230; trois technologies en un seul appareil, facile \u00e0 utiliser, beau \u00e0 regarder et peu encombrant !<\/p>\n","protected":false},"featured_media":45294,"template":"","meta":{"_acf_changed":false},"product_brand":[],"product_cat":[12987],"product_tag":[4013,4015,4014,4016,4017,4018],"class_list":{"0":"post-45570","1":"product","2":"type-product","3":"status-publish","4":"has-post-thumbnail","6":"product_cat-corps","7":"product_tag-drainage-fr","8":"product_tag-drainage-lymphatique","9":"product_tag-electrostimulation-fr","10":"product_tag-lipolyse","11":"product_tag-pressoterpia-fr","12":"product_tag-thermotherapie","14":"first","15":"instock","16":"taxable","17":"shipping-taxable","18":"purchasable","19":"product-type-simple"},"acf":[],"jetpack_sharing_enabled":true,"_links":{"self":[{"href":"https:\/\/cndestetik.ch\/fr\/wp-json\/wp\/v2\/product\/45570","targetHints":{"allow":["GET"]}}],"collection":[{"href":"https:\/\/cndestetik.ch\/fr\/wp-json\/wp\/v2\/product"}],"about":[{"href":"https:\/\/cndestetik.ch\/fr\/wp-json\/wp\/v2\/types\/product"}],"wp:featuredmedia":[{"embeddable":true,"href":"https:\/\/cndestetik.ch\/fr\/wp-json\/wp\/v2\/media\/45294"}],"wp:attachment":[{"href":"https:\/\/cndestetik.ch\/fr\/wp-json\/wp\/v2\/media?parent=45570"}],"wp:term":[{"taxonomy":"product_brand","embeddable":true,"href":"https:\/\/cndestetik.ch\/fr\/wp-json\/wp\/v2\/product_brand?post=45570"},{"taxonomy":"product_cat","embeddable":true,"href":"https:\/\/cndestetik.ch\/fr\/wp-json\/wp\/v2\/product_cat?post=45570"},{"taxonomy":"product_tag","embeddable":true,"href":"https:\/\/cndestetik.ch\/fr\/wp-json\/wp\/v2\/product_tag?post=45570"}],"curies":[{"name":"wp","href":"https:\/\/api.w.org\/{rel}","templated":true}]}}