{"id":45564,"date":"2022-06-20T16:53:52","date_gmt":"2022-06-20T14:53:52","guid":{"rendered":"https:\/\/ticinoweb01.jcloud.ik-server.com\/cndestetik\/prodotto\/laser-a-fibre-evo\/"},"modified":"2022-11-15T16:50:06","modified_gmt":"2022-11-15T15:50:06","slug":"fibre-laser-evo","status":"publish","type":"product","link":"https:\/\/cndestetik.ch\/fr\/prodotto\/fibre-laser-evo\/","title":{"rendered":"LASER \u00c0 FIBRE EVO"},"content":{"rendered":"<p>Fibra Laser Evo s&#8217;affirme \u00e0 nouveau comme le meilleur laser d&#8217;\u00e9pilation gr\u00e2ce \u00e0 la technologie de transmission du signal lumineux par fibre optique. Le laser \u00e0 fibre optique permet une \u00e9mission de lumi\u00e8re plus concentr\u00e9e \u00e0 un angle plus faible, de sorte que la lumi\u00e8re atteindra, \u00e0 son pic \u00e9nerg\u00e9tique, pr\u00e9cis\u00e9ment la zone cible des bulbes pileux.<\/p>\n<p>Fibra Laser Evo permet non seulement de r\u00e9aliser des traitements d&#8217;\u00e9pilation, mais aussi de combattre les signes du temps et de l&#8217;exposition aux agents environnementaux. Gr\u00e2ce \u00e0 la mise \u00e0 jour du logiciel du Fibra Laser Evo, il est possible de transmettre l&#8217;\u00e9nergie dans les couches les plus profondes de la peau, en transf\u00e9rant la chaleur en toute s\u00e9curit\u00e9 pour d&#8217;excellents r\u00e9sultats contre les principaux signes du vieillissement. L&#8217;impulsion laser g\u00e9r\u00e9e par le nouveau logiciel &#8220;ciblera&#8221; non seulement la m\u00e9lanine, mais aussi les structures cutan\u00e9es impliqu\u00e9es dans le vieillissement, qui seront stimul\u00e9es pour produire du collag\u00e8ne.<\/p>\n<p>Une pi\u00e8ce \u00e0 main innovante plus l\u00e9g\u00e8re et plus facile \u00e0 manipuler Fibra Laser Evo r\u00e9duit la taille et le poids de sa pi\u00e8ce \u00e0 main de 25 % suppl\u00e9mentaires par rapport \u00e0 la version pr\u00e9c\u00e9dente. Cela garantit non seulement le confort du patient, mais aussi celui de l&#8217;op\u00e9rateur. La technologie de transmission du signal par fibre optique permet de d\u00e9placer le composant diode, auparavant situ\u00e9 \u00e0 l&#8217;int\u00e9rieur de la pi\u00e8ce \u00e0 main, directement dans l&#8217;unit\u00e9 centrale du dispositif. Cela rend en fait la pi\u00e8ce \u00e0 main plus l\u00e9g\u00e8re. En outre, l&#8217;\u00e9nergie \u00e9lev\u00e9e est \u00e9mise avec une mont\u00e9e en temp\u00e9rature plus faible, ce qui permet un refroidissement maximal de l&#8217;embout de la pi\u00e8ce \u00e0 main, rendant le traitement plus agr\u00e9able.<\/p>\n<p><span class=\"JsGRdQ\">Dispositif \u00e0 basse tension approuv\u00e9 pour une utilisation cosm\u00e9tique CE<\/span><\/p>\n","protected":false},"excerpt":{"rendered":"<p>Le meilleur laser pour l&#8217;\u00e9pilation avec la technologie de transmission par fibre optique.<\/p>\n<p>Pi\u00e8ce \u00e0 main l\u00e9g\u00e8re, n\u00e9cessitant peu d&#8217;entretien, id\u00e9ale pour tous les teints. Excellents r\u00e9sultats en quelques s\u00e9ances seulement.<\/p>\n","protected":false},"featured_media":45358,"template":"","meta":{"_acf_changed":false},"product_brand":[],"product_cat":[1494],"product_tag":[3986,3987,3991,909,3988,1370,3989,3990],"class_list":{"0":"post-45564","1":"product","2":"type-product","3":"status-publish","4":"has-post-thumbnail","6":"product_cat-cosmetiques","7":"product_tag-au-revoir-les-cheveux","8":"product_tag-diode-808","9":"product_tag-diode-laser-fr","10":"product_tag-epilation-fr","11":"product_tag-epilation-au-laser","12":"product_tag-laser-fr","13":"product_tag-laser-a-fibre","14":"product_tag-photorajeunissement","16":"first","17":"instock","18":"taxable","19":"shipping-taxable","20":"purchasable","21":"product-type-simple"},"acf":[],"jetpack_sharing_enabled":true,"_links":{"self":[{"href":"https:\/\/cndestetik.ch\/fr\/wp-json\/wp\/v2\/product\/45564","targetHints":{"allow":["GET"]}}],"collection":[{"href":"https:\/\/cndestetik.ch\/fr\/wp-json\/wp\/v2\/product"}],"about":[{"href":"https:\/\/cndestetik.ch\/fr\/wp-json\/wp\/v2\/types\/product"}],"wp:featuredmedia":[{"embeddable":true,"href":"https:\/\/cndestetik.ch\/fr\/wp-json\/wp\/v2\/media\/45358"}],"wp:attachment":[{"href":"https:\/\/cndestetik.ch\/fr\/wp-json\/wp\/v2\/media?parent=45564"}],"wp:term":[{"taxonomy":"product_brand","embeddable":true,"href":"https:\/\/cndestetik.ch\/fr\/wp-json\/wp\/v2\/product_brand?post=45564"},{"taxonomy":"product_cat","embeddable":true,"href":"https:\/\/cndestetik.ch\/fr\/wp-json\/wp\/v2\/product_cat?post=45564"},{"taxonomy":"product_tag","embeddable":true,"href":"https:\/\/cndestetik.ch\/fr\/wp-json\/wp\/v2\/product_tag?post=45564"}],"curies":[{"name":"wp","href":"https:\/\/api.w.org\/{rel}","templated":true}]}}