{"id":45560,"date":"2022-06-21T13:17:31","date_gmt":"2022-06-21T11:17:31","guid":{"rendered":"https:\/\/ticinoweb01.jcloud.ik-server.com\/cndestetik\/prodotto\/nouvelle-peau-tout-en-un\/"},"modified":"2025-01-23T09:45:10","modified_gmt":"2025-01-23T08:45:10","slug":"nouvelle-peau-tout-en-un","status":"publish","type":"product","link":"https:\/\/cndestetik.ch\/fr\/prodotto\/nouvelle-peau-tout-en-un\/","title":{"rendered":"NOUVELLE PEAU TOUT EN UN"},"content":{"rendered":"<p>New Skin &#8211; All in One est un appareil esth\u00e9tique professionnel pour les soins de la peau. Gr\u00e2ce \u00e0 ses nombreux accessoires, il permet un nettoyage du visage en profondeur et en douceur, facilite l&#8217;absorption des principes actifs et rend tous les types de peau plus doux, plus lisse, plus lumineux et plus uniforme. Il garantit un nettoyage &#8220;sur mesure&#8221; pour chaque visage. Un nettoyage en profondeur de la peau la pr\u00e9pare \u00e0 recevoir de mani\u00e8re optimale les produits cosm\u00e9tiques appliqu\u00e9s.<\/p>\n<p>LES TECHNOLOGIES INCLUSES :<\/p>\n<p>DOUBLE SPRAY Le spray est utile pour pulv\u00e9riser des produits \u00e0 base d&#8217;eau (hydrolats\/toniques). Deux pi\u00e8ces \u00e0 main de pulv\u00e9risation sont disponibles. Vous pouvez \u00e9galement connecter un a\u00e9rographe : optionnel non inclus.  <\/p>\n<p>PEELING ULTRASONIQUE Traitement indiqu\u00e9 pour la r\u00e9g\u00e9n\u00e9ration profonde de la peau du visage, du cou et du d\u00e9collet\u00e9. Il permet une exfoliation douce de la couche corn\u00e9e afin d&#8217;\u00e9liminer les impuret\u00e9s et les r\u00e9sidus qui se d\u00e9posent sur la peau au quotidien.<\/p>\n<p>ULTRASOUNDS L&#8217;appareil est \u00e9quip\u00e9 de deux pi\u00e8ces \u00e0 main, l&#8217;une pour le traitement du visage et l&#8217;autre pour le contour des yeux, sp\u00e9cifiquement pour stimuler la circulation sanguine et lymphatique. Ils favorisent la r\u00e9duction des poches, des cernes et des rides.<\/p>\n<p>BROSSE ROTATIVE 6 types de brosses pour effectuer une exfoliation m\u00e9canique du visage et des petites parties du corps ULTRASOUNDS l&#8217;appareil est \u00e9quip\u00e9 de deux pi\u00e8ces \u00e0 main, l&#8217;une pour le traitement du visage et l&#8217;autre pour le contour des yeux, sp\u00e9cifiquement pour stimuler la circulation sanguine et lymphatique. Elles favorisent la r\u00e9duction des poches, des cernes et des rides. VACUUM La pi\u00e8ce \u00e0 main sp\u00e9ciale Vacuum exploite l&#8217;action du vide pour am\u00e9liorer la microcirculation des tissus.<\/p>\n<p> Efficace sur le rel\u00e2chement de la peau, il permet l&#8217;\u00e9tirement des tissus.<\/p>\n<p>COURANT GALVANIQUE R\u00e9g\u00e9n\u00e9rant et revigorant, cette pi\u00e8ce \u00e0 main vous permettra de transmettre votre \u00e9nergie \u00e0 vos proches.<\/p>\n<p>Une lampe avec loupe et un vaporisateur sont \u00e9galement inclus.<\/p>\n","protected":false},"excerpt":{"rendered":"<p>Un appareil de beaut\u00e9 professionnel qui, gr\u00e2ce \u00e0 ses nombreux accessoires, permet un nettoyage du visage en profondeur et en douceur et facilite l&#8217;absorption des principes actifs.<\/p>\n","protected":false},"featured_media":45545,"template":"","meta":{"_acf_changed":false},"product_brand":[],"product_cat":[12989],"product_tag":[3561,1277,3972,3686,3970,3971,3973,821,3974],"class_list":{"0":"post-45560","1":"product","2":"type-product","3":"status-publish","4":"has-post-thumbnail","6":"product_cat-visage","7":"product_tag-acne-fr","8":"product_tag-echographie","9":"product_tag-frequence-radio","10":"product_tag-nettoyage-du-visage","11":"product_tag-nettoyage-du-visage-fr","12":"product_tag-peau-grasse","13":"product_tag-rides","14":"product_tag-soin-de-la-peau","15":"product_tag-sous-vide","17":"first","18":"instock","19":"taxable","20":"shipping-taxable","21":"purchasable","22":"product-type-simple"},"acf":[],"jetpack_sharing_enabled":true,"_links":{"self":[{"href":"https:\/\/cndestetik.ch\/fr\/wp-json\/wp\/v2\/product\/45560","targetHints":{"allow":["GET"]}}],"collection":[{"href":"https:\/\/cndestetik.ch\/fr\/wp-json\/wp\/v2\/product"}],"about":[{"href":"https:\/\/cndestetik.ch\/fr\/wp-json\/wp\/v2\/types\/product"}],"wp:featuredmedia":[{"embeddable":true,"href":"https:\/\/cndestetik.ch\/fr\/wp-json\/wp\/v2\/media\/45545"}],"wp:attachment":[{"href":"https:\/\/cndestetik.ch\/fr\/wp-json\/wp\/v2\/media?parent=45560"}],"wp:term":[{"taxonomy":"product_brand","embeddable":true,"href":"https:\/\/cndestetik.ch\/fr\/wp-json\/wp\/v2\/product_brand?post=45560"},{"taxonomy":"product_cat","embeddable":true,"href":"https:\/\/cndestetik.ch\/fr\/wp-json\/wp\/v2\/product_cat?post=45560"},{"taxonomy":"product_tag","embeddable":true,"href":"https:\/\/cndestetik.ch\/fr\/wp-json\/wp\/v2\/product_tag?post=45560"}],"curies":[{"name":"wp","href":"https:\/\/api.w.org\/{rel}","templated":true}]}}