{"id":44931,"date":"2022-06-07T11:16:30","date_gmt":"2022-06-07T09:16:30","guid":{"rendered":"https:\/\/ticinoweb01.jcloud.ik-server.com\/cndestetik\/prodotto\/tampons-de-coton-pur-paire\/"},"modified":"2025-02-12T08:51:15","modified_gmt":"2025-02-12T07:51:15","slug":"coussinets-en-coton-pur-pour-couple","status":"publish","type":"product","link":"https:\/\/cndestetik.ch\/fr\/prodotto\/coussinets-en-coton-pur-pour-couple\/","title":{"rendered":"Coton pur"},"content":{"rendered":"<p><span data-sheets-value=\"{\"1\":2,\"2\":\"Pad mis. 6.5x6.5 cm. in puro cotone colore Crema\/Tortora\"}\" data-sheets-userformat=\"{\"2\":14785,\"3\":{\"1\":0,\"3\":1},\"9\":0,\"10\":2,\"11\":0,\"14\":{\"1\":2,\"2\":0},\"15\":\"Calibri\",\"16\":11}\">Tampon de coton pur couleur cr\u00e8me\/m\u00fbre, taille 6,5 x 6,5 cm.<\/span><\/p>\n<p>Le tampon de couleur cr\u00e8me est fabriqu\u00e9 en coton ras\u00e9 et est id\u00e9al pour d\u00e9maquiller et nettoyer le visage.<\/p>\n<p>Le coussin de couleur colombe est fabriqu\u00e9 en coton peign\u00e9. La boucle agit comme une brosse pour enlever les produits de surface tels que les peelings et les masques.<\/p>\n<p>Ils sont id\u00e9aux pour remplacer les disques jetables et pour \u00eatre combin\u00e9s avec des produits en revente. Utilisez-les comme cadeaux publicitaires ou pour des occasions sp\u00e9ciales.<\/p>\n<p>Faites un choix conscient et \u00e9cologique !<\/p>\n","protected":false},"excerpt":{"rendered":"<p><span data-sheets-value=\"{\"1\":2,\"2\":\"Pad mis. 6.5x6.5 cm. in puro cotone colore Crema\/Tortora\"}\" data-sheets-userformat=\"{\"2\":14785,\"3\":{\"1\":0,\"3\":1},\"9\":0,\"10\":2,\"11\":0,\"14\":{\"1\":2,\"2\":0},\"15\":\"Calibri\",\"16\":11}\">Un pur coton. Taille 6,5 x 6,5 cm.  <\/span><\/p>\n","protected":false},"featured_media":44730,"template":"","meta":{"_acf_changed":false},"product_brand":[],"product_cat":[3326,3329],"product_tag":[2214,1195,3834,3835,3762],"class_list":{"0":"post-44931","1":"product","2":"type-product","3":"status-publish","4":"has-post-thumbnail","6":"product_cat-16-coton","7":"product_cat-11-ecologie","8":"product_tag-pad-fr","9":"product_tag-coton","10":"product_tag-creme","11":"product_tag-disque-de-coton","12":"product_tag-tourterelle","13":"pa_pad-10-paires-de-coussinets","14":"pa_pad-paire-de-coussinets","16":"first","17":"instock","18":"sale","19":"taxable","20":"shipping-taxable","21":"purchasable","22":"product-type-variable"},"acf":[],"jetpack_sharing_enabled":true,"_links":{"self":[{"href":"https:\/\/cndestetik.ch\/fr\/wp-json\/wp\/v2\/product\/44931","targetHints":{"allow":["GET"]}}],"collection":[{"href":"https:\/\/cndestetik.ch\/fr\/wp-json\/wp\/v2\/product"}],"about":[{"href":"https:\/\/cndestetik.ch\/fr\/wp-json\/wp\/v2\/types\/product"}],"wp:featuredmedia":[{"embeddable":true,"href":"https:\/\/cndestetik.ch\/fr\/wp-json\/wp\/v2\/media\/44730"}],"wp:attachment":[{"href":"https:\/\/cndestetik.ch\/fr\/wp-json\/wp\/v2\/media?parent=44931"}],"wp:term":[{"taxonomy":"product_brand","embeddable":true,"href":"https:\/\/cndestetik.ch\/fr\/wp-json\/wp\/v2\/product_brand?post=44931"},{"taxonomy":"product_cat","embeddable":true,"href":"https:\/\/cndestetik.ch\/fr\/wp-json\/wp\/v2\/product_cat?post=44931"},{"taxonomy":"product_tag","embeddable":true,"href":"https:\/\/cndestetik.ch\/fr\/wp-json\/wp\/v2\/product_tag?post=44931"}],"curies":[{"name":"wp","href":"https:\/\/api.w.org\/{rel}","templated":true}]}}