{"id":44921,"date":"2022-06-07T11:36:19","date_gmt":"2022-06-07T09:36:19","guid":{"rendered":"https:\/\/ticinoweb01.jcloud.ik-server.com\/cndestetik\/prodotto\/toile-a-boue\/"},"modified":"2024-05-21T09:56:30","modified_gmt":"2024-05-21T07:56:30","slug":"feuille-de-boue","status":"publish","type":"product","link":"https:\/\/cndestetik.ch\/fr\/prodotto\/feuille-de-boue\/","title":{"rendered":"Toile \u00e0 boue"},"content":{"rendered":"<p><span data-sheets-value=\"{\"1\":2,\"2\":\"Il nostro telo fango \u00e8 realizzato in materiale tecnico, studiato per avvolgere la persona durante i trattamenti fango, alghe, cioccolato, \u00e8 il sostituto ideale della plastica per un maggior comfort del cliente. Lavabile ad alte temperature 60% poliestere 40 % Cotone\"}\" data-sheets-userformat=\"{\"2\":15297,\"3\":{\"1\":0},\"9\":0,\"10\":2,\"11\":0,\"12\":0,\"14\":{\"1\":2,\"2\":0},\"15\":\"Calibri\",\"16\":11}\">Notre toile \u00e0 boue est faite d&#8217;un mat\u00e9riau technique, con\u00e7u pour envelopper la personne pendant les traitements \u00e0 la boue, aux algues, au chocolat ; c&#8217;est le substitut id\u00e9al du plastique pour un plus grand confort du client. Lavable \u00e0 haute temp\u00e9rature.<\/span><\/p>\n<p>Le client se retrouvera c\u00e2lin\u00e9 dans une \u00e9treinte douce au lieu d&#8217;\u00eatre emball\u00e9 dans un plastique inconfortable et bruyant. De plus, le syst\u00e8me micro-perfor\u00e9 laisse passer l&#8217;oxyg\u00e8ne de fa\u00e7on \u00e0 ce que votre boue fonctionne au mieux : adieu la sueur qui ne laisse pas p\u00e9n\u00e9trer les actifs !<\/p>\n<p><span data-sheets-value=\"{\"1\":2,\"2\":\"Il nostro telo fango \u00e8 realizzato in materiale tecnico, studiato per avvolgere la persona durante i trattamenti fango, alghe, cioccolato, \u00e8 il sostituto ideale della plastica per un maggior comfort del cliente. Lavabile ad alte temperature 60% poliestere 40 % Cotone\"}\" data-sheets-userformat=\"{\"2\":15297,\"3\":{\"1\":0},\"9\":0,\"10\":2,\"11\":0,\"12\":0,\"14\":{\"1\":2,\"2\":0},\"15\":\"Calibri\",\"16\":11}\">60 % de polyester et 40 % de coton.<\/span><\/p>\n<p>Respectueux de l&#8217;environnement, r\u00e9duisez les d\u00e9chets et le plastique, lavez-le et r\u00e9utilisez-le jusqu&#8217;\u00e0 ce qu&#8217;il soit d\u00e9truit !<\/p>\n<p>&nbsp;<\/p>\n","protected":false},"excerpt":{"rendered":"<p>La toile de boue existe en deux tailles : petite (100 x 180 cm) et grande (205 x 225 cm).  <span data-sheets-value=\"{\"1\":2,\"2\":\"Il nostro telo fango \u00e8 realizzato in materiale tecnico, studiato per avvolgere la persona durante i trattamenti fango, alghe, cioccolato, \u00e8 il sostituto ideale della plastica per un maggior comfort del cliente. Lavabile ad alte temperature 60% poliestere 40 % Cotone\"}\" data-sheets-userformat=\"{\"2\":15297,\"3\":{\"1\":0},\"9\":0,\"10\":2,\"11\":0,\"12\":0,\"14\":{\"1\":2,\"2\":0},\"15\":\"Calibri\",\"16\":11}\">60 % de polyester et 40 % de coton.<\/span><\/p>\n","protected":false},"featured_media":44717,"template":"","meta":{"_acf_changed":false},"product_brand":[],"product_cat":[3326,3329],"product_tag":[3816,3817,3782,3818],"class_list":{"0":"post-44921","1":"product","2":"type-product","3":"status-publish","4":"has-post-thumbnail","6":"product_cat-16-coton","7":"product_cat-11-ecologie","8":"product_tag-boue-fr","9":"product_tag-feuille-de-boue","10":"product_tag-serviette-fr","11":"product_tag-traitements-corporels-fr","12":"pa_dimensione-2-grandes-feuilles","13":"pa_dimensione-2-petites-feuilles","14":"pa_dimensione-3-grandes-feuilles","15":"pa_dimensione-3-petites-feuilles","16":"pa_dimensione-3-petits-1-grand","17":"pa_dimensione-grande-taille","18":"pa_dimensione-petite-taille","20":"first","21":"instock","22":"taxable","23":"shipping-taxable","24":"purchasable","25":"product-type-variable"},"acf":[],"jetpack_sharing_enabled":true,"_links":{"self":[{"href":"https:\/\/cndestetik.ch\/fr\/wp-json\/wp\/v2\/product\/44921","targetHints":{"allow":["GET"]}}],"collection":[{"href":"https:\/\/cndestetik.ch\/fr\/wp-json\/wp\/v2\/product"}],"about":[{"href":"https:\/\/cndestetik.ch\/fr\/wp-json\/wp\/v2\/types\/product"}],"wp:featuredmedia":[{"embeddable":true,"href":"https:\/\/cndestetik.ch\/fr\/wp-json\/wp\/v2\/media\/44717"}],"wp:attachment":[{"href":"https:\/\/cndestetik.ch\/fr\/wp-json\/wp\/v2\/media?parent=44921"}],"wp:term":[{"taxonomy":"product_brand","embeddable":true,"href":"https:\/\/cndestetik.ch\/fr\/wp-json\/wp\/v2\/product_brand?post=44921"},{"taxonomy":"product_cat","embeddable":true,"href":"https:\/\/cndestetik.ch\/fr\/wp-json\/wp\/v2\/product_cat?post=44921"},{"taxonomy":"product_tag","embeddable":true,"href":"https:\/\/cndestetik.ch\/fr\/wp-json\/wp\/v2\/product_tag?post=44921"}],"curies":[{"name":"wp","href":"https:\/\/api.w.org\/{rel}","templated":true}]}}