{"id":44906,"date":"2022-06-07T12:52:45","date_gmt":"2022-06-07T10:52:45","guid":{"rendered":"https:\/\/ticinoweb01.jcloud.ik-server.com\/cndestetik\/prodotto\/serviette-en-coton-100x150\/"},"modified":"2023-11-17T09:15:31","modified_gmt":"2023-11-17T08:15:31","slug":"telo-in-cotone-100x150","status":"publish","type":"product","link":"https:\/\/cndestetik.ch\/fr\/prodotto\/telo-in-cotone-100x150\/","title":{"rendered":"Serviette en coton 100&#215;150"},"content":{"rendered":"<p><span data-sheets-value=\"{\"1\":2,\"2\":\"Cotone di alta qualit\u00e0 450 gr\/mq, il pi\u00f9 soffice ed accattivante, lavorazione a riccio singolo, ottima assorbenza e massima morbidezza\"}\" data-sheets-userformat=\"{\"2\":15297,\"3\":{\"1\":0},\"9\":0,\"10\":2,\"11\":0,\"12\":0,\"14\":{\"1\":2,\"2\":0},\"15\":\"Calibri\",\"16\":11}\">Coton de haute qualit\u00e9 de 450 g\/m\u00b2, le plus doux et le plus attrayant, proc\u00e9d\u00e9 monochrome, excellente capacit\u00e9 d&#8217;absorption et douceur maximale.<\/span><\/p>\n<p>Id\u00e9al comme couverture pour le client ou comme serviette de douche.<\/p>\n<p>Dimensions : 150 x 100 cm.<\/p>\n","protected":false},"excerpt":{"rendered":"<p>Dimensions de la feuille : 150 x 100. Pur coton. Disponible en plusieurs couleurs.<\/p>\n","protected":false},"featured_media":44644,"template":"","meta":{"_acf_changed":false},"product_brand":[],"product_cat":[3326],"product_tag":[3759,8688,11750,3834,3809,3782,951,3762],"class_list":{"0":"post-44906","1":"product","2":"type-product","3":"status-publish","4":"has-post-thumbnail","6":"product_cat-16-coton","7":"product_tag-anthracite-fr","8":"product_tag-blanc-fr-3","9":"product_tag-chocolat","10":"product_tag-creme","11":"product_tag-douche","12":"product_tag-serviette-fr","13":"product_tag-serviette-de-douche","14":"product_tag-tourterelle","15":"pa_colore-anthracite-fr","16":"pa_colore-blanc","17":"pa_colore-creme","18":"pa_colore-turtledove-fr","20":"first","21":"instock","22":"taxable","23":"shipping-taxable","24":"purchasable","25":"product-type-variable"},"acf":[],"jetpack_sharing_enabled":true,"_links":{"self":[{"href":"https:\/\/cndestetik.ch\/fr\/wp-json\/wp\/v2\/product\/44906","targetHints":{"allow":["GET"]}}],"collection":[{"href":"https:\/\/cndestetik.ch\/fr\/wp-json\/wp\/v2\/product"}],"about":[{"href":"https:\/\/cndestetik.ch\/fr\/wp-json\/wp\/v2\/types\/product"}],"wp:featuredmedia":[{"embeddable":true,"href":"https:\/\/cndestetik.ch\/fr\/wp-json\/wp\/v2\/media\/44644"}],"wp:attachment":[{"href":"https:\/\/cndestetik.ch\/fr\/wp-json\/wp\/v2\/media?parent=44906"}],"wp:term":[{"taxonomy":"product_brand","embeddable":true,"href":"https:\/\/cndestetik.ch\/fr\/wp-json\/wp\/v2\/product_brand?post=44906"},{"taxonomy":"product_cat","embeddable":true,"href":"https:\/\/cndestetik.ch\/fr\/wp-json\/wp\/v2\/product_cat?post=44906"},{"taxonomy":"product_tag","embeddable":true,"href":"https:\/\/cndestetik.ch\/fr\/wp-json\/wp\/v2\/product_tag?post=44906"}],"curies":[{"name":"wp","href":"https:\/\/api.w.org\/{rel}","templated":true}]}}