{"id":44892,"date":"2022-06-07T13:12:39","date_gmt":"2022-06-07T11:12:39","guid":{"rendered":"https:\/\/ticinoweb01.jcloud.ik-server.com\/cndestetik\/prodotto\/couverture-bien-douce\/"},"modified":"2023-11-17T08:51:27","modified_gmt":"2023-11-17T07:51:27","slug":"couverture-bien-douce","status":"publish","type":"product","link":"https:\/\/cndestetik.ch\/fr\/prodotto\/couverture-bien-douce\/","title":{"rendered":"Couverture bien douce"},"content":{"rendered":"<p><span data-sheets-value=\"{\"1\":2,\"2\":\"Calda coperta dalla massima morbidezza con trattamento antipilling, disponibile bianca o colorata.\"}\" data-sheets-userformat=\"{\"2\":15297,\"3\":{\"1\":0},\"9\":0,\"10\":2,\"11\":0,\"12\":0,\"14\":{\"1\":2,\"2\":0},\"15\":\"Calibri\",\"16\":11}\">Couverture chaude et douce avec traitement anti-boulochage, disponible en plusieurs couleurs.<\/span><\/p>\n<p>Id\u00e9al \u00e0 utiliser pour tous les traitements d&#8217;hiver, pour couvrir votre cliente et l&#8217;envelopper dans une \u00e9treinte chaleureuse.<\/p>\n<p>Son syst\u00e8me int\u00e9gr\u00e9 maintient la chaleur \u00e0 l&#8217;int\u00e9rieur, laissant une chaleur agr\u00e9able.<\/p>\n<p>Dimensions : 130 x 170<\/p>\n","protected":false},"excerpt":{"rendered":"<p>Couverture Well Soft en trois couleurs diff\u00e9rentes : chocolat, anthracite et gris tourterelle. Dimensions : 130 x 170.<\/p>\n","protected":false},"featured_media":44710,"template":"","meta":{"_acf_changed":false},"product_brand":[],"product_cat":[3326],"product_tag":[3759,3803,11750,1195,3802,3834,3762,3804],"class_list":{"0":"post-44892","1":"product","2":"type-product","3":"status-publish","4":"has-post-thumbnail","6":"product_cat-16-coton","7":"product_tag-anthracite-fr","8":"product_tag-bien-doux","9":"product_tag-chocolat","10":"product_tag-coton","11":"product_tag-couverture","12":"product_tag-creme","13":"product_tag-tourterelle","14":"product_tag-wellsoft-fr","15":"pa_colore-anthracite-fr","16":"pa_colore-creme","17":"pa_colore-turtledove-fr","19":"first","20":"instock","21":"taxable","22":"shipping-taxable","23":"purchasable","24":"product-type-variable"},"acf":[],"jetpack_sharing_enabled":true,"_links":{"self":[{"href":"https:\/\/cndestetik.ch\/fr\/wp-json\/wp\/v2\/product\/44892","targetHints":{"allow":["GET"]}}],"collection":[{"href":"https:\/\/cndestetik.ch\/fr\/wp-json\/wp\/v2\/product"}],"about":[{"href":"https:\/\/cndestetik.ch\/fr\/wp-json\/wp\/v2\/types\/product"}],"wp:featuredmedia":[{"embeddable":true,"href":"https:\/\/cndestetik.ch\/fr\/wp-json\/wp\/v2\/media\/44710"}],"wp:attachment":[{"href":"https:\/\/cndestetik.ch\/fr\/wp-json\/wp\/v2\/media?parent=44892"}],"wp:term":[{"taxonomy":"product_brand","embeddable":true,"href":"https:\/\/cndestetik.ch\/fr\/wp-json\/wp\/v2\/product_brand?post=44892"},{"taxonomy":"product_cat","embeddable":true,"href":"https:\/\/cndestetik.ch\/fr\/wp-json\/wp\/v2\/product_cat?post=44892"},{"taxonomy":"product_tag","embeddable":true,"href":"https:\/\/cndestetik.ch\/fr\/wp-json\/wp\/v2\/product_tag?post=44892"}],"curies":[{"name":"wp","href":"https:\/\/api.w.org\/{rel}","templated":true}]}}