{"id":44843,"date":"2022-06-07T13:50:25","date_gmt":"2022-06-07T11:50:25","guid":{"rendered":"https:\/\/ticinoweb01.jcloud.ik-server.com\/cndestetik\/prodotto\/serviette-en-coton-50x100\/"},"modified":"2023-11-17T08:44:24","modified_gmt":"2023-11-17T07:44:24","slug":"telo-in-cotone-50x100","status":"publish","type":"product","link":"https:\/\/cndestetik.ch\/fr\/prodotto\/telo-in-cotone-50x100\/","title":{"rendered":"Serviette en coton 50&#215;100"},"content":{"rendered":"<p><span data-sheets-value=\"{\"1\":2,\"2\":\"Cotone di alta qualit\u00e0 450 gr\/mq, il pi\u00f9 soffice ed accattivante, lavorazione a riccio singolo, ottima assorbenza e massima morbidezza\"}\" data-sheets-userformat=\"{\"2\":6659,\"3\":{\"1\":0},\"4\":{\"1\":2,\"2\":16777215},\"12\":0,\"14\":{\"1\":2,\"2\":0},\"15\":\"Calibri\"}\">Coton de haute qualit\u00e9 de 450 g\/m\u00b2, le plus doux et le plus attrayant, traitement \u00e0 boucles simples, excellente capacit\u00e9 d&#8217;absorption et douceur maximale.<\/span><\/p>\n<p>Id\u00e9al \u00e0 utiliser pour les soins du visage ou les p\u00e9dicures.<\/p>\n<p>Dimensions : 50 x 100<\/p>\n","protected":false},"excerpt":{"rendered":"<p>Serviette en pur coton, 50 x 100 cm. Id\u00e9al pour les soins du visage ou les p\u00e9dicures.<\/p>\n","protected":false},"featured_media":44644,"template":"","meta":{"_acf_changed":false},"product_brand":[],"product_cat":[3326],"product_tag":[3759,1195,3797,3782,3762,765],"class_list":{"0":"post-44843","1":"product","2":"type-product","3":"status-publish","4":"has-post-thumbnail","6":"product_cat-16-coton","7":"product_tag-anthracite-fr","8":"product_tag-coton","9":"product_tag-gant-de-toilette","10":"product_tag-serviette-fr","11":"product_tag-tourterelle","12":"product_tag-visage","13":"pa_colore-anthracite-fr","14":"pa_colore-blanc","15":"pa_colore-creme","16":"pa_colore-turtledove-fr","18":"first","19":"instock","20":"taxable","21":"shipping-taxable","22":"purchasable","23":"product-type-variable"},"acf":[],"jetpack_sharing_enabled":true,"_links":{"self":[{"href":"https:\/\/cndestetik.ch\/fr\/wp-json\/wp\/v2\/product\/44843","targetHints":{"allow":["GET"]}}],"collection":[{"href":"https:\/\/cndestetik.ch\/fr\/wp-json\/wp\/v2\/product"}],"about":[{"href":"https:\/\/cndestetik.ch\/fr\/wp-json\/wp\/v2\/types\/product"}],"wp:featuredmedia":[{"embeddable":true,"href":"https:\/\/cndestetik.ch\/fr\/wp-json\/wp\/v2\/media\/44644"}],"wp:attachment":[{"href":"https:\/\/cndestetik.ch\/fr\/wp-json\/wp\/v2\/media?parent=44843"}],"wp:term":[{"taxonomy":"product_brand","embeddable":true,"href":"https:\/\/cndestetik.ch\/fr\/wp-json\/wp\/v2\/product_brand?post=44843"},{"taxonomy":"product_cat","embeddable":true,"href":"https:\/\/cndestetik.ch\/fr\/wp-json\/wp\/v2\/product_cat?post=44843"},{"taxonomy":"product_tag","embeddable":true,"href":"https:\/\/cndestetik.ch\/fr\/wp-json\/wp\/v2\/product_tag?post=44843"}],"curies":[{"name":"wp","href":"https:\/\/api.w.org\/{rel}","templated":true}]}}