{"id":44825,"date":"2022-06-07T13:55:40","date_gmt":"2022-06-07T11:55:40","guid":{"rendered":"https:\/\/ticinoweb01.jcloud.ik-server.com\/cndestetik\/prodotto\/drap-de-lit-en-coton-100x220\/"},"modified":"2023-08-02T10:29:31","modified_gmt":"2023-08-02T08:29:31","slug":"telo-lettino-in-cotone-100x220","status":"publish","type":"product","link":"https:\/\/cndestetik.ch\/fr\/prodotto\/telo-lettino-in-cotone-100x220\/","title":{"rendered":"Drap de lit en coton 100&#215;220"},"content":{"rendered":"<p><span data-sheets-value=\"{\"1\":2,\"2\":\"Cotone di alta qualit\u00e0 450 gr\/mq, il pi\u00f9 soffice ed accattivante, lavorazione a riccio singolo, ottima assorbenza e massima morbidezza\"}\" data-sheets-userformat=\"{\"2\":6659,\"3\":{\"1\":0},\"4\":{\"1\":2,\"2\":16777215},\"12\":0,\"14\":{\"1\":2,\"2\":0},\"15\":\"Calibri\"}\">Coton de haute qualit\u00e9 de 450 g\/m\u00b2, le plus doux et le plus attrayant, traitement \u00e0 boucles simples, excellente capacit\u00e9 d&#8217;absorption et douceur maximale.<\/span><\/p>\n<p>Il couvre l&#8217;ensemble du lit. Utile pour couvrir les lits surdimensionn\u00e9s (lorsqu&#8217;il n&#8217;est pas possible d&#8217;utiliser la housse de lit avec \u00e9lastique) ou pour \u00eatre utilis\u00e9 pour couvrir enti\u00e8rement le client.<\/p>\n<p>Dimensions : 100 x 220<\/p>\n","protected":false},"excerpt":{"rendered":"<p>Drap de lit 100 x 220. 100% pur coton.<\/p>\n","protected":false},"featured_media":44644,"template":"","meta":{"_acf_changed":false},"product_brand":[],"product_cat":[3326],"product_tag":[3759,1154,1195,3782,3762],"class_list":{"0":"post-44825","1":"product","2":"type-product","3":"status-publish","4":"has-post-thumbnail","6":"product_cat-16-coton","7":"product_tag-anthracite-fr","8":"product_tag-chaise-longue","9":"product_tag-coton","10":"product_tag-serviette-fr","11":"product_tag-tourterelle","12":"pa_colore-anthracite-fr","13":"pa_colore-blanc","14":"pa_colore-creme","15":"pa_colore-turtledove-fr","17":"first","18":"instock","19":"taxable","20":"shipping-taxable","21":"purchasable","22":"product-type-variable"},"acf":[],"jetpack_sharing_enabled":true,"_links":{"self":[{"href":"https:\/\/cndestetik.ch\/fr\/wp-json\/wp\/v2\/product\/44825","targetHints":{"allow":["GET"]}}],"collection":[{"href":"https:\/\/cndestetik.ch\/fr\/wp-json\/wp\/v2\/product"}],"about":[{"href":"https:\/\/cndestetik.ch\/fr\/wp-json\/wp\/v2\/types\/product"}],"wp:featuredmedia":[{"embeddable":true,"href":"https:\/\/cndestetik.ch\/fr\/wp-json\/wp\/v2\/media\/44644"}],"wp:attachment":[{"href":"https:\/\/cndestetik.ch\/fr\/wp-json\/wp\/v2\/media?parent=44825"}],"wp:term":[{"taxonomy":"product_brand","embeddable":true,"href":"https:\/\/cndestetik.ch\/fr\/wp-json\/wp\/v2\/product_brand?post=44825"},{"taxonomy":"product_cat","embeddable":true,"href":"https:\/\/cndestetik.ch\/fr\/wp-json\/wp\/v2\/product_cat?post=44825"},{"taxonomy":"product_tag","embeddable":true,"href":"https:\/\/cndestetik.ch\/fr\/wp-json\/wp\/v2\/product_tag?post=44825"}],"curies":[{"name":"wp","href":"https:\/\/api.w.org\/{rel}","templated":true}]}}