{"id":44656,"date":"2022-06-07T14:21:48","date_gmt":"2022-06-07T12:21:48","guid":{"rendered":"https:\/\/ticinoweb01.jcloud.ik-server.com\/cndestetik\/prodotto\/gant-de-toilette-en-coton-30x30\/"},"modified":"2023-11-16T09:40:40","modified_gmt":"2023-11-16T08:40:40","slug":"lavetta-in-cotone-30x30","status":"publish","type":"product","link":"https:\/\/cndestetik.ch\/fr\/prodotto\/lavetta-in-cotone-30x30\/","title":{"rendered":"Gant de toilette en coton 30&#215;30"},"content":{"rendered":"<p><span data-sheets-value=\"{\"1\":2,\"2\":\"La lavetta per trattamenti mani e piedi, riscaldata per impacchi, pulizia viso e trattamenti esfolianti. Omaggio dal costo contenuto molto utile nella borsetta o nal lavabo a disposizione degli ospiti.\"}\" data-sheets-userformat=\"{\"2\":15297,\"3\":{\"1\":0},\"9\":0,\"10\":2,\"11\":0,\"12\":0,\"14\":{\"1\":2,\"2\":0},\"15\":\"Calibri\",\"16\":11}\">Le lavage des mains et des pieds, chauff\u00e9 pour les enveloppements, le nettoyage du visage et les traitements exfoliants.  <\/span><\/p>\n<p><span data-sheets-value=\"{\"1\":2,\"2\":\"La lavetta per trattamenti mani e piedi, riscaldata per impacchi, pulizia viso e trattamenti esfolianti. Omaggio dal costo contenuto molto utile nella borsetta o nal lavabo a disposizione degli ospiti.\"}\" data-sheets-userformat=\"{\"2\":15297,\"3\":{\"1\":0},\"9\":0,\"10\":2,\"11\":0,\"12\":0,\"14\":{\"1\":2,\"2\":0},\"15\":\"Calibri\",\"16\":11}\">Id\u00e9al comme cadeau peu co\u00fbteux, tr\u00e8s utile dans un sac \u00e0 main, pour les enfants ou dans le lavabo pour les invit\u00e9s.<\/span><\/p>\n<p>Disponible en anthracite, cr\u00e8me, chocolat, gris tourterelle et blanc.<\/p>\n<p>Dimensions : 30 x 30<\/p>\n<p>100% pur coton. 450gr\/m2, de haute qualit\u00e9.<\/p>\n<p>Les instructions de lavage sont indiqu\u00e9es sur l&#8217;\u00e9tiquette.<\/p>\n","protected":false},"excerpt":{"rendered":"<p>Lavabo disponible en diff\u00e9rentes couleurs : chocolat, anthracite, gris tourterelle, cr\u00e8me et blanc.<\/p>\n<p>Dimensions 30 x 30 cm. 100% pur coton. 450gr\/m2, de haute qualit\u00e9.<\/p>\n","protected":false},"featured_media":44644,"template":"","meta":{"_acf_changed":false},"product_brand":[],"product_cat":[3326],"product_tag":[3759,1195,3760,3761,3762],"class_list":{"0":"post-44656","1":"product","2":"type-product","3":"status-publish","4":"has-post-thumbnail","6":"product_cat-16-coton","7":"product_tag-anthracite-fr","8":"product_tag-coton","9":"product_tag-laver","10":"product_tag-lilas","11":"product_tag-tourterelle","12":"pa_colore-anthracite-fr","13":"pa_colore-blanc","14":"pa_colore-creme","15":"pa_colore-turtledove-fr","17":"first","18":"instock","19":"taxable","20":"shipping-taxable","21":"purchasable","22":"product-type-variable"},"acf":[],"jetpack_sharing_enabled":true,"_links":{"self":[{"href":"https:\/\/cndestetik.ch\/fr\/wp-json\/wp\/v2\/product\/44656","targetHints":{"allow":["GET"]}}],"collection":[{"href":"https:\/\/cndestetik.ch\/fr\/wp-json\/wp\/v2\/product"}],"about":[{"href":"https:\/\/cndestetik.ch\/fr\/wp-json\/wp\/v2\/types\/product"}],"wp:featuredmedia":[{"embeddable":true,"href":"https:\/\/cndestetik.ch\/fr\/wp-json\/wp\/v2\/media\/44644"}],"wp:attachment":[{"href":"https:\/\/cndestetik.ch\/fr\/wp-json\/wp\/v2\/media?parent=44656"}],"wp:term":[{"taxonomy":"product_brand","embeddable":true,"href":"https:\/\/cndestetik.ch\/fr\/wp-json\/wp\/v2\/product_brand?post=44656"},{"taxonomy":"product_cat","embeddable":true,"href":"https:\/\/cndestetik.ch\/fr\/wp-json\/wp\/v2\/product_cat?post=44656"},{"taxonomy":"product_tag","embeddable":true,"href":"https:\/\/cndestetik.ch\/fr\/wp-json\/wp\/v2\/product_tag?post=44656"}],"curies":[{"name":"wp","href":"https:\/\/api.w.org\/{rel}","templated":true}]}}