{"id":44634,"date":"2022-06-06T13:55:00","date_gmt":"2022-06-06T11:55:00","guid":{"rendered":"https:\/\/ticinoweb01.jcloud.ik-server.com\/cndestetik\/prodotto\/traitement-facial-pour-les-peaux-matures-revitalisation\/"},"modified":"2022-11-15T16:01:38","modified_gmt":"2022-11-15T15:01:38","slug":"soin-visage-nourrissant-revitalisant-de-la-peau","status":"publish","type":"product","link":"https:\/\/cndestetik.ch\/fr\/prodotto\/soin-visage-nourrissant-revitalisant-de-la-peau\/","title":{"rendered":"TRAITEMENT FACIAL POUR LES PEAUX MATURES : REVITALISATION"},"content":{"rendered":"<p>Hydratation intense gr\u00e2ce \u00e0 l&#8217;acide hyaluronique et r\u00e9g\u00e9n\u00e9ration des tissus gr\u00e2ce \u00e0 des extraits de plantes sp\u00e9cifiques. Il nourrit en profondeur avec des huiles pr\u00e9cieuses et riches en vitamines. Il r\u00e9oxyg\u00e8ne et r\u00e9g\u00e9n\u00e8re les tissus en stimulant la microcirculation. Il a une action rajeunissante marqu\u00e9e sur la peau, la gardant \u00e9lastique et velout\u00e9e. Il redonne fra\u00eecheur et \u00e9clat au visage.<\/p>\n<p>Le kit comprend :<\/p>\n<ul>\n<li>Lait d\u00e9maquillant \u00e0 l&#8217;acide hyaluronique et au calendula 500ml<\/li>\n<li>Gommage exfoliant \u00e0 l&#8217;acide hyaluronique et \u00e0 la myrtille 500ml<\/li>\n<li>Peeling \u00e9claircissant enzymatique visage-corps (acide mand\u00e9lique 5%) 500ml<\/li>\n<li>Eau tonique anti-rides \u00e0 l&#8217;acide hyaluronique 100ml<\/li>\n<li>S\u00e9rum pour le contour des yeux et des l\u00e8vres \u00e0 l&#8217;acide hyaluronique et \u00e0 l&#8217;\u00e9chinac\u00e9e<\/li>\n<li>Cr\u00e8me contour des yeux \u00e0 l&#8217;acide hyaluronique et au Ginseng<\/li>\n<li>Beurre \u00e0 l\u00e8vres \u00e0 l&#8217;acide hyaluronique<\/li>\n<li>Masque dermopurifiant au beurre de karit\u00e9<\/li>\n<li>Extraits hydro-glyc\u00e9riques de pr\u00eale et d&#8217;hamam\u00e9lis.<\/li>\n<li>Huiles essentielles : Palmarosa, Citron, Ylang Ylang<\/li>\n<li>Huile d&#8217;argan<\/li>\n<li>Pommade spagyrique cicatrisante<\/li>\n<li>Ol\u00e9olites spagyriques : Calendula, Rose musqu\u00e9e<\/li>\n<li>Cr\u00e8me hydratante intensive \u00e0 l&#8217;acide hyaluronique et au calendula<\/li>\n<li>Fiche de traitement et suggestions pour la revente<\/li>\n<\/ul>\n<p>&nbsp;<\/p>\n<p>&nbsp;<\/p>\n","protected":false},"excerpt":{"rendered":"<p>Soin revitalisant et anti-\u00e2ge du visage et du d\u00e9collet\u00e9 : r\u00e9-oxyg\u00e8ne, r\u00e9g\u00e9n\u00e8re les tissus, apporte fra\u00eecheur et \u00e9clat.<\/p>\n","protected":false},"featured_media":40538,"template":"","meta":{"_acf_changed":false},"product_brand":[],"product_cat":[15],"product_tag":[3711,3748,3688,765],"class_list":{"0":"post-44634","1":"product","2":"type-product","3":"status-publish","4":"has-post-thumbnail","6":"product_cat-07-cosmetica","7":"product_tag-anti-age-fr","8":"product_tag-revitalisant","9":"product_tag-trattamentiviso-fr","10":"product_tag-visage","12":"first","13":"instock","14":"taxable","15":"shipping-taxable","16":"purchasable","17":"product-type-simple"},"acf":[],"jetpack_sharing_enabled":true,"_links":{"self":[{"href":"https:\/\/cndestetik.ch\/fr\/wp-json\/wp\/v2\/product\/44634","targetHints":{"allow":["GET"]}}],"collection":[{"href":"https:\/\/cndestetik.ch\/fr\/wp-json\/wp\/v2\/product"}],"about":[{"href":"https:\/\/cndestetik.ch\/fr\/wp-json\/wp\/v2\/types\/product"}],"wp:featuredmedia":[{"embeddable":true,"href":"https:\/\/cndestetik.ch\/fr\/wp-json\/wp\/v2\/media\/40538"}],"wp:attachment":[{"href":"https:\/\/cndestetik.ch\/fr\/wp-json\/wp\/v2\/media?parent=44634"}],"wp:term":[{"taxonomy":"product_brand","embeddable":true,"href":"https:\/\/cndestetik.ch\/fr\/wp-json\/wp\/v2\/product_brand?post=44634"},{"taxonomy":"product_cat","embeddable":true,"href":"https:\/\/cndestetik.ch\/fr\/wp-json\/wp\/v2\/product_cat?post=44634"},{"taxonomy":"product_tag","embeddable":true,"href":"https:\/\/cndestetik.ch\/fr\/wp-json\/wp\/v2\/product_tag?post=44634"}],"curies":[{"name":"wp","href":"https:\/\/api.w.org\/{rel}","templated":true}]}}