{"id":44625,"date":"2022-06-06T14:31:30","date_gmt":"2022-06-06T12:31:30","guid":{"rendered":"https:\/\/ticinoweb01.jcloud.ik-server.com\/cndestetik\/prodotto\/soin-du-visage-a-la-couperose\/"},"modified":"2023-02-09T09:30:20","modified_gmt":"2023-02-09T08:30:20","slug":"traitement-du-visage-couperose","status":"publish","type":"product","link":"https:\/\/cndestetik.ch\/fr\/prodotto\/traitement-du-visage-couperose\/","title":{"rendered":"SOIN DU VISAGE \u00c0 LA COUPEROSE"},"content":{"rendered":"<p>Ce traitement am\u00e9liore l&#8217;\u00e9tat de la microcirculation, pr\u00e9vient les ruptures de capillaires et \u00e9claircit les zones rougies. Il \u00e9lasticise la peau sans l&#8217;alourdir et l&#8217;hydrate en profondeur. Il rafra\u00eechit et contracte les petits vaisseaux sanguins du visage.<\/p>\n<p>Le kit comprend :<\/p>\n<ul>\n<li>Lait d\u00e9maquillant \u00e0 l&#8217;acide hyaluronique et au calendula 500ml<\/li>\n<li>Gommage exfoliant \u00e0 l&#8217;acide hyaluronique et \u00e0 la myrtille 500ml<\/li>\n<li>Hydrolat de mauve<\/li>\n<li>S\u00e9rum pour le contour des yeux et des l\u00e8vres \u00e0 l&#8217;acide hyaluronique et \u00e0 l&#8217;\u00e9chinac\u00e9e<\/li>\n<li>Beurre \u00e0 l\u00e8vres \u00e0 l&#8217;acide hyaluronique<\/li>\n<li>Gel d&#8217;alo\u00e8s 100 ml<\/li>\n<li>Eau hydratante apaisante \u00e0 l&#8217;acide hyaluronique 100ml<\/li>\n<li>Extraits hydroglyc\u00e9riques de myrtille et d&#8217;hamam\u00e9lis<\/li>\n<li>Ol\u00e9olites spagyriques : Millefeuille<\/li>\n<li>Masque dermopurifiant au beurre de karit\u00e9<\/li>\n<li>Huiles essentielles : cypr\u00e8s, g\u00e9ranium<\/li>\n<li>S\u00e9rum \u00e0 l&#8217;acide hyaluronique et aux vitamines de la myrtille<\/li>\n<li>Cr\u00e8me contour des yeux \u00e0 l&#8217;acide hyaluronique et au Ginseng<\/li>\n<li>Pommade spagyrique Couperose<\/li>\n<li>Fiche de traitement et suggestions pour la revente<\/li>\n<\/ul>\n<p>&nbsp;<\/p>\n<p>&nbsp;<\/p>\n","protected":false},"excerpt":{"rendered":"<p>Ce traitement am\u00e9liore l&#8217;\u00e9tat de la microcirculation, pr\u00e9vient les ruptures de capillaires et \u00e9claircit les zones rougies.<\/p>\n","protected":false},"featured_media":40559,"template":"","meta":{"_acf_changed":false},"product_brand":[],"product_cat":[15],"product_tag":[3711,3718,3688,765],"class_list":{"0":"post-44625","1":"product","2":"type-product","3":"status-publish","4":"has-post-thumbnail","6":"product_cat-07-cosmetica","7":"product_tag-anti-age-fr","8":"product_tag-couperose-fr","9":"product_tag-trattamentiviso-fr","10":"product_tag-visage","12":"first","13":"instock","14":"taxable","15":"shipping-taxable","16":"purchasable","17":"product-type-simple"},"acf":[],"jetpack_sharing_enabled":true,"_links":{"self":[{"href":"https:\/\/cndestetik.ch\/fr\/wp-json\/wp\/v2\/product\/44625","targetHints":{"allow":["GET"]}}],"collection":[{"href":"https:\/\/cndestetik.ch\/fr\/wp-json\/wp\/v2\/product"}],"about":[{"href":"https:\/\/cndestetik.ch\/fr\/wp-json\/wp\/v2\/types\/product"}],"wp:featuredmedia":[{"embeddable":true,"href":"https:\/\/cndestetik.ch\/fr\/wp-json\/wp\/v2\/media\/40559"}],"wp:attachment":[{"href":"https:\/\/cndestetik.ch\/fr\/wp-json\/wp\/v2\/media?parent=44625"}],"wp:term":[{"taxonomy":"product_brand","embeddable":true,"href":"https:\/\/cndestetik.ch\/fr\/wp-json\/wp\/v2\/product_brand?post=44625"},{"taxonomy":"product_cat","embeddable":true,"href":"https:\/\/cndestetik.ch\/fr\/wp-json\/wp\/v2\/product_cat?post=44625"},{"taxonomy":"product_tag","embeddable":true,"href":"https:\/\/cndestetik.ch\/fr\/wp-json\/wp\/v2\/product_tag?post=44625"}],"curies":[{"name":"wp","href":"https:\/\/api.w.org\/{rel}","templated":true}]}}