{"id":44622,"date":"2022-06-06T15:02:42","date_gmt":"2022-06-06T13:02:42","guid":{"rendered":"https:\/\/ticinoweb01.jcloud.ik-server.com\/cndestetik\/prodotto\/traitement-soin-du-visage-peau-delicate\/"},"modified":"2022-11-15T16:00:26","modified_gmt":"2022-11-15T15:00:26","slug":"traitement-vis-a-vis-apaisement-peau-douce","status":"publish","type":"product","link":"https:\/\/cndestetik.ch\/fr\/prodotto\/traitement-vis-a-vis-apaisement-peau-douce\/","title":{"rendered":"TRAITEMENT SOIN DU VISAGE Peau d\u00e9licate"},"content":{"rendered":"<p>Ce traitement a une action apaisante, d\u00e9congestionnante et anti-rougeurs marqu\u00e9e. Il nourrit et hydrate la peau sans l&#8217;alourdir. L&#8217;utilisation limit\u00e9e et sp\u00e9cifique d&#8217;huiles essentielles permet de convenir aux peaux plus sensibles.<\/p>\n<p>Le kit comprend :<\/p>\n<ul>\n<li>Lait d\u00e9maquillant \u00e0 l&#8217;acide hyaluronique et au calendula 500ml<\/li>\n<li>Gommage exfoliant \u00e0 l&#8217;acide hyaluronique et \u00e0 la myrtille 500ml<\/li>\n<li>Hydrolat de mauve<\/li>\n<li>Eau hydratante apaisante \u00e0 l&#8217;acide hyaluronique 100ml<\/li>\n<li>Cr\u00e8me contour des yeux \u00e0 l&#8217;acide hyaluronique et au Ginseng<\/li>\n<li>Beurre \u00e0 l\u00e8vres \u00e0 l&#8217;acide hyaluronique<\/li>\n<li>Masque dermopurifiant au beurre de karit\u00e9<\/li>\n<li>Extraits hydroglyc\u00e9riques de myrtille<\/li>\n<li>Gel d&#8217;alo\u00e8s 100 ml<\/li>\n<li>Huile de noyau d&#8217;abricot<\/li>\n<li>Ol\u00e9olites spagyriques : Millefeuille<\/li>\n<li>Huiles essentielles : Lavande, G\u00e9ranium<\/li>\n<li>Cr\u00e8me hydratante pour le visage \u00e0 la mauve<\/li>\n<li>Fiche de traitement et suggestions pour la revente<\/li>\n<\/ul>\n<p>&nbsp;<\/p>\n<p>&nbsp;<\/p>\n","protected":false},"excerpt":{"rendered":"<p>Ce traitement a une action apaisante, d\u00e9congestionnante et anti-rougeurs marqu\u00e9e. Il nourrit et hydrate la peau sans l&#8217;alourdir.<\/p>\n","protected":false},"featured_media":40571,"template":"","meta":{"_acf_changed":false},"product_brand":[],"product_cat":[15],"product_tag":[3711,3712,3688,765,3713],"class_list":{"0":"post-44622","1":"product","2":"type-product","3":"status-publish","4":"has-post-thumbnail","6":"product_cat-07-cosmetica","7":"product_tag-anti-age-fr","8":"product_tag-peau-delicate","9":"product_tag-trattamentiviso-fr","10":"product_tag-visage","11":"product_tag-visage-apaisant","13":"first","14":"instock","15":"taxable","16":"shipping-taxable","17":"purchasable","18":"product-type-simple"},"acf":[],"jetpack_sharing_enabled":true,"_links":{"self":[{"href":"https:\/\/cndestetik.ch\/fr\/wp-json\/wp\/v2\/product\/44622","targetHints":{"allow":["GET"]}}],"collection":[{"href":"https:\/\/cndestetik.ch\/fr\/wp-json\/wp\/v2\/product"}],"about":[{"href":"https:\/\/cndestetik.ch\/fr\/wp-json\/wp\/v2\/types\/product"}],"wp:featuredmedia":[{"embeddable":true,"href":"https:\/\/cndestetik.ch\/fr\/wp-json\/wp\/v2\/media\/40571"}],"wp:attachment":[{"href":"https:\/\/cndestetik.ch\/fr\/wp-json\/wp\/v2\/media?parent=44622"}],"wp:term":[{"taxonomy":"product_brand","embeddable":true,"href":"https:\/\/cndestetik.ch\/fr\/wp-json\/wp\/v2\/product_brand?post=44622"},{"taxonomy":"product_cat","embeddable":true,"href":"https:\/\/cndestetik.ch\/fr\/wp-json\/wp\/v2\/product_cat?post=44622"},{"taxonomy":"product_tag","embeddable":true,"href":"https:\/\/cndestetik.ch\/fr\/wp-json\/wp\/v2\/product_tag?post=44622"}],"curies":[{"name":"wp","href":"https:\/\/api.w.org\/{rel}","templated":true}]}}