{"id":44619,"date":"2022-06-06T15:20:22","date_gmt":"2022-06-06T13:20:22","guid":{"rendered":"https:\/\/ticinoweb01.jcloud.ik-server.com\/cndestetik\/prodotto\/traitement-oxygenique-du-visage-peau-terne\/"},"modified":"2023-02-09T13:26:57","modified_gmt":"2023-02-09T12:26:57","slug":"traitement-facial-oxygenant-teint-terne","status":"publish","type":"product","link":"https:\/\/cndestetik.ch\/fr\/prodotto\/traitement-facial-oxygenant-teint-terne\/","title":{"rendered":"TRAITEMENT OXYG\u00c9NIQUE DU VISAGE Peau terne"},"content":{"rendered":"<p>Ce traitement a une action purifiante marqu\u00e9e sur le tissu cutan\u00e9. Particuli\u00e8rement adapt\u00e9 aux peaux atones, grisonnantes et asphyxi\u00e9es. R\u00e9-oxyg\u00e8ne, revitalise et \u00e9quilibre les fonctions de l&#8217;\u00e9piderme tout en minimisant les pores dilat\u00e9s. Donne de la fra\u00eecheur et de l&#8217;\u00e9clat au visage. Tr\u00e8s utile pour ceux dont la peau souffre de l&#8217;utilisation prolong\u00e9e d&#8217;un masque.<\/p>\n<p>Le kit comprend :<\/p>\n<ul>\n<li>Lait d\u00e9maquillant \u00e0 l&#8217;acide hyaluronique et au calendula 500ml<\/li>\n<li>Gommage exfoliant \u00e0 l&#8217;acide hyaluronique et \u00e0 la myrtille 500ml<\/li>\n<li>Hydrolat de sauge<\/li>\n<li>Eau hydratante apaisante \u00e0 l&#8217;acide hyaluronique 100ml<\/li>\n<li>Masque oxyg\u00e9nant \u00e0 la bardane, \u00e0 la propolis et \u00e0 l&#8217;acide salicylique<\/li>\n<li>Extraits hydroglyc\u00e9riques de myrtille et de bardane<\/li>\n<li>Ol\u00e9olites spagyriques : Thym rouge, Bouleau<\/li>\n<li>Huiles essentielles : pamplemousse, bois de c\u00e8dre<\/li>\n<li>Cr\u00e8me pour le visage \u00e0 la vitamine et \u00e0 la mauve<\/li>\n<li>Fiche de traitement et suggestions pour la revente<\/li>\n<\/ul>\n<p>&nbsp;<\/p>\n<p>&nbsp;<\/p>\n","protected":false},"excerpt":{"rendered":"<p>Traitement purifiant des tissus de la peau. Pour les peaux atones, grisonnantes et asphyxi\u00e9es. R\u00e9-oxyg\u00e8ne, revitalise et \u00e9quilibre, minimise les pores dilat\u00e9s.<\/p>\n","protected":false},"featured_media":40576,"template":"","meta":{"_acf_changed":false},"product_brand":[],"product_cat":[15],"product_tag":[3700,3701,3702,3703,3688,765],"class_list":{"0":"post-44619","1":"product","2":"type-product","3":"status-publish","4":"has-post-thumbnail","6":"product_cat-07-cosmetica","7":"product_tag-asphyxie","8":"product_tag-masque","9":"product_tag-peaux-atones","10":"product_tag-traitement-oxygenant-du-visage","11":"product_tag-trattamentiviso-fr","12":"product_tag-visage","14":"first","15":"instock","16":"taxable","17":"shipping-taxable","18":"purchasable","19":"product-type-simple"},"acf":[],"jetpack_sharing_enabled":true,"_links":{"self":[{"href":"https:\/\/cndestetik.ch\/fr\/wp-json\/wp\/v2\/product\/44619","targetHints":{"allow":["GET"]}}],"collection":[{"href":"https:\/\/cndestetik.ch\/fr\/wp-json\/wp\/v2\/product"}],"about":[{"href":"https:\/\/cndestetik.ch\/fr\/wp-json\/wp\/v2\/types\/product"}],"wp:featuredmedia":[{"embeddable":true,"href":"https:\/\/cndestetik.ch\/fr\/wp-json\/wp\/v2\/media\/40576"}],"wp:attachment":[{"href":"https:\/\/cndestetik.ch\/fr\/wp-json\/wp\/v2\/media?parent=44619"}],"wp:term":[{"taxonomy":"product_brand","embeddable":true,"href":"https:\/\/cndestetik.ch\/fr\/wp-json\/wp\/v2\/product_brand?post=44619"},{"taxonomy":"product_cat","embeddable":true,"href":"https:\/\/cndestetik.ch\/fr\/wp-json\/wp\/v2\/product_cat?post=44619"},{"taxonomy":"product_tag","embeddable":true,"href":"https:\/\/cndestetik.ch\/fr\/wp-json\/wp\/v2\/product_tag?post=44619"}],"curies":[{"name":"wp","href":"https:\/\/api.w.org\/{rel}","templated":true}]}}