{"id":44616,"date":"2022-06-06T15:29:39","date_gmt":"2022-06-06T13:29:39","guid":{"rendered":"https:\/\/ticinoweb01.jcloud.ik-server.com\/cndestetik\/prodotto\/traitement-purifiant-du-visage-peau-grasse-et-points-noirs\/"},"modified":"2022-11-15T16:00:25","modified_gmt":"2022-11-15T15:00:25","slug":"traitement-facial-purifiant-gras-de-la-peau-et-des-taches-noires","status":"publish","type":"product","link":"https:\/\/cndestetik.ch\/fr\/prodotto\/traitement-facial-purifiant-gras-de-la-peau-et-des-taches-noires\/","title":{"rendered":"TRAITEMENT PURIFIANT DU VISAGE Peau grasse et points noirs"},"content":{"rendered":"<p>Ce traitement nettoie la peau en profondeur, d\u00e9tache le s\u00e9bum et facilite l&#8217;essorage. Il a une action antioxydante et antibact\u00e9rienne marqu\u00e9e, pr\u00e9venant les impuret\u00e9s et les imperfections de la peau. Donne de la fra\u00eecheur et de l&#8217;\u00e9clat au visage.<\/p>\n<p>Le kit comprend :<\/p>\n<ul>\n<li>Lait d\u00e9maquillant \u00e0 l&#8217;acide hyaluronique et au calendula 500ml<\/li>\n<li>Gommage exfoliant \u00e0 l&#8217;acide hyaluronique et \u00e0 la myrtille 500ml<\/li>\n<li>Peeling \u00e9claircissant enzymatique visage-corps (acide mand\u00e9lique 5%) 500ml<\/li>\n<li>Hydrolat de sauge, thym, mauve<\/li>\n<li>Huile de jojoba<\/li>\n<li>Huiles essentielles : Citron, Lavande<\/li>\n<li>Spray argent\u00e9<\/li>\n<li>Masque purifiant \u00e0 l&#8217;argile verte et \u00e0 la lavande<\/li>\n<li>Extraits hydroglyc\u00e9riques de myrtille, de bardane et d&#8217;hamam\u00e9lis<\/li>\n<li>Ol\u00e9olites spagyriques : Thym rouge, H\u00e9lichryse, Peau grasse<\/li>\n<li>Cr\u00e8me pour le contour des yeux \u00e0 l&#8217;acide hyaluronique et au ginseng<\/li>\n<li>Beurre \u00e0 l\u00e8vres \u00e0 l&#8217;acide hyaluronique<\/li>\n<li>S\u00e9rum d&#8217;hydratation intense \u00e0 l&#8217;acide hyaluronique et au calendula<\/li>\n<li>Cr\u00e8me pour peaux grasses \u00e0 la bardane<\/li>\n<li>Fiche de traitement et suggestions pour la revente<\/li>\n<\/ul>\n<p>&nbsp;<\/p>\n<p>&nbsp;<\/p>\n","protected":false},"excerpt":{"rendered":"<p>Il nettoie la peau en profondeur, dissout le s\u00e9bum et facilite l&#8217;essorage. Il a une action antioxydante et antibact\u00e9rienne marqu\u00e9e, pr\u00e9venant les impuret\u00e9s et les imperfections de la peau.<\/p>\n","protected":false},"featured_media":40581,"template":"","meta":{"_acf_changed":false},"product_brand":[],"product_cat":[15],"product_tag":[3685,3694,3563,3686,3687,3688,765],"class_list":{"0":"post-44616","1":"product","2":"type-product","3":"status-publish","4":"has-post-thumbnail","6":"product_cat-07-cosmetica","7":"product_tag-antioxydant","8":"product_tag-en-appuyant-sur","9":"product_tag-impuretes","10":"product_tag-nettoyage-du-visage","11":"product_tag-nettoyage-profond-du-visage","12":"product_tag-trattamentiviso-fr","13":"product_tag-visage","15":"first","16":"instock","17":"taxable","18":"shipping-taxable","19":"purchasable","20":"product-type-simple"},"acf":[],"jetpack_sharing_enabled":true,"_links":{"self":[{"href":"https:\/\/cndestetik.ch\/fr\/wp-json\/wp\/v2\/product\/44616","targetHints":{"allow":["GET"]}}],"collection":[{"href":"https:\/\/cndestetik.ch\/fr\/wp-json\/wp\/v2\/product"}],"about":[{"href":"https:\/\/cndestetik.ch\/fr\/wp-json\/wp\/v2\/types\/product"}],"wp:featuredmedia":[{"embeddable":true,"href":"https:\/\/cndestetik.ch\/fr\/wp-json\/wp\/v2\/media\/40581"}],"wp:attachment":[{"href":"https:\/\/cndestetik.ch\/fr\/wp-json\/wp\/v2\/media?parent=44616"}],"wp:term":[{"taxonomy":"product_brand","embeddable":true,"href":"https:\/\/cndestetik.ch\/fr\/wp-json\/wp\/v2\/product_brand?post=44616"},{"taxonomy":"product_cat","embeddable":true,"href":"https:\/\/cndestetik.ch\/fr\/wp-json\/wp\/v2\/product_cat?post=44616"},{"taxonomy":"product_tag","embeddable":true,"href":"https:\/\/cndestetik.ch\/fr\/wp-json\/wp\/v2\/product_tag?post=44616"}],"curies":[{"name":"wp","href":"https:\/\/api.w.org\/{rel}","templated":true}]}}