{"id":44613,"date":"2022-06-06T15:41:50","date_gmt":"2022-06-06T13:41:50","guid":{"rendered":"https:\/\/ticinoweb01.jcloud.ik-server.com\/cndestetik\/prodotto\/traitement-purifiant-du-visage-acne-et-peau-enflammee\/"},"modified":"2022-11-15T16:00:27","modified_gmt":"2022-11-15T15:00:27","slug":"traitement-visage-purifiant-acneique-et-peau-inflammee","status":"publish","type":"product","link":"https:\/\/cndestetik.ch\/fr\/prodotto\/traitement-visage-purifiant-acneique-et-peau-inflammee\/","title":{"rendered":"TRAITEMENT PURIFIANT DU VISAGE Acn\u00e9 et peau enflamm\u00e9e"},"content":{"rendered":"<p>Ce traitement a une action antioxydante et antibact\u00e9rienne marqu\u00e9e sur le tissu cutan\u00e9. Il apaise les inflammations, d\u00e9toxifie et nourrit la peau sans l&#8217;alourdir. La peau reste douce, bien hydrat\u00e9e et fra\u00eeche.<\/p>\n<p>Le kit comprend :<\/p>\n<ul>\n<li>Lait d\u00e9maquillant \u00e0 l&#8217;acide hyaluronique et au calendula 500ml<\/li>\n<li>Peeling \u00e9claircissant enzymatique visage-corps (acide mand\u00e9lique 5%) 500ml<\/li>\n<li>Hydrolat de lavande, thym<\/li>\n<li>Huiles essentielles : Lavande<\/li>\n<li>Spray argent\u00e9<\/li>\n<li>Masque purifiant \u00e0 l&#8217;argile verte et \u00e0 la lavande<\/li>\n<li>Extraits hydroglyc\u00e9riques de bardane<\/li>\n<li>Ol\u00e9olites spagyriques : peau impure (Thym rouge et Sauge)<\/li>\n<li>Cr\u00e8me pour peaux grasses \u00e0 la bardane<\/li>\n<li>Fiche de traitement et suggestions pour la revente<\/li>\n<\/ul>\n<p>&nbsp;<\/p>\n<p>&nbsp;<\/p>\n","protected":false},"excerpt":{"rendered":"<p>Antioxydant et antibact\u00e9rien. Il apaise les inflammations, d\u00e9toxifie et nourrit la peau sans l&#8217;alourdir, la laissant douce, bien hydrat\u00e9e et fra\u00eeche.<\/p>\n","protected":false},"featured_media":40586,"template":"","meta":{"_acf_changed":false},"product_brand":[],"product_cat":[15],"product_tag":[3561,3685,3673,3563,3686,3687,3688,765],"class_list":{"0":"post-44613","1":"product","2":"type-product","3":"status-publish","4":"has-post-thumbnail","6":"product_cat-07-cosmetica","7":"product_tag-acne-fr","8":"product_tag-antioxydant","9":"product_tag-detoxifier","10":"product_tag-impuretes","11":"product_tag-nettoyage-du-visage","12":"product_tag-nettoyage-profond-du-visage","13":"product_tag-trattamentiviso-fr","14":"product_tag-visage","16":"first","17":"instock","18":"taxable","19":"shipping-taxable","20":"purchasable","21":"product-type-simple"},"acf":[],"jetpack_sharing_enabled":true,"_links":{"self":[{"href":"https:\/\/cndestetik.ch\/fr\/wp-json\/wp\/v2\/product\/44613","targetHints":{"allow":["GET"]}}],"collection":[{"href":"https:\/\/cndestetik.ch\/fr\/wp-json\/wp\/v2\/product"}],"about":[{"href":"https:\/\/cndestetik.ch\/fr\/wp-json\/wp\/v2\/types\/product"}],"wp:featuredmedia":[{"embeddable":true,"href":"https:\/\/cndestetik.ch\/fr\/wp-json\/wp\/v2\/media\/40586"}],"wp:attachment":[{"href":"https:\/\/cndestetik.ch\/fr\/wp-json\/wp\/v2\/media?parent=44613"}],"wp:term":[{"taxonomy":"product_brand","embeddable":true,"href":"https:\/\/cndestetik.ch\/fr\/wp-json\/wp\/v2\/product_brand?post=44613"},{"taxonomy":"product_cat","embeddable":true,"href":"https:\/\/cndestetik.ch\/fr\/wp-json\/wp\/v2\/product_cat?post=44613"},{"taxonomy":"product_tag","embeddable":true,"href":"https:\/\/cndestetik.ch\/fr\/wp-json\/wp\/v2\/product_tag?post=44613"}],"curies":[{"name":"wp","href":"https:\/\/api.w.org\/{rel}","templated":true}]}}