{"id":44610,"date":"2022-06-09T12:21:42","date_gmt":"2022-06-09T10:21:42","guid":{"rendered":"https:\/\/ticinoweb01.jcloud.ik-server.com\/cndestetik\/prodotto\/peeling-drenane-aux-sels-depsom\/"},"modified":"2025-01-23T08:35:55","modified_gmt":"2025-01-23T07:35:55","slug":"peeling-drenane-at-epsom-salt","status":"publish","type":"product","link":"https:\/\/cndestetik.ch\/fr\/prodotto\/peeling-drenane-at-epsom-salt\/","title":{"rendered":"PEELING DRENANE aux sels d&#8217;Epsom"},"content":{"rendered":"<p>Ce traitement est excellent comme ouverture d&#8217;un cycle de traitements.<\/p>\n<p>Fortement d\u00e9toxifiant, purifiant et drainant, il r\u00e9g\u00e9n\u00e8re les peaux \u00e9paisses et ternes.<\/p>\n<p>Il convient aux peaux impures, comme agent pr\u00e9paratoire avant l&#8217;exposition au soleil. Il est \u00e9galement id\u00e9al pour pr\u00e9parer l&#8217;\u00e9pilation, qui doit \u00eatre effectu\u00e9e une semaine avant. Il est \u00e9galement excellent pendant la grossesse (sans huiles essentielles).<\/p>\n<p>Le kit comprend :<\/p>\n<ul>\n<li>Huile de noyau d&#8217;abricot 500ml<\/li>\n<li>Huiles essentielles : gen\u00e9vrier, g\u00e9ranium, bois de c\u00e8dre<\/li>\n<li>Sel d&#8217;Epsom 1 kg<\/li>\n<li>Extraits hydro-glyc\u00e9riques : houblon, pr\u00eale, myrtille.<\/li>\n<li>Hydrolat de rose<\/li>\n<li>Gel d&#8217;alo\u00e8s neutre 500ml<\/li>\n<li>Beurre de karit\u00e9 500ml<\/li>\n<li>Huile d&#8217;amande 500ml<\/li>\n<li>Huiles corporelles raffermissantes et cicatrisantes<\/li>\n<li>Ol\u00e9olites spagyriques : Calendula, Hypericum, Thym<\/li>\n<li>Fiche de traitement et conseils \u00e0 domicile<\/li>\n<\/ul>\n","protected":false},"excerpt":{"rendered":"<p>Ce soin est fortement d\u00e9toxifiant, purifiant et drainant. R\u00e9g\u00e9n\u00e8re les peaux \u00e9paisses et ternes.<\/p>\n","protected":false},"featured_media":41648,"template":"","meta":{"_acf_changed":false},"product_brand":[],"product_cat":[12982],"product_tag":[3673,3674,3675,3676,3605,1840],"class_list":{"0":"post-44610","1":"product","2":"type-product","3":"status-publish","4":"has-post-thumbnail","6":"product_cat-microcosme","7":"product_tag-detoxifier","8":"product_tag-drain-fr-2","9":"product_tag-epsom-fr","10":"product_tag-purifie","11":"product_tag-sels-depsom","12":"product_tag-traitements-corporels","14":"first","15":"instock","16":"taxable","17":"shipping-taxable","18":"purchasable","19":"product-type-simple"},"acf":[],"jetpack_sharing_enabled":true,"_links":{"self":[{"href":"https:\/\/cndestetik.ch\/fr\/wp-json\/wp\/v2\/product\/44610","targetHints":{"allow":["GET"]}}],"collection":[{"href":"https:\/\/cndestetik.ch\/fr\/wp-json\/wp\/v2\/product"}],"about":[{"href":"https:\/\/cndestetik.ch\/fr\/wp-json\/wp\/v2\/types\/product"}],"wp:featuredmedia":[{"embeddable":true,"href":"https:\/\/cndestetik.ch\/fr\/wp-json\/wp\/v2\/media\/41648"}],"wp:attachment":[{"href":"https:\/\/cndestetik.ch\/fr\/wp-json\/wp\/v2\/media?parent=44610"}],"wp:term":[{"taxonomy":"product_brand","embeddable":true,"href":"https:\/\/cndestetik.ch\/fr\/wp-json\/wp\/v2\/product_brand?post=44610"},{"taxonomy":"product_cat","embeddable":true,"href":"https:\/\/cndestetik.ch\/fr\/wp-json\/wp\/v2\/product_cat?post=44610"},{"taxonomy":"product_tag","embeddable":true,"href":"https:\/\/cndestetik.ch\/fr\/wp-json\/wp\/v2\/product_tag?post=44610"}],"curies":[{"name":"wp","href":"https:\/\/api.w.org\/{rel}","templated":true}]}}