{"id":44607,"date":"2022-06-09T13:47:26","date_gmt":"2022-06-09T11:47:26","guid":{"rendered":"https:\/\/ticinoweb01.jcloud.ik-server.com\/cndestetik\/prodotto\/menopause-traitement-equilibrant\/"},"modified":"2025-01-23T08:35:51","modified_gmt":"2025-01-23T07:35:51","slug":"traitement-equilibrant-de-la-menopause","status":"publish","type":"product","link":"https:\/\/cndestetik.ch\/fr\/prodotto\/traitement-equilibrant-de-la-menopause\/","title":{"rendered":"M\u00c9NOPAUSE &#8211; TRAITEMENT \u00c9QUILIBRANT"},"content":{"rendered":"<p>Ce traitement vise \u00e0 r\u00e9\u00e9quilibrer les \u00e9nergies pendant une p\u00e9riode particuli\u00e8re de la vie d&#8217;une femme : la m\u00e9nopause.<\/p>\n<p>Les huiles essentielles et les ol\u00e9olites spagyriques sont recommand\u00e9es avant et apr\u00e8s pour soutenir le client dans ce moment d\u00e9licat qui se manifeste souvent par de l&#8217;agitation, du stress, de la confusion et des bouff\u00e9es de chaleur.<\/p>\n<p>Le kit comprend :<\/p>\n<ul>\n<li>Huile d&#8217;amande 1lt<\/li>\n<li>Huiles essentielles : Sauge, Lavande, Cypr\u00e8s, G\u00e9ranium, Menthe, Thym, Gingembre.<\/li>\n<li>Ol\u00e9olites spagyriques : \u00e9glantier, achill\u00e9e, romarin, sauge<\/li>\n<li>Fiche de traitement et conseils \u00e0 domicile<\/li>\n<\/ul>\n","protected":false},"excerpt":{"rendered":"<p>Ce traitement vise \u00e0 r\u00e9\u00e9quilibrer les \u00e9nergies pendant une p\u00e9riode particuli\u00e8re de la vie d&#8217;une femme : la m\u00e9nopause.<\/p>\n","protected":false},"featured_media":41732,"template":"","meta":{"_acf_changed":false},"product_brand":[],"product_cat":[12982],"product_tag":[9433,7086,1028],"class_list":{"0":"post-44607","1":"product","2":"type-product","3":"status-publish","4":"has-post-thumbnail","6":"product_cat-microcosme","7":"product_tag-menopause-fr","8":"product_tag-reequilibrage","9":"product_tag-traitement","11":"first","12":"instock","13":"taxable","14":"shipping-taxable","15":"purchasable","16":"product-type-simple"},"acf":[],"jetpack_sharing_enabled":true,"_links":{"self":[{"href":"https:\/\/cndestetik.ch\/fr\/wp-json\/wp\/v2\/product\/44607","targetHints":{"allow":["GET"]}}],"collection":[{"href":"https:\/\/cndestetik.ch\/fr\/wp-json\/wp\/v2\/product"}],"about":[{"href":"https:\/\/cndestetik.ch\/fr\/wp-json\/wp\/v2\/types\/product"}],"wp:featuredmedia":[{"embeddable":true,"href":"https:\/\/cndestetik.ch\/fr\/wp-json\/wp\/v2\/media\/41732"}],"wp:attachment":[{"href":"https:\/\/cndestetik.ch\/fr\/wp-json\/wp\/v2\/media?parent=44607"}],"wp:term":[{"taxonomy":"product_brand","embeddable":true,"href":"https:\/\/cndestetik.ch\/fr\/wp-json\/wp\/v2\/product_brand?post=44607"},{"taxonomy":"product_cat","embeddable":true,"href":"https:\/\/cndestetik.ch\/fr\/wp-json\/wp\/v2\/product_cat?post=44607"},{"taxonomy":"product_tag","embeddable":true,"href":"https:\/\/cndestetik.ch\/fr\/wp-json\/wp\/v2\/product_tag?post=44607"}],"curies":[{"name":"wp","href":"https:\/\/api.w.org\/{rel}","templated":true}]}}