{"id":44603,"date":"2022-06-09T13:57:34","date_gmt":"2022-06-09T11:57:34","guid":{"rendered":"https:\/\/ticinoweb01.jcloud.ik-server.com\/cndestetik\/prodotto\/cure-de-desintoxication\/"},"modified":"2025-01-23T08:35:56","modified_gmt":"2025-01-23T07:35:56","slug":"traitement-detoxication","status":"publish","type":"product","link":"https:\/\/cndestetik.ch\/fr\/prodotto\/traitement-detoxication\/","title":{"rendered":"CURE DE D\u00c9SINTOXICATION"},"content":{"rendered":"<p>Ce traitement a une action purifiante et d\u00e9toxifiante marqu\u00e9e sur l&#8217;ensemble du corps. Favorise les processus de r\u00e9g\u00e9n\u00e9ration et l&#8217;\u00e9limination des toxines et des impuret\u00e9s de la peau. Il stimule la circulation lymphatique et sanguine pour un effet de nettoyage, de renouvellement et d&#8217;oxyg\u00e9nation profonde de tous les tissus.<\/p>\n<p>Il peut \u00eatre le premier d&#8217;un cycle de traitements sp\u00e9cifiques qui seront d\u00e9di\u00e9s \u00e0 la cliente en fonction de ses besoins.<\/p>\n<p>Le kit comprend :<\/p>\n<ul>\n<li>Huile de noyau d&#8217;abricot 500ml<\/li>\n<li>Thym et sauge hydrolats<\/li>\n<li>Sels d&#8217;Epsom 1kg<\/li>\n<li>Huile d&#8217;amande 1lt<\/li>\n<li>Ol\u00e9olites spagyriques : Calendula, Helichrysum, Bouleau, Romarin, Cynorrhodon, Thym rouge, Lavande<\/li>\n<li>Huiles essentielles : Lavande, Citron, G\u00e9ranium, Gen\u00e9vrier, Bergamote, Bois de C\u00e8dre, Thym Risso, Basilic<\/li>\n<li>Boue corporelle \u00e0 l&#8217;arnica et \u00e0 la lavande<\/li>\n<li>Toile \u00e0 boue<\/li>\n<li>Extraits hydro-glyc\u00e9riques de bardane et d&#8217;hamam\u00e9lis.<\/li>\n<li>Lait d\u00e9maquillant<\/li>\n<li>Gommage exfoliant<\/li>\n<li>Fiche de traitement et conseils domestiques<\/li>\n<\/ul>\n","protected":false},"excerpt":{"rendered":"<p>Ce traitement a une action purifiante et d\u00e9toxifiante marqu\u00e9e sur l&#8217;ensemble du corps. Il favorise les processus de r\u00e9g\u00e9n\u00e9ration, l&#8217;\u00e9limination des toxines et des impuret\u00e9s, stimule la circulation lymphatique et sanguine, le renouvellement et l&#8217;oxyg\u00e9nation.<\/p>\n","protected":false},"featured_media":41760,"template":"","meta":{"_acf_changed":false},"product_brand":[],"product_cat":[12982],"product_tag":[3655,3656,2044,3563,3657,3658,3659,1840],"class_list":{"0":"post-44603","1":"product","2":"type-product","3":"status-publish","4":"has-post-thumbnail","6":"product_cat-microcosme","7":"product_tag-circulation-fr","8":"product_tag-detoxification-fr-2","9":"product_tag-detoxification-fr","10":"product_tag-impuretes","11":"product_tag-regeneration-fr","12":"product_tag-renouvellement","13":"product_tag-toxines","14":"product_tag-traitements-corporels","16":"first","17":"instock","18":"taxable","19":"shipping-taxable","20":"purchasable","21":"product-type-simple"},"acf":[],"jetpack_sharing_enabled":true,"_links":{"self":[{"href":"https:\/\/cndestetik.ch\/fr\/wp-json\/wp\/v2\/product\/44603","targetHints":{"allow":["GET"]}}],"collection":[{"href":"https:\/\/cndestetik.ch\/fr\/wp-json\/wp\/v2\/product"}],"about":[{"href":"https:\/\/cndestetik.ch\/fr\/wp-json\/wp\/v2\/types\/product"}],"wp:featuredmedia":[{"embeddable":true,"href":"https:\/\/cndestetik.ch\/fr\/wp-json\/wp\/v2\/media\/41760"}],"wp:attachment":[{"href":"https:\/\/cndestetik.ch\/fr\/wp-json\/wp\/v2\/media?parent=44603"}],"wp:term":[{"taxonomy":"product_brand","embeddable":true,"href":"https:\/\/cndestetik.ch\/fr\/wp-json\/wp\/v2\/product_brand?post=44603"},{"taxonomy":"product_cat","embeddable":true,"href":"https:\/\/cndestetik.ch\/fr\/wp-json\/wp\/v2\/product_cat?post=44603"},{"taxonomy":"product_tag","embeddable":true,"href":"https:\/\/cndestetik.ch\/fr\/wp-json\/wp\/v2\/product_tag?post=44603"}],"curies":[{"name":"wp","href":"https:\/\/api.w.org\/{rel}","templated":true}]}}