{"id":44600,"date":"2022-06-09T14:05:36","date_gmt":"2022-06-09T12:05:36","guid":{"rendered":"https:\/\/ticinoweb01.jcloud.ik-server.com\/cndestetik\/prodotto\/massage-nourrissant-beurre-de-monoi\/"},"modified":"2025-01-23T08:33:50","modified_gmt":"2025-01-23T07:33:50","slug":"massage-nourrissant-beurre-monoi","status":"publish","type":"product","link":"https:\/\/cndestetik.ch\/fr\/prodotto\/massage-nourrissant-beurre-monoi\/","title":{"rendered":"MASSAGE NOURRISSANT &#8211; BEURRE DE MONO\u00cf"},"content":{"rendered":"<p>Un traitement de beaut\u00e9 pour se faire dorloter et se d\u00e9tendre. Une immersion totale dans un monde parfum\u00e9 et nourrissant aux notes exotiques et lointaines.<\/p>\n<p>Il est particuli\u00e8rement adapt\u00e9 aux personnes ayant une peau tr\u00e8s s\u00e8che, mais il est \u00e9galement recommand\u00e9 \u00e0 tous ceux qui souhaitent obtenir une peau douce et soyeuse tout en \u00e9prouvant une sensation agr\u00e9able gr\u00e2ce \u00e0 ce parfum qui peut vous faire penser \u00e0 une plage tahitienne typique.<\/p>\n<p>Le kit comprend :<\/p>\n<ul>\n<li>2 Mitaines en chanvre brut naturel<\/li>\n<li>2 Beurre de Monoi 500ml<\/li>\n<\/ul>\n","protected":false},"excerpt":{"rendered":"<p>Un traitement de beaut\u00e9 pour se faire dorloter et se d\u00e9tendre. Une immersion totale dans un monde parfum\u00e9 et nourrissant aux notes exotiques et lointaines.<\/p>\n","protected":false},"featured_media":41782,"template":"","meta":{"_acf_changed":false},"product_brand":[],"product_cat":[12982],"product_tag":[3644,3646,3645,421,473],"class_list":{"0":"post-44600","1":"product","2":"type-product","3":"status-publish","4":"has-post-thumbnail","6":"product_cat-microcosme","7":"product_tag-beurre-de-monoi","8":"product_tag-detente","9":"product_tag-huile-de-monoi","10":"product_tag-monoi-fr","11":"product_tag-nourrissant","13":"first","14":"instock","15":"taxable","16":"shipping-taxable","17":"purchasable","18":"product-type-simple"},"acf":[],"jetpack_sharing_enabled":true,"_links":{"self":[{"href":"https:\/\/cndestetik.ch\/fr\/wp-json\/wp\/v2\/product\/44600","targetHints":{"allow":["GET"]}}],"collection":[{"href":"https:\/\/cndestetik.ch\/fr\/wp-json\/wp\/v2\/product"}],"about":[{"href":"https:\/\/cndestetik.ch\/fr\/wp-json\/wp\/v2\/types\/product"}],"wp:featuredmedia":[{"embeddable":true,"href":"https:\/\/cndestetik.ch\/fr\/wp-json\/wp\/v2\/media\/41782"}],"wp:attachment":[{"href":"https:\/\/cndestetik.ch\/fr\/wp-json\/wp\/v2\/media?parent=44600"}],"wp:term":[{"taxonomy":"product_brand","embeddable":true,"href":"https:\/\/cndestetik.ch\/fr\/wp-json\/wp\/v2\/product_brand?post=44600"},{"taxonomy":"product_cat","embeddable":true,"href":"https:\/\/cndestetik.ch\/fr\/wp-json\/wp\/v2\/product_cat?post=44600"},{"taxonomy":"product_tag","embeddable":true,"href":"https:\/\/cndestetik.ch\/fr\/wp-json\/wp\/v2\/product_tag?post=44600"}],"curies":[{"name":"wp","href":"https:\/\/api.w.org\/{rel}","templated":true}]}}