{"id":44598,"date":"2022-06-09T14:16:13","date_gmt":"2022-06-09T12:16:13","guid":{"rendered":"https:\/\/ticinoweb01.jcloud.ik-server.com\/cndestetik\/prodotto\/traitement-de-tonification-des-seins-et-des-bras\/"},"modified":"2025-01-23T08:33:55","modified_gmt":"2025-01-23T07:33:55","slug":"traitement-tonifiant-pour-les-seins-et-les-bras","status":"publish","type":"product","link":"https:\/\/cndestetik.ch\/fr\/prodotto\/traitement-tonifiant-pour-les-seins-et-les-bras\/","title":{"rendered":"TRAITEMENT DE TONIFICATION DES SEINS ET DES BRAS"},"content":{"rendered":"<p>Le traitement a pour but d&#8217;\u00e9lasticiser la peau des seins et des bras. Il a une action tonifiante marqu\u00e9e sur les tissus. Pr\u00e9vient la formation de vergetures.<\/p>\n<p>Le kit comprend :<\/p>\n<ul>\n<li>2 boutons de chanvre naturel brut<\/li>\n<li>Pansements<\/li>\n<li>Huile de noyau d&#8217;abricot 500ml<\/li>\n<li>Huiles essentielles : Sauge, Gingembre, Pamplemousse, Bois de C\u00e8dre<\/li>\n<li>Gel d&#8217;alo\u00e8s 500ml<\/li>\n<li>Extraits hydro-glyc\u00e9riques : houblon, pr\u00eale, myrtille.<\/li>\n<li>Sels d&#8217;Epsom 1 kg<\/li>\n<li>Cr\u00e8me raffermissante au ginseng et \u00e0 l&#8217;huile essentielle de Tiare 500 ml<\/li>\n<li>Pommade spagyrique cicatrisante<\/li>\n<li>Fiche de traitement et conseils \u00e0 domicile<\/li>\n<\/ul>\n","protected":false},"excerpt":{"rendered":"<p>Le traitement a pour but d&#8217;\u00e9lasticiser la peau des seins et des bras. Il a une action tonifiante marqu\u00e9e sur les tissus. Pr\u00e9vient la formation de vergetures.<\/p>\n","protected":false},"featured_media":41797,"template":"","meta":{"_acf_changed":false},"product_brand":[],"product_cat":[12982],"product_tag":[3637,3638,3639,3640,3615],"class_list":{"0":"post-44598","1":"product","2":"type-product","3":"status-publish","4":"has-post-thumbnail","6":"product_cat-microcosme","7":"product_tag-bras","8":"product_tag-raffermissant","9":"product_tag-sein","10":"product_tag-tonifier","11":"product_tag-vergetures","13":"first","14":"instock","15":"taxable","16":"shipping-taxable","17":"purchasable","18":"product-type-simple"},"acf":[],"jetpack_sharing_enabled":true,"_links":{"self":[{"href":"https:\/\/cndestetik.ch\/fr\/wp-json\/wp\/v2\/product\/44598","targetHints":{"allow":["GET"]}}],"collection":[{"href":"https:\/\/cndestetik.ch\/fr\/wp-json\/wp\/v2\/product"}],"about":[{"href":"https:\/\/cndestetik.ch\/fr\/wp-json\/wp\/v2\/types\/product"}],"wp:featuredmedia":[{"embeddable":true,"href":"https:\/\/cndestetik.ch\/fr\/wp-json\/wp\/v2\/media\/41797"}],"wp:attachment":[{"href":"https:\/\/cndestetik.ch\/fr\/wp-json\/wp\/v2\/media?parent=44598"}],"wp:term":[{"taxonomy":"product_brand","embeddable":true,"href":"https:\/\/cndestetik.ch\/fr\/wp-json\/wp\/v2\/product_brand?post=44598"},{"taxonomy":"product_cat","embeddable":true,"href":"https:\/\/cndestetik.ch\/fr\/wp-json\/wp\/v2\/product_cat?post=44598"},{"taxonomy":"product_tag","embeddable":true,"href":"https:\/\/cndestetik.ch\/fr\/wp-json\/wp\/v2\/product_tag?post=44598"}],"curies":[{"name":"wp","href":"https:\/\/api.w.org\/{rel}","templated":true}]}}