{"id":44595,"date":"2022-06-09T14:23:18","date_gmt":"2022-06-09T12:23:18","guid":{"rendered":"https:\/\/ticinoweb01.jcloud.ik-server.com\/cndestetik\/prodotto\/grossesse-traitement-tonifiant\/"},"modified":"2025-01-23T08:33:52","modified_gmt":"2025-01-23T07:33:52","slug":"grossesse-traitement-tonification","status":"publish","type":"product","link":"https:\/\/cndestetik.ch\/fr\/prodotto\/grossesse-traitement-tonification\/","title":{"rendered":"GROSSESSE &#8211; Traitement tonifiant"},"content":{"rendered":"<p>Ce sont des mois de transformation, les formes changent et accompagnent la grossesse. Cela fait du bien de prendre soin de soi et d&#8217;aimer son corps qui travaille et se consacre \u00e0 la croissance d&#8217;une nouvelle vie. Le traitement a pour but d&#8217;\u00e9lasticiser la peau. Il exerce une action tonifiante sur les tissus. Pr\u00e9vient la formation de vergetures.<\/p>\n<p>Le kit comprend :<\/p>\n<ul>\n<li>2 Mitaines en chanvre brut naturel<\/li>\n<li>Huile de noyau d&#8217;abricot 500ml<\/li>\n<li>Huile d&#8217;amande 1lt<\/li>\n<li>Gel d&#8217;alo\u00e8s neutre 500ml<\/li>\n<li>Extraits hydro-glyc\u00e9riques : houblon, pr\u00eale, \u00e9chinac\u00e9e.<\/li>\n<li>Sel d&#8217;Epsom 1 kg<\/li>\n<li>Bandages (2 paquets)<\/li>\n<li>Ol\u00e9olites spagyriques : Calendula, Lavande, Lierre, Bouleau, Romarin<\/li>\n<li>Huiles essentielles : Lavande, M\u00e9lisse, Orange am\u00e8re, Citron, Pamplemousse (aromath\u00e9rapie uniquement)<\/li>\n<li>Fiche de traitement et conseils \u00e0 domicile<\/li>\n<\/ul>\n","protected":false},"excerpt":{"rendered":"<p>Ce traitement a pour but d&#8217;\u00e9lasticiser la peau pendant la grossesse. Il exerce une action tonifiante sur les tissus. Pr\u00e9vient la formation de vergetures.<\/p>\n","protected":false},"featured_media":41828,"template":"","meta":{"_acf_changed":false},"product_brand":[],"product_cat":[1897,12982],"product_tag":[3623,3624,3625,3626,3627],"class_list":{"0":"post-44595","1":"product","2":"type-product","3":"status-publish","4":"has-post-thumbnail","6":"product_cat-enfants","7":"product_cat-microcosme","8":"product_tag-bebe-fr","9":"product_tag-enceinte","10":"product_tag-grossesse","11":"product_tag-maman","12":"product_tag-revigorant","14":"first","15":"instock","16":"featured","17":"taxable","18":"shipping-taxable","19":"purchasable","20":"product-type-simple"},"acf":[],"jetpack_sharing_enabled":true,"_links":{"self":[{"href":"https:\/\/cndestetik.ch\/fr\/wp-json\/wp\/v2\/product\/44595","targetHints":{"allow":["GET"]}}],"collection":[{"href":"https:\/\/cndestetik.ch\/fr\/wp-json\/wp\/v2\/product"}],"about":[{"href":"https:\/\/cndestetik.ch\/fr\/wp-json\/wp\/v2\/types\/product"}],"wp:featuredmedia":[{"embeddable":true,"href":"https:\/\/cndestetik.ch\/fr\/wp-json\/wp\/v2\/media\/41828"}],"wp:attachment":[{"href":"https:\/\/cndestetik.ch\/fr\/wp-json\/wp\/v2\/media?parent=44595"}],"wp:term":[{"taxonomy":"product_brand","embeddable":true,"href":"https:\/\/cndestetik.ch\/fr\/wp-json\/wp\/v2\/product_brand?post=44595"},{"taxonomy":"product_cat","embeddable":true,"href":"https:\/\/cndestetik.ch\/fr\/wp-json\/wp\/v2\/product_cat?post=44595"},{"taxonomy":"product_tag","embeddable":true,"href":"https:\/\/cndestetik.ch\/fr\/wp-json\/wp\/v2\/product_tag?post=44595"}],"curies":[{"name":"wp","href":"https:\/\/api.w.org\/{rel}","templated":true}]}}