{"id":44589,"date":"2022-06-09T14:43:19","date_gmt":"2022-06-09T12:43:19","guid":{"rendered":"https:\/\/ticinoweb01.jcloud.ik-server.com\/cndestetik\/prodotto\/traitement-des-oedemes-des-jambes\/"},"modified":"2025-01-23T08:37:18","modified_gmt":"2025-01-23T07:37:18","slug":"traitement-oedeme-des-jambes","status":"publish","type":"product","link":"https:\/\/cndestetik.ch\/fr\/prodotto\/traitement-oedeme-des-jambes\/","title":{"rendered":"TRAITEMENT DES \u0152D\u00c8MES DES JAMBES"},"content":{"rendered":"<p>Il s&#8217;agit d&#8217;un traitement visant \u00e0 traiter l&#8217;un des types de cellulite les plus courants : la cellulite accompagn\u00e9e d&#8217;une stase lymphatique, d&#8217;un \u0153d\u00e8me important et d&#8217;une mauvaise \u00e9lasticit\u00e9 des tissus entra\u00eenant des vergetures.<\/p>\n<p>Le kit comprend :<\/p>\n<ul>\n<li>2 Mitaines de chanvre brut<\/li>\n<li>Gommage corporel exfoliant \u00e0 l&#8217;alo\u00e8s, \u00e0 la mauve et \u00e0 l&#8217;ananas 500ml<\/li>\n<li>Bandages (2 paquets)<\/li>\n<li>Toile \u00e0 boue<\/li>\n<li>Pommade cicatrisante<\/li>\n<li>Boue amincissante \u00e0 l&#8217;argile verte, au Fucus et \u00e0 la centella<\/li>\n<li>Salis aux myrtilles 1 kg<\/li>\n<li>Extraits hydroglyc\u00e9riques : Houblon, Myrtille<\/li>\n<li>Huiles corporelles drainantes 500ml<\/li>\n<li>Gel de traitement de la cellulite 500 ml<\/li>\n<li>Gel rafra\u00eechissant d\u00e9fatiguant 100ml<\/li>\n<li>Fiche de traitement et conseils \u00e0 domicile<\/li>\n<\/ul>\n","protected":false},"excerpt":{"rendered":"<p>Il s&#8217;agit d&#8217;un traitement visant \u00e0 traiter l&#8217;un des types de cellulite les plus courants : la cellulite accompagn\u00e9e d&#8217;une stase lymphatique, d&#8217;un \u0153d\u00e8me important et d&#8217;une mauvaise \u00e9lasticit\u00e9 des tissus entra\u00eenant des vergetures.<\/p>\n","protected":false},"featured_media":41869,"template":"","meta":{"_acf_changed":false},"product_brand":[],"product_cat":[12982],"product_tag":[3602,3600,3603,3601,3604,3605,1840],"class_list":{"0":"post-44589","1":"product","2":"type-product","3":"status-publish","4":"has-post-thumbnail","6":"product_cat-microcosme","7":"product_tag-boue-amincissante","8":"product_tag-cellulite-fr","9":"product_tag-jambes","10":"product_tag-oedeme","11":"product_tag-salis-aux-myrtilles","12":"product_tag-sels-depsom","13":"product_tag-traitements-corporels","15":"first","16":"instock","17":"taxable","18":"shipping-taxable","19":"purchasable","20":"product-type-simple"},"acf":[],"jetpack_sharing_enabled":true,"_links":{"self":[{"href":"https:\/\/cndestetik.ch\/fr\/wp-json\/wp\/v2\/product\/44589","targetHints":{"allow":["GET"]}}],"collection":[{"href":"https:\/\/cndestetik.ch\/fr\/wp-json\/wp\/v2\/product"}],"about":[{"href":"https:\/\/cndestetik.ch\/fr\/wp-json\/wp\/v2\/types\/product"}],"wp:featuredmedia":[{"embeddable":true,"href":"https:\/\/cndestetik.ch\/fr\/wp-json\/wp\/v2\/media\/41869"}],"wp:attachment":[{"href":"https:\/\/cndestetik.ch\/fr\/wp-json\/wp\/v2\/media?parent=44589"}],"wp:term":[{"taxonomy":"product_brand","embeddable":true,"href":"https:\/\/cndestetik.ch\/fr\/wp-json\/wp\/v2\/product_brand?post=44589"},{"taxonomy":"product_cat","embeddable":true,"href":"https:\/\/cndestetik.ch\/fr\/wp-json\/wp\/v2\/product_cat?post=44589"},{"taxonomy":"product_tag","embeddable":true,"href":"https:\/\/cndestetik.ch\/fr\/wp-json\/wp\/v2\/product_tag?post=44589"}],"curies":[{"name":"wp","href":"https:\/\/api.w.org\/{rel}","templated":true}]}}