{"id":44519,"date":"2022-06-09T14:51:36","date_gmt":"2022-06-09T12:51:36","guid":{"rendered":"https:\/\/ticinoweb01.jcloud.ik-server.com\/cndestetik\/prodotto\/traitement-des-veines-et-capillaires\/"},"modified":"2025-01-23T08:37:15","modified_gmt":"2025-01-23T07:37:15","slug":"traitement-des-veines-et-des-capillaires","status":"publish","type":"product","link":"https:\/\/cndestetik.ch\/fr\/prodotto\/traitement-des-veines-et-des-capillaires\/","title":{"rendered":"TRAITEMENT DES VEINES ET CAPILLAIRES"},"content":{"rendered":"<p>Ce traitement vise \u00e0 combattre les imperfections de la cellulite qui s&#8217;accompagnent souvent d&#8217;une fragilit\u00e9 capillaire, d&#8217;une mauvaise \u00e9lasticit\u00e9 des tissus et de vergetures. Adjuvant dans les cas de capillaires prononc\u00e9s car il renforce les capillaires, r\u00e9active la microcirculation et donne de la l\u00e9g\u00e8ret\u00e9 et un aspect plus uniforme.<\/p>\n<p>Le kit comprend :<\/p>\n<ul>\n<li>2 Mitaines en chanvre brut naturel<\/li>\n<li>Gommage corporel exfoliant \u00e0 l&#8217;alo\u00e8s, \u00e0 l&#8217;ananas et \u00e0 la mauve 500ml<\/li>\n<li>Bandages (2 paquets)<\/li>\n<li>Toile \u00e0 boue<\/li>\n<li>Pommade cicatrisante<\/li>\n<li>Boue corporelle \u00e0 l&#8217;arnica et \u00e0 la lavande<\/li>\n<li>Extraits hydro-glyc\u00e9riques : myrtille, hamam\u00e9lis.<\/li>\n<li>Huile spagyrique d&#8217;achill\u00e9e et d&#8217;\u00e9glantier<\/li>\n<li>Huiles essentielles : citron, g\u00e9ranium, bois de c\u00e8dre et cypr\u00e8s.<\/li>\n<li>Salis aux myrtilles 1 Kg<\/li>\n<li>Huile corporelle veines et capillaires 500ml<\/li>\n<li>Gel de traitement de la cellulite 500 ml<\/li>\n<li>Fiche de traitement et conseils \u00e0 domicile<\/li>\n<\/ul>\n","protected":false},"excerpt":{"rendered":"<p>Adjuvant en cas de capillaires prononc\u00e9s car il les renforce, r\u00e9active la microcirculation et donne de la l\u00e9g\u00e8ret\u00e9 et un aspect plus uniforme. L&#8217;effet est imm\u00e9diat !<\/p>\n","protected":false},"featured_media":41885,"template":"","meta":{"_acf_changed":false},"product_brand":[],"product_cat":[12982],"product_tag":[3580,3582,3581,3583,3584],"class_list":{"0":"post-44519","1":"product","2":"type-product","3":"status-publish","4":"has-post-thumbnail","6":"product_cat-microcosme","7":"product_tag-capillaire","8":"product_tag-microcircle-fr","9":"product_tag-pieds-de-lumiere","10":"product_tag-traitement-des-jambes","11":"product_tag-vene-fr","13":"first","14":"instock","15":"featured","16":"taxable","17":"shipping-taxable","18":"purchasable","19":"product-type-simple"},"acf":[],"jetpack_sharing_enabled":true,"_links":{"self":[{"href":"https:\/\/cndestetik.ch\/fr\/wp-json\/wp\/v2\/product\/44519","targetHints":{"allow":["GET"]}}],"collection":[{"href":"https:\/\/cndestetik.ch\/fr\/wp-json\/wp\/v2\/product"}],"about":[{"href":"https:\/\/cndestetik.ch\/fr\/wp-json\/wp\/v2\/types\/product"}],"wp:featuredmedia":[{"embeddable":true,"href":"https:\/\/cndestetik.ch\/fr\/wp-json\/wp\/v2\/media\/41885"}],"wp:attachment":[{"href":"https:\/\/cndestetik.ch\/fr\/wp-json\/wp\/v2\/media?parent=44519"}],"wp:term":[{"taxonomy":"product_brand","embeddable":true,"href":"https:\/\/cndestetik.ch\/fr\/wp-json\/wp\/v2\/product_brand?post=44519"},{"taxonomy":"product_cat","embeddable":true,"href":"https:\/\/cndestetik.ch\/fr\/wp-json\/wp\/v2\/product_cat?post=44519"},{"taxonomy":"product_tag","embeddable":true,"href":"https:\/\/cndestetik.ch\/fr\/wp-json\/wp\/v2\/product_tag?post=44519"}],"curies":[{"name":"wp","href":"https:\/\/api.w.org\/{rel}","templated":true}]}}