{"id":44498,"date":"2022-06-09T15:06:37","date_gmt":"2022-06-09T13:06:37","guid":{"rendered":"https:\/\/ticinoweb01.jcloud.ik-server.com\/cndestetik\/prodotto\/traitement-des-peaux-impures-du-dos\/"},"modified":"2025-01-23T08:43:34","modified_gmt":"2025-01-23T07:43:34","slug":"traitement-peau-impurete-dos","status":"publish","type":"product","link":"https:\/\/cndestetik.ch\/fr\/prodotto\/traitement-peau-impurete-dos\/","title":{"rendered":"TRAITEMENT DES PEAUX IMPURES DU DOS"},"content":{"rendered":"<p>Il s&#8217;agit d&#8217;un traitement pour ceux qui pr\u00e9sentent des impuret\u00e9s constantes et \u00e9tendues sur le dos, g\u00e9n\u00e9ralement caract\u00e9ris\u00e9es par la pr\u00e9sence de boutons ou m\u00eame d&#8217;acn\u00e9 accompagn\u00e9s de d\u00e9mangeaisons. Effectu\u00e9 r\u00e9guli\u00e8rement, il vise \u00e0 r\u00e9\u00e9quilibrer la peau et \u00e0 att\u00e9nuer ou \u00e9liminer les \u00e9tats inflammatoires et les d\u00e9mangeaisons.<\/p>\n<p>Le kit comprend :<\/p>\n<ul>\n<li>Lait d\u00e9maquillant 500ml<\/li>\n<li>Gommage corporel exfoliant \u00e0 l&#8217;alo\u00e8s, \u00e0 l&#8217;ananas et \u00e0 la mauve 500ml<\/li>\n<li>Boue corporelle \u00e0 l&#8217;arnica et \u00e0 la lavande<\/li>\n<li>Ol\u00e9olithes spagyriques : Calendula, Thym rouge, Hypericum.<\/li>\n<li>Thym, Mauve et Lavande Hydrolates<\/li>\n<li>Spray argent\u00e9<\/li>\n<li>Gel d&#8217;alo\u00e8s neutre 500ml<\/li>\n<li>Extraits hydro-glyc\u00e9riques : Hamam\u00e9lis et Bardane<\/li>\n<li>Huiles essentielles : Lavande, Verveine, Gingembre, Tea tree<\/li>\n<li>Fiche de traitement et conseils \u00e0 domicile<\/li>\n<\/ul>\n","protected":false},"excerpt":{"rendered":"<p>Il s&#8217;agit d&#8217;un traitement pour ceux qui pr\u00e9sentent des impuret\u00e9s constantes et \u00e9tendues sur le dos, g\u00e9n\u00e9ralement caract\u00e9ris\u00e9es par la pr\u00e9sence de boutons ou m\u00eame d&#8217;acn\u00e9 accompagn\u00e9s de d\u00e9mangeaisons.<\/p>\n","protected":false},"featured_media":41908,"template":"","meta":{"_acf_changed":false},"product_brand":[],"product_cat":[1925,12982],"product_tag":[3561,3565,3562,3563,3564,3566],"class_list":{"0":"post-44498","1":"product","2":"type-product","3":"status-publish","4":"has-post-thumbnail","6":"product_cat-determination","7":"product_cat-microcosme","8":"product_tag-acne-fr","9":"product_tag-back-fr","10":"product_tag-brufoletti-fr","11":"product_tag-impuretes","12":"product_tag-prurito-fr","13":"product_tag-traitement-du-corps","15":"first","16":"instock","17":"featured","18":"taxable","19":"shipping-taxable","20":"purchasable","21":"product-type-simple"},"acf":[],"jetpack_sharing_enabled":true,"_links":{"self":[{"href":"https:\/\/cndestetik.ch\/fr\/wp-json\/wp\/v2\/product\/44498","targetHints":{"allow":["GET"]}}],"collection":[{"href":"https:\/\/cndestetik.ch\/fr\/wp-json\/wp\/v2\/product"}],"about":[{"href":"https:\/\/cndestetik.ch\/fr\/wp-json\/wp\/v2\/types\/product"}],"wp:featuredmedia":[{"embeddable":true,"href":"https:\/\/cndestetik.ch\/fr\/wp-json\/wp\/v2\/media\/41908"}],"wp:attachment":[{"href":"https:\/\/cndestetik.ch\/fr\/wp-json\/wp\/v2\/media?parent=44498"}],"wp:term":[{"taxonomy":"product_brand","embeddable":true,"href":"https:\/\/cndestetik.ch\/fr\/wp-json\/wp\/v2\/product_brand?post=44498"},{"taxonomy":"product_cat","embeddable":true,"href":"https:\/\/cndestetik.ch\/fr\/wp-json\/wp\/v2\/product_cat?post=44498"},{"taxonomy":"product_tag","embeddable":true,"href":"https:\/\/cndestetik.ch\/fr\/wp-json\/wp\/v2\/product_tag?post=44498"}],"curies":[{"name":"wp","href":"https:\/\/api.w.org\/{rel}","templated":true}]}}