{"id":44470,"date":"2022-06-09T15:22:41","date_gmt":"2022-06-09T13:22:41","guid":{"rendered":"https:\/\/ticinoweb01.jcloud.ik-server.com\/cndestetik\/prodotto\/traitement-nourrissant-des-pieds\/"},"modified":"2025-01-23T08:35:21","modified_gmt":"2025-01-23T07:35:21","slug":"traitement-nourrissant-pieds","status":"publish","type":"product","link":"https:\/\/cndestetik.ch\/fr\/prodotto\/traitement-nourrissant-pieds\/","title":{"rendered":"TRAITEMENT NOURRISSANT DES PIEDS"},"content":{"rendered":"<p>Il donne aux pieds une profonde sensation de l\u00e9g\u00e8ret\u00e9 et de soulagement. Il r\u00e9g\u00e9n\u00e8re la peau, la rendant plus lisse et plus \u00e9lastique. Il draine en \u00e9liminant le gonflement du pied. Gr\u00e2ce au m\u00e9lange d&#8217;huiles essentielles et d&#8217;ol\u00e9olites spagyriques, il pr\u00e9vient la formation de mycoses.<\/p>\n<p>Le kit comprend :<\/p>\n<ul>\n<li>Sel d&#8217;Epsom 1 kg<\/li>\n<li>Huile essentielle d&#8217;arbre \u00e0 th\u00e9 10ml<\/li>\n<li>Huile essentielle de romarin 10ml<\/li>\n<li>Nettoyant liquide aux amandes 300ml<\/li>\n<li>Enveloppement des pieds 250 ml<\/li>\n<li>Pommade cicatrisante 50ml<\/li>\n<li>Cr\u00e8me pour les pieds 250 ml<\/li>\n<li>Gouttes de perc\u00e9e 10ml<\/li>\n<li>Ol\u00e9olite spagyrique ongles et cuticules 15ml<\/li>\n<\/ul>\n<p>Un carton gratuit de sacs de traitement de 100 pieds est \u00e9galement inclus.<\/p>\n","protected":false},"excerpt":{"rendered":"<p>Il donne aux pieds une profonde sensation de l\u00e9g\u00e8ret\u00e9 et de soulagement. Il r\u00e9g\u00e9n\u00e8re la peau, la rendant plus lisse et plus \u00e9lastique. Il draine en \u00e9liminant le gonflement du pied. Gr\u00e2ce au m\u00e9lange d&#8217;huiles essentielles et d&#8217;ol\u00e9olites spagyriques, il pr\u00e9vient la formation de mycoses.<\/p>\n","protected":false},"featured_media":41941,"template":"","meta":{"_acf_changed":false},"product_brand":[],"product_cat":[12982],"product_tag":[3531,1326,1809,3532,3533,3530,3534],"class_list":{"0":"post-44470","1":"product","2":"type-product","3":"status-publish","4":"has-post-thumbnail","6":"product_cat-microcosme","7":"product_tag-legerete","8":"product_tag-pedicure-fr","9":"product_tag-pedicure-esthetique","10":"product_tag-pied","11":"product_tag-pieds-doux","12":"product_tag-pieds-soufflets","13":"product_tag-sollievo-fr","15":"first","16":"instock","17":"taxable","18":"shipping-taxable","19":"purchasable","20":"product-type-simple"},"acf":[],"jetpack_sharing_enabled":true,"_links":{"self":[{"href":"https:\/\/cndestetik.ch\/fr\/wp-json\/wp\/v2\/product\/44470","targetHints":{"allow":["GET"]}}],"collection":[{"href":"https:\/\/cndestetik.ch\/fr\/wp-json\/wp\/v2\/product"}],"about":[{"href":"https:\/\/cndestetik.ch\/fr\/wp-json\/wp\/v2\/types\/product"}],"wp:featuredmedia":[{"embeddable":true,"href":"https:\/\/cndestetik.ch\/fr\/wp-json\/wp\/v2\/media\/41941"}],"wp:attachment":[{"href":"https:\/\/cndestetik.ch\/fr\/wp-json\/wp\/v2\/media?parent=44470"}],"wp:term":[{"taxonomy":"product_brand","embeddable":true,"href":"https:\/\/cndestetik.ch\/fr\/wp-json\/wp\/v2\/product_brand?post=44470"},{"taxonomy":"product_cat","embeddable":true,"href":"https:\/\/cndestetik.ch\/fr\/wp-json\/wp\/v2\/product_cat?post=44470"},{"taxonomy":"product_tag","embeddable":true,"href":"https:\/\/cndestetik.ch\/fr\/wp-json\/wp\/v2\/product_tag?post=44470"}],"curies":[{"name":"wp","href":"https:\/\/api.w.org\/{rel}","templated":true}]}}