{"id":44184,"date":"2022-06-07T15:43:44","date_gmt":"2022-06-07T13:43:44","guid":{"rendered":"https:\/\/ticinoweb01.jcloud.ik-server.com\/cndestetik\/prodotto\/feuille-de-rouleau-tnt-lux-h-60cm-x-100-mtl\/"},"modified":"2023-04-19T13:22:36","modified_gmt":"2023-04-19T11:22:36","slug":"lenzuolino-rotolo-in-tnt-lux-h-60cm-x-100-mtl","status":"publish","type":"product","link":"https:\/\/cndestetik.ch\/fr\/prodotto\/lenzuolino-rotolo-in-tnt-lux-h-60cm-x-100-mtl\/","title":{"rendered":"Feuille de rouleau TNT LUX h 60cm x 100 mtl."},"content":{"rendered":"<p><span data-sheets-value=\"{\"1\":2,\"2\":\"Lenzuolino in TNT SBS di altissima qualit\u00e0! Con pretaglio ogni 58 cm. Altezza 80 cm. lunghezza 100 mtl.\"}\" data-sheets-userformat=\"{\"2\":15299,\"3\":{\"1\":0},\"4\":{\"1\":2,\"2\":16776960},\"9\":0,\"10\":2,\"11\":0,\"12\":0,\"14\":{\"1\":2,\"2\":0},\"15\":\"Calibri\",\"16\":11}\" data-sheets-textstyleruns=\"{\"1\":0}\uee10{\"1\":95,\"2\":{\"5\":1}}\">Feuille de TNT de haute qualit\u00e9 ! Avec pr\u00e9d\u00e9coupe tous les 58 cm. Hauteur 60 cm. Longueur 100 mtl.<\/span><\/p>\n","protected":false},"excerpt":{"rendered":"<p>Drap de lit Tnt<\/p>\n<p>Prix par carton de 6 rouleaux, rouleau simple 19.90 chf+vat<\/p>\n","protected":false},"featured_media":39791,"template":"","meta":{"_acf_changed":false},"product_brand":[],"product_cat":[11233,11231,906],"product_tag":[1154,3359,1830,952],"class_list":{"0":"post-44184","1":"product","2":"type-product","3":"status-publish","4":"has-post-thumbnail","6":"product_cat-physiotherapie","7":"product_cat-tatuateurs","8":"product_cat-usage-unique","9":"product_tag-chaise-longue","10":"product_tag-drap-de-lit","11":"product_tag-rouleaux","12":"product_tag-tnt-fr","13":"pa_rotoli-30-pieces","14":"pa_rotoli-60-pieces","15":"pa_rotoli-6pcs-fr","17":"first","18":"instock","19":"taxable","20":"shipping-taxable","21":"purchasable","22":"product-type-variable"},"acf":[],"jetpack_sharing_enabled":true,"_links":{"self":[{"href":"https:\/\/cndestetik.ch\/fr\/wp-json\/wp\/v2\/product\/44184","targetHints":{"allow":["GET"]}}],"collection":[{"href":"https:\/\/cndestetik.ch\/fr\/wp-json\/wp\/v2\/product"}],"about":[{"href":"https:\/\/cndestetik.ch\/fr\/wp-json\/wp\/v2\/types\/product"}],"wp:featuredmedia":[{"embeddable":true,"href":"https:\/\/cndestetik.ch\/fr\/wp-json\/wp\/v2\/media\/39791"}],"wp:attachment":[{"href":"https:\/\/cndestetik.ch\/fr\/wp-json\/wp\/v2\/media?parent=44184"}],"wp:term":[{"taxonomy":"product_brand","embeddable":true,"href":"https:\/\/cndestetik.ch\/fr\/wp-json\/wp\/v2\/product_brand?post=44184"},{"taxonomy":"product_cat","embeddable":true,"href":"https:\/\/cndestetik.ch\/fr\/wp-json\/wp\/v2\/product_cat?post=44184"},{"taxonomy":"product_tag","embeddable":true,"href":"https:\/\/cndestetik.ch\/fr\/wp-json\/wp\/v2\/product_tag?post=44184"}],"curies":[{"name":"wp","href":"https:\/\/api.w.org\/{rel}","templated":true}]}}