{"id":44157,"date":"2022-06-14T14:30:35","date_gmt":"2022-06-14T12:30:35","guid":{"rendered":"https:\/\/ticinoweb01.jcloud.ik-server.com\/cndestetik\/prodotto\/tampons-de-coton-professionnels\/"},"modified":"2023-09-08T11:53:26","modified_gmt":"2023-09-08T09:53:26","slug":"tampons-professionnels-en-coton","status":"publish","type":"product","link":"https:\/\/cndestetik.ch\/fr\/prodotto\/tampons-professionnels-en-coton\/","title":{"rendered":"Tampons de coton professionnels"},"content":{"rendered":"<p><span data-sheets-value=\"{\"1\":2,\"2\":\"Pads pretagliati in cotone 100 % misura 5 cm. x 5 cm. confezione da 500 pz.\"}\" data-sheets-userformat=\"{\"2\":15297,\"3\":{\"1\":0},\"9\":0,\"10\":2,\"11\":0,\"12\":0,\"14\":{\"1\":2,\"2\":0},\"15\":\"Calibri\",\"16\":11}\">Tampons pr\u00e9d\u00e9coup\u00e9s en 100% coton. Taille 5 cm x 5 cm, paquet de 500 pi\u00e8ces.<\/span><\/p>\n","protected":false},"excerpt":{"rendered":"<p><span data-sheets-value=\"{\"1\":2,\"2\":\"Pads pretagliati in cotone 100 % misura 5 cm. x 5 cm. confezione da 500 pz.\"}\" data-sheets-userformat=\"{\"2\":15297,\"3\":{\"1\":0},\"9\":0,\"10\":2,\"11\":0,\"12\":0,\"14\":{\"1\":2,\"2\":0},\"15\":\"Calibri\",\"16\":11}\">Tampons pr\u00e9d\u00e9coup\u00e9s en 100% coton. Mesures 5 cm x 5 cm<\/span><\/p>\n","protected":false},"featured_media":43844,"template":"","meta":{"_acf_changed":false},"product_brand":[],"product_cat":[1501,906],"product_tag":[1195,1127,1483,1354,1355],"class_list":{"0":"post-44157","1":"product","2":"type-product","3":"status-publish","4":"has-post-thumbnail","6":"product_cat-nails-manucure-et-pedicure","7":"product_cat-usage-unique","8":"product_tag-coton","9":"product_tag-coussinets","10":"product_tag-manucure","11":"product_tag-ongles","12":"product_tag-ongles-fr","14":"first","15":"outofstock","16":"taxable","17":"shipping-taxable","18":"purchasable","19":"product-type-simple"},"acf":[],"jetpack_sharing_enabled":true,"_links":{"self":[{"href":"https:\/\/cndestetik.ch\/fr\/wp-json\/wp\/v2\/product\/44157","targetHints":{"allow":["GET"]}}],"collection":[{"href":"https:\/\/cndestetik.ch\/fr\/wp-json\/wp\/v2\/product"}],"about":[{"href":"https:\/\/cndestetik.ch\/fr\/wp-json\/wp\/v2\/types\/product"}],"wp:featuredmedia":[{"embeddable":true,"href":"https:\/\/cndestetik.ch\/fr\/wp-json\/wp\/v2\/media\/43844"}],"wp:attachment":[{"href":"https:\/\/cndestetik.ch\/fr\/wp-json\/wp\/v2\/media?parent=44157"}],"wp:term":[{"taxonomy":"product_brand","embeddable":true,"href":"https:\/\/cndestetik.ch\/fr\/wp-json\/wp\/v2\/product_brand?post=44157"},{"taxonomy":"product_cat","embeddable":true,"href":"https:\/\/cndestetik.ch\/fr\/wp-json\/wp\/v2\/product_cat?post=44157"},{"taxonomy":"product_tag","embeddable":true,"href":"https:\/\/cndestetik.ch\/fr\/wp-json\/wp\/v2\/product_tag?post=44157"}],"curies":[{"name":"wp","href":"https:\/\/api.w.org\/{rel}","templated":true}]}}