{"id":40432,"date":"2022-06-03T15:17:09","date_gmt":"2022-06-03T13:17:09","guid":{"rendered":"https:\/\/ticinoweb01.jcloud.ik-server.com\/cndestetik\/prodotto\/chausse-pieds-bleu-pcs-1000\/"},"modified":"2022-11-15T16:00:24","modified_gmt":"2022-11-15T15:00:24","slug":"calzascarpa-blu-pz-1000","status":"publish","type":"product","link":"https:\/\/cndestetik.ch\/fr\/prodotto\/calzascarpa-blu-pz-1000\/","title":{"rendered":"Chausse-pieds Bleu pcs. 1000"},"content":{"rendered":"<p><span data-sheets-value=\"{\"1\":2,\"2\":\"Calzascarpe monouso in polietilene con elastico. Confezione da 1000 pz.\"}\" data-sheets-userformat=\"{\"2\":15297,\"3\":{\"1\":0},\"9\":0,\"10\":2,\"11\":0,\"12\":0,\"14\":{\"1\":2,\"2\":0},\"15\":\"Calibri\",\"16\":11}\">Corne \u00e0 chaussures jetable en poly\u00e9thyl\u00e8ne avec bande \u00e9lastique. Paquet de 1000 pi\u00e8ces.<\/span><\/p>\n","protected":false},"excerpt":{"rendered":"<p>Cornes \u00e0 chaussures bleues jetables en paquet de 1000 pi\u00e8ces.<\/p>\n","protected":false},"featured_media":40429,"template":"","meta":{"_acf_changed":false},"product_brand":[],"product_cat":[1208],"product_tag":[2358,2359],"class_list":{"0":"post-40432","1":"product","2":"type-product","3":"status-publish","4":"has-post-thumbnail","6":"product_cat-hygiene-et-securite","7":"product_tag-chausse-pieds","8":"product_tag-jetable","10":"first","11":"instock","12":"taxable","13":"shipping-taxable","14":"purchasable","15":"product-type-simple"},"acf":[],"jetpack_sharing_enabled":true,"_links":{"self":[{"href":"https:\/\/cndestetik.ch\/fr\/wp-json\/wp\/v2\/product\/40432","targetHints":{"allow":["GET"]}}],"collection":[{"href":"https:\/\/cndestetik.ch\/fr\/wp-json\/wp\/v2\/product"}],"about":[{"href":"https:\/\/cndestetik.ch\/fr\/wp-json\/wp\/v2\/types\/product"}],"wp:featuredmedia":[{"embeddable":true,"href":"https:\/\/cndestetik.ch\/fr\/wp-json\/wp\/v2\/media\/40429"}],"wp:attachment":[{"href":"https:\/\/cndestetik.ch\/fr\/wp-json\/wp\/v2\/media?parent=40432"}],"wp:term":[{"taxonomy":"product_brand","embeddable":true,"href":"https:\/\/cndestetik.ch\/fr\/wp-json\/wp\/v2\/product_brand?post=40432"},{"taxonomy":"product_cat","embeddable":true,"href":"https:\/\/cndestetik.ch\/fr\/wp-json\/wp\/v2\/product_cat?post=40432"},{"taxonomy":"product_tag","embeddable":true,"href":"https:\/\/cndestetik.ch\/fr\/wp-json\/wp\/v2\/product_tag?post=40432"}],"curies":[{"name":"wp","href":"https:\/\/api.w.org\/{rel}","templated":true}]}}