{"id":40420,"date":"2022-06-03T15:10:09","date_gmt":"2022-06-03T13:10:09","guid":{"rendered":"https:\/\/ticinoweb01.jcloud.ik-server.com\/cndestetik\/prodotto\/lingettes-desinfectantes-tube-de-100-lingettes\/"},"modified":"2022-11-15T16:00:26","modified_gmt":"2022-11-15T15:00:26","slug":"lingettes-desinfectantes-tube-de-100-lingettes","status":"publish","type":"product","link":"https:\/\/cndestetik.ch\/fr\/prodotto\/lingettes-desinfectantes-tube-de-100-lingettes\/","title":{"rendered":"Lingettes d\u00e9sinfectantes &#8211; Tube de 100 lingettes"},"content":{"rendered":"<p><span data-sheets-value=\"{\"1\":2,\"2\":\"FAZZOLETTINI DISINFETTANTI\\n\\n\u2022 barattolo da 100 salviettine\\n\\nUtili contro i batteri e ideali per i bambini: non bruciano.\\nIndispensabili a casa, in auto, nello sport.\\nIndicati contro la puntura di insetti, prima e dopo le iniezioni, nella disinfezione della cute\"}\" data-sheets-userformat=\"{\"2\":15297,\"3\":{\"1\":0},\"9\":0,\"10\":2,\"11\":0,\"12\":0,\"14\":{\"1\":2,\"2\":0},\"15\":\"Calibri\",\"16\":11}\">TISSUS D\u00c9SINFECTANTS<\/span><\/p>\n<p>&#8211; bo\u00eete de 100 lingettes<\/p>\n<p>Utiles contre les bact\u00e9ries et id\u00e9ales pour les enfants : elles ne br\u00fblent pas.<br \/>\nIndispensable \u00e0 la maison, dans la voiture, au sport.<br \/>\nIndiqu\u00e9 contre les piq\u00fbres d&#8217;insectes, avant et apr\u00e8s les injections, dans la d\u00e9sinfection de la peau.<\/p>\n","protected":false},"excerpt":{"rendered":"<p>Mouchoirs en papier d\u00e9sinfectants en tubes de 100<\/p>\n","protected":false},"featured_media":40417,"template":"","meta":{"_acf_changed":false},"product_brand":[],"product_cat":[1208],"product_tag":[2351,2350],"class_list":{"0":"post-40420","1":"product","2":"type-product","3":"status-publish","4":"has-post-thumbnail","6":"product_cat-hygiene-et-securite","7":"product_tag-lingettes-desinfectantes","8":"product_tag-mouchoirs-en-papier-hygieniques","10":"first","11":"instock","12":"taxable","13":"shipping-taxable","14":"purchasable","15":"product-type-simple"},"acf":[],"jetpack_sharing_enabled":true,"_links":{"self":[{"href":"https:\/\/cndestetik.ch\/fr\/wp-json\/wp\/v2\/product\/40420","targetHints":{"allow":["GET"]}}],"collection":[{"href":"https:\/\/cndestetik.ch\/fr\/wp-json\/wp\/v2\/product"}],"about":[{"href":"https:\/\/cndestetik.ch\/fr\/wp-json\/wp\/v2\/types\/product"}],"wp:featuredmedia":[{"embeddable":true,"href":"https:\/\/cndestetik.ch\/fr\/wp-json\/wp\/v2\/media\/40417"}],"wp:attachment":[{"href":"https:\/\/cndestetik.ch\/fr\/wp-json\/wp\/v2\/media?parent=40420"}],"wp:term":[{"taxonomy":"product_brand","embeddable":true,"href":"https:\/\/cndestetik.ch\/fr\/wp-json\/wp\/v2\/product_brand?post=40420"},{"taxonomy":"product_cat","embeddable":true,"href":"https:\/\/cndestetik.ch\/fr\/wp-json\/wp\/v2\/product_cat?post=40420"},{"taxonomy":"product_tag","embeddable":true,"href":"https:\/\/cndestetik.ch\/fr\/wp-json\/wp\/v2\/product_tag?post=40420"}],"curies":[{"name":"wp","href":"https:\/\/api.w.org\/{rel}","templated":true}]}}