{"id":40413,"date":"2020-12-14T13:47:13","date_gmt":"2020-12-14T12:47:13","guid":{"rendered":"https:\/\/ticinoweb01.jcloud.ik-server.com\/cndestetik\/prodotto\/pansements\/"},"modified":"2020-12-14T13:47:13","modified_gmt":"2020-12-14T12:47:13","slug":"enveloppes","status":"publish","type":"product","link":"https:\/\/cndestetik.ch\/fr\/prodotto\/enveloppes\/","title":{"rendered":"Pansements"},"content":{"rendered":"<p>Fabriqu\u00e9s en pur coton, vous pouvez les utiliser, les laver et les r\u00e9utiliser&#8230; respectueux de l&#8217;environnement, ils r\u00e9duisent les d\u00e9chets ! Faites-les tremper dans de l&#8217;eau sal\u00e9e (avec 2 \u00e0 3 cuill\u00e8res \u00e0 soupe de sel d&#8217;Epsom), puis enfilez-les en partant de la cheville, sans trop serrer, en remontant jusqu&#8217;au bassin.<\/p>\n","protected":false},"excerpt":{"rendered":"<p>Fabriqu\u00e9s en pur coton, vous pouvez les utiliser, les laver et les r\u00e9utiliser&#8230; respectueux de l&#8217;environnement, ils r\u00e9duisent les d\u00e9chets ! Faites-les tremper dans de l&#8217;eau sal\u00e9e (avec 2 \u00e0 3 cuill\u00e8res \u00e0 soupe de sel d&#8217;Epsom), puis enfilez-les en partant de la cheville, sans trop serrer, en remontant jusqu&#8217;au bassin.<\/p>\n","protected":false},"featured_media":0,"template":"","meta":{"_acf_changed":false},"product_brand":[],"product_cat":[15],"product_tag":[],"class_list":{"0":"post-40413","1":"product","2":"type-product","3":"status-publish","5":"product_cat-07-cosmetica","7":"first","8":"instock","9":"taxable","10":"shipping-taxable","11":"purchasable","12":"product-type-simple"},"acf":[],"jetpack_sharing_enabled":true,"_links":{"self":[{"href":"https:\/\/cndestetik.ch\/fr\/wp-json\/wp\/v2\/product\/40413","targetHints":{"allow":["GET"]}}],"collection":[{"href":"https:\/\/cndestetik.ch\/fr\/wp-json\/wp\/v2\/product"}],"about":[{"href":"https:\/\/cndestetik.ch\/fr\/wp-json\/wp\/v2\/types\/product"}],"wp:attachment":[{"href":"https:\/\/cndestetik.ch\/fr\/wp-json\/wp\/v2\/media?parent=40413"}],"wp:term":[{"taxonomy":"product_brand","embeddable":true,"href":"https:\/\/cndestetik.ch\/fr\/wp-json\/wp\/v2\/product_brand?post=40413"},{"taxonomy":"product_cat","embeddable":true,"href":"https:\/\/cndestetik.ch\/fr\/wp-json\/wp\/v2\/product_cat?post=40413"},{"taxonomy":"product_tag","embeddable":true,"href":"https:\/\/cndestetik.ch\/fr\/wp-json\/wp\/v2\/product_tag?post=40413"}],"curies":[{"name":"wp","href":"https:\/\/api.w.org\/{rel}","templated":true}]}}