{"id":40405,"date":"2020-12-17T11:37:36","date_gmt":"2020-12-17T10:37:36","guid":{"rendered":"https:\/\/ticinoweb01.jcloud.ik-server.com\/cndestetik\/prodotto\/pelote-a-epingles-daromatherapie\/"},"modified":"2020-12-17T11:37:36","modified_gmt":"2020-12-17T10:37:36","slug":"pinetto-pour-aromatherapie","status":"publish","type":"product","link":"https:\/\/cndestetik.ch\/fr\/prodotto\/pinetto-pour-aromatherapie\/","title":{"rendered":"Pelote \u00e0 \u00e9pingles d&#8217;aromath\u00e9rapie"},"content":{"rendered":"<p><span data-sheets-value=\"{\"1\":2,\"2\":\"Accessorio indispensabile per chi vuole portare con se facilmente le proprie essenze. Nell'apposita mini bottiglia in vetro inserisci la tua essenza preferita o la tua sinergia preferita, avvita il tappo e il gioco \u00e8 fatto. L'essenza, molecola volatile, impregner\u00e0 il legno e diffonder\u00e0 nel tempo tutte le sue caratteristiche e pregi. Molto utile in macchina al posto dei profumatori chimici oppure nei piccoli ambienti (come il bagno o l'interno degli armadi); da tenere sulla scrivania o sul comodino. Ottimo anche come idea regalo!\"}\" data-sheets-userformat=\"{\"2\":14530,\"4\":{\"1\":2,\"2\":16777215},\"9\":0,\"10\":2,\"14\":{\"1\":2,\"2\":0},\"15\":\"Arial\",\"16\":10}\">Tr\u00e8s utile dans la voiture \u00e0 la place des parfums chimiques ou dans les petites pi\u00e8ces (comme la salle de bain ou l&#8217;int\u00e9rieur des armoires) ; gardez-le sur votre bureau ou votre table de chevet.<\/span><\/p>\n<p><span data-sheets-value=\"{\"1\":2,\"2\":\"Accessorio indispensabile per chi vuole portare con se facilmente le proprie essenze. Nell'apposita mini bottiglia in vetro inserisci la tua essenza preferita o la tua sinergia preferita, avvita il tappo e il gioco \u00e8 fatto. L'essenza, molecola volatile, impregner\u00e0 il legno e diffonder\u00e0 nel tempo tutte le sue caratteristiche e pregi. Molto utile in macchina al posto dei profumatori chimici oppure nei piccoli ambienti (come il bagno o l'interno degli armadi); da tenere sulla scrivania o sul comodino. Ottimo anche come idea regalo!\"}\" data-sheets-userformat=\"{\"2\":14530,\"4\":{\"1\":2,\"2\":16777215},\"9\":0,\"10\":2,\"14\":{\"1\":2,\"2\":0},\"15\":\"Arial\",\"16\":10}\"><br \/>\nC&#8217;est aussi une excellente id\u00e9e de cadeau !<\/span><\/p>\n","protected":false},"excerpt":{"rendered":"<p><span data-sheets-value=\"{\"1\":2,\"2\":\"Accessorio indispensabile per chi vuole portare con se facilmente le proprie essenze. Nell'apposita mini bottiglia in vetro inserisci la tua essenza preferita o la tua sinergia preferita, avvita il tappo e il gioco \u00e8 fatto. L'essenza, molecola volatile, impregner\u00e0 il legno e diffonder\u00e0 nel tempo tutte le sue caratteristiche e pregi. Molto utile in macchina al posto dei profumatori chimici oppure nei piccoli ambienti (come il bagno o l'interno degli armadi); da tenere sulla scrivania o sul comodino. Ottimo anche come idea regalo!\"}\" data-sheets-userformat=\"{\"2\":14530,\"4\":{\"1\":2,\"2\":16777215},\"9\":0,\"10\":2,\"14\":{\"1\":2,\"2\":0},\"15\":\"Arial\",\"16\":10}\">Ce pinetto d&#8217;aromath\u00e9rapie est un accessoire indispensable pour ceux qui veulent emporter facilement leurs essences avec eux.<\/span><\/p>\n<p><span data-sheets-value=\"{\"1\":2,\"2\":\"Accessorio indispensabile per chi vuole portare con se facilmente le proprie essenze. Nell'apposita mini bottiglia in vetro inserisci la tua essenza preferita o la tua sinergia preferita, avvita il tappo e il gioco \u00e8 fatto. L'essenza, molecola volatile, impregner\u00e0 il legno e diffonder\u00e0 nel tempo tutte le sue caratteristiche e pregi. Molto utile in macchina al posto dei profumatori chimici oppure nei piccoli ambienti (come il bagno o l'interno degli armadi); da tenere sulla scrivania o sul comodino. Ottimo anche come idea regalo!\"}\" data-sheets-userformat=\"{\"2\":14530,\"4\":{\"1\":2,\"2\":16777215},\"9\":0,\"10\":2,\"14\":{\"1\":2,\"2\":0},\"15\":\"Arial\",\"16\":10}\"><br \/>\nIns\u00e9rez votre essence ou synergie pr\u00e9f\u00e9r\u00e9e dans la mini-bouteille en verre, vissez le bouchon et le tour est jou\u00e9. L&#8217;essence, une mol\u00e9cule volatile, impr\u00e8gne le bois et diffuse dans le temps toutes ses caract\u00e9ristiques et ses m\u00e9rites.<\/span><\/p>\n<p><span data-sheets-value=\"{\"1\":2,\"2\":\"Accessorio indispensabile per chi vuole portare con se facilmente le proprie essenze. Nell'apposita mini bottiglia in vetro inserisci la tua essenza preferita o la tua sinergia preferita, avvita il tappo e il gioco \u00e8 fatto. L'essenza, molecola volatile, impregner\u00e0 il legno e diffonder\u00e0 nel tempo tutte le sue caratteristiche e pregi. Molto utile in macchina al posto dei profumatori chimici oppure nei piccoli ambienti (come il bagno o l'interno degli armadi); da tenere sulla scrivania o sul comodino. Ottimo anche come idea regalo!\"}\" data-sheets-userformat=\"{\"2\":14530,\"4\":{\"1\":2,\"2\":16777215},\"9\":0,\"10\":2,\"14\":{\"1\":2,\"2\":0},\"15\":\"Arial\",\"16\":10}\"> <\/span><\/p>\n","protected":false},"featured_media":0,"template":"","meta":{"_acf_changed":false},"product_brand":[],"product_cat":[15],"product_tag":[],"class_list":{"0":"post-40405","1":"product","2":"type-product","3":"status-publish","5":"product_cat-07-cosmetica","7":"first","8":"instock","9":"taxable","10":"shipping-taxable","11":"purchasable","12":"product-type-simple"},"acf":[],"jetpack_sharing_enabled":true,"_links":{"self":[{"href":"https:\/\/cndestetik.ch\/fr\/wp-json\/wp\/v2\/product\/40405","targetHints":{"allow":["GET"]}}],"collection":[{"href":"https:\/\/cndestetik.ch\/fr\/wp-json\/wp\/v2\/product"}],"about":[{"href":"https:\/\/cndestetik.ch\/fr\/wp-json\/wp\/v2\/types\/product"}],"wp:attachment":[{"href":"https:\/\/cndestetik.ch\/fr\/wp-json\/wp\/v2\/media?parent=40405"}],"wp:term":[{"taxonomy":"product_brand","embeddable":true,"href":"https:\/\/cndestetik.ch\/fr\/wp-json\/wp\/v2\/product_brand?post=40405"},{"taxonomy":"product_cat","embeddable":true,"href":"https:\/\/cndestetik.ch\/fr\/wp-json\/wp\/v2\/product_cat?post=40405"},{"taxonomy":"product_tag","embeddable":true,"href":"https:\/\/cndestetik.ch\/fr\/wp-json\/wp\/v2\/product_tag?post=40405"}],"curies":[{"name":"wp","href":"https:\/\/api.w.org\/{rel}","templated":true}]}}