{"id":40392,"date":"2022-06-03T14:55:40","date_gmt":"2022-06-03T12:55:40","guid":{"rendered":"https:\/\/ticinoweb01.jcloud.ik-server.com\/cndestetik\/prodotto\/lingettes-germocid-alcool-60\/"},"modified":"2022-11-15T16:00:27","modified_gmt":"2022-11-15T15:00:27","slug":"germocid-wipes-alcohol-60","status":"publish","type":"product","link":"https:\/\/cndestetik.ch\/fr\/prodotto\/germocid-wipes-alcohol-60\/","title":{"rendered":"Lingettes Germocid &#8211; alcool 60 %."},"content":{"rendered":"<p><span data-sheets-value=\"{\"1\":2,\"2\":\"Ideali per detergere e disinfettare dispositivi medici non invasivi e superfici di studi medici e dentistici.\\nAzione disinfettante: azione disinfettante rapida ed efficace contro batteri Gram+ e Gram-, lieviti, muffe, funghi, micobatteri tubercolari (TBC), virus (HIV - HVB - HVC).\\nNon sono inattivate da residui organici.\\nElevato potere detergente e rapida evaporazione\"}\" data-sheets-userformat=\"{\"2\":15297,\"3\":{\"1\":0},\"9\":0,\"10\":2,\"11\":0,\"12\":0,\"14\":{\"1\":2,\"2\":0},\"15\":\"Calibri\",\"16\":11}\">Id\u00e9al pour nettoyer et d\u00e9sinfecter les dispositifs m\u00e9dicaux non invasifs et les surfaces dans les cabinets m\u00e9dicaux et dentaires.<br \/>\nAction d\u00e9sinfectante : action d\u00e9sinfectante rapide et efficace contre les bact\u00e9ries Gram+ et Gram-, les levures, les moisissures, les champignons, les mycobact\u00e9ries tuberculeuses (TB), les virus (HIV &#8211; HVB &#8211; HVC).<br \/>\nIls ne sont pas inactiv\u00e9s par les r\u00e9sidus organiques.<br \/>\nPouvoir d\u00e9tergent \u00e9lev\u00e9 et \u00e9vaporation rapide.<\/span><\/p>\n<p>220 pi\u00e8ces par tube.<\/p>\n","protected":false},"excerpt":{"rendered":"<p>Pot de 220 lingettes d\u00e9sinfectantes.<\/p>\n","protected":false},"featured_media":40389,"template":"","meta":{"_acf_changed":false},"product_brand":[],"product_cat":[1208],"product_tag":[2270,2290,2291,2292],"class_list":{"0":"post-40392","1":"product","2":"type-product","3":"status-publish","4":"has-post-thumbnail","6":"product_cat-hygiene-et-securite","7":"product_tag-desinfectant","8":"product_tag-lingettes","9":"product_tag-lingettes-fr","10":"product_tag-lingettes-fr-2","12":"first","13":"instock","14":"taxable","15":"shipping-taxable","16":"purchasable","17":"product-type-simple"},"acf":[],"jetpack_sharing_enabled":true,"_links":{"self":[{"href":"https:\/\/cndestetik.ch\/fr\/wp-json\/wp\/v2\/product\/40392","targetHints":{"allow":["GET"]}}],"collection":[{"href":"https:\/\/cndestetik.ch\/fr\/wp-json\/wp\/v2\/product"}],"about":[{"href":"https:\/\/cndestetik.ch\/fr\/wp-json\/wp\/v2\/types\/product"}],"wp:featuredmedia":[{"embeddable":true,"href":"https:\/\/cndestetik.ch\/fr\/wp-json\/wp\/v2\/media\/40389"}],"wp:attachment":[{"href":"https:\/\/cndestetik.ch\/fr\/wp-json\/wp\/v2\/media?parent=40392"}],"wp:term":[{"taxonomy":"product_brand","embeddable":true,"href":"https:\/\/cndestetik.ch\/fr\/wp-json\/wp\/v2\/product_brand?post=40392"},{"taxonomy":"product_cat","embeddable":true,"href":"https:\/\/cndestetik.ch\/fr\/wp-json\/wp\/v2\/product_cat?post=40392"},{"taxonomy":"product_tag","embeddable":true,"href":"https:\/\/cndestetik.ch\/fr\/wp-json\/wp\/v2\/product_tag?post=40392"}],"curies":[{"name":"wp","href":"https:\/\/api.w.org\/{rel}","templated":true}]}}