{"id":40383,"date":"2022-06-03T14:48:55","date_gmt":"2022-06-03T12:48:55","guid":{"rendered":"https:\/\/ticinoweb01.jcloud.ik-server.com\/cndestetik\/prodotto\/savon-medical-05\/"},"modified":"2022-11-15T16:00:24","modified_gmt":"2022-11-15T15:00:24","slug":"savon-medical-0-5","status":"publish","type":"product","link":"https:\/\/cndestetik.ch\/fr\/prodotto\/savon-medical-0-5\/","title":{"rendered":"Savon m\u00e9dical 0,5"},"content":{"rendered":"<p><span data-sheets-value=\"{\"1\":2,\"2\":\"Sapone liquido antisettico per disinfettare mani e cute.\\nIndicato per la disinfezione delle mani del chirurgo e del personale medico e per il lavaggio del paziente prima degli interventi.\\nRiduce il rischio di infezioni crociate.\\nContiene sostanze emollienti che lasciano la pelle morbida\"}\" data-sheets-userformat=\"{\"2\":15297,\"3\":{\"1\":0},\"9\":0,\"10\":2,\"11\":0,\"12\":0,\"14\":{\"1\":2,\"2\":0},\"15\":\"Calibri\",\"16\":11}\">Savon liquide antiseptique pour la d\u00e9sinfection des mains et de la peau.<br \/>\nConvient pour d\u00e9sinfecter les mains des chirurgiens et du personnel m\u00e9dical et pour laver le patient avant les op\u00e9rations.<br \/>\nR\u00e9duit le risque d&#8217;infection crois\u00e9e.<br \/>\nContient des \u00e9mollients qui laissent la peau douce.<\/span><\/p>\n","protected":false},"excerpt":{"rendered":"<p><span data-sheets-value=\"{\"1\":2,\"2\":\"Sapone liquido antisettico per disinfettare mani e cute.\\nIndicato per la disinfezione delle mani del chirurgo e del personale medico e per il lavaggio del paziente prima degli interventi.\\nRiduce il rischio di infezioni crociate.\\nContiene sostanze emollienti che lasciano la pelle morbida\"}\" data-sheets-userformat=\"{\"2\":15297,\"3\":{\"1\":0},\"9\":0,\"10\":2,\"11\":0,\"12\":0,\"14\":{\"1\":2,\"2\":0},\"15\":\"Calibri\",\"16\":11}\">Savon liquide d\u00e9sinfectant.<\/span><\/p>\n","protected":false},"featured_media":46785,"template":"","meta":{"_acf_changed":false},"product_brand":[],"product_cat":[1208],"product_tag":[1057,2280,2281],"class_list":{"0":"post-40383","1":"product","2":"type-product","3":"status-publish","4":"has-post-thumbnail","6":"product_cat-hygiene-et-securite","7":"product_tag-du-savon","8":"product_tag-medecin","9":"product_tag-savon-medical","11":"first","12":"instock","13":"taxable","14":"shipping-taxable","15":"purchasable","16":"product-type-simple"},"acf":[],"jetpack_sharing_enabled":true,"_links":{"self":[{"href":"https:\/\/cndestetik.ch\/fr\/wp-json\/wp\/v2\/product\/40383","targetHints":{"allow":["GET"]}}],"collection":[{"href":"https:\/\/cndestetik.ch\/fr\/wp-json\/wp\/v2\/product"}],"about":[{"href":"https:\/\/cndestetik.ch\/fr\/wp-json\/wp\/v2\/types\/product"}],"wp:featuredmedia":[{"embeddable":true,"href":"https:\/\/cndestetik.ch\/fr\/wp-json\/wp\/v2\/media\/46785"}],"wp:attachment":[{"href":"https:\/\/cndestetik.ch\/fr\/wp-json\/wp\/v2\/media?parent=40383"}],"wp:term":[{"taxonomy":"product_brand","embeddable":true,"href":"https:\/\/cndestetik.ch\/fr\/wp-json\/wp\/v2\/product_brand?post=40383"},{"taxonomy":"product_cat","embeddable":true,"href":"https:\/\/cndestetik.ch\/fr\/wp-json\/wp\/v2\/product_cat?post=40383"},{"taxonomy":"product_tag","embeddable":true,"href":"https:\/\/cndestetik.ch\/fr\/wp-json\/wp\/v2\/product_tag?post=40383"}],"curies":[{"name":"wp","href":"https:\/\/api.w.org\/{rel}","templated":true}]}}