{"id":40163,"date":"2020-12-17T12:04:39","date_gmt":"2020-12-17T11:04:39","guid":{"rendered":"https:\/\/ticinoweb01.jcloud.ik-server.com\/cndestetik\/prodotto\/oleolyte-spagyrique-pour-les-peaux-seches-microcosmo\/"},"modified":"2020-12-17T12:04:39","modified_gmt":"2020-12-17T11:04:39","slug":"oleolyte-spagyrique-peau-secca","status":"publish","type":"product","link":"https:\/\/cndestetik.ch\/fr\/prodotto\/oleolyte-spagyrique-peau-secca\/","title":{"rendered":"Ol\u00e9olyte spagyrique pour les peaux s\u00e8ches &#8211; MICROCOSMO"},"content":{"rendered":"<p>L&#8217;ol\u00e9olyte spagyrique est une pr\u00e9paration \u00e0 base de plantes qui consiste \u00e0 faire mac\u00e9rer la plante dans l&#8217;huile, ce qui permet d&#8217;extraire les principes liposolubles difficiles \u00e0 extraire avec des solvants ou d&#8217;autres moyens. Il s&#8217;agit d&#8217;une pr\u00e9paration riche en principes actifs et capable de transmettre les qualit\u00e9s \u00e9nerg\u00e9tiques inh\u00e9rentes \u00e0 la nature de chaque plante. Il est \u00e9labor\u00e9 \u00e0 partir de plantes r\u00e9colt\u00e9es directement dans la nature \u00e0 leur moment balsamique, c&#8217;est-\u00e0-dire lorsque leurs propri\u00e9t\u00e9s actives atteignent leur pic d&#8217;\u00e9nergie vitale.<\/p>\n<p>NOTRE CONSEIL ?<\/p>\n<p>Utilisez quelques pompes le soir en association avec le s\u00e9rum \u00e0 l&#8217;acide hyaluronique le plus appropri\u00e9 pour vous. Vous nourrirez votre peau en profondeur et au matin, vous la trouverez r\u00e9g\u00e9n\u00e9r\u00e9e et renforc\u00e9e !<\/p>\n","protected":false},"excerpt":{"rendered":"<p><span data-sheets-value=\"{\"1\":2,\"2\":\"Questo Oleolito ha una formulazione estremamente delicata e nutriente adatta anche alle pelli pi\u00f9 sensibile; idrata leniscela cute lasciando il viso morbido e luminoso. * L'oleolito spagirico \u00e8 una preparazione erboristica che prevede la macerazione della pianta in olio, con conseguente estrazione dei principi liposolubili difficimente estraibili con solventi o altro. E' un prerato ricchissimo di princi attivi e capace di trasmettere le qualit\u00e0 energetiche insite nella natura di ciascuna pianta. Viene realizzato da piante raccolte direttamente in natura nel loro momento balsamico, ovvero quando le loro proriet\u00e0 attive raggiungono l'apice dell'energia vitale. - Pu\u00f2 essere utilizzato puro sulla pelle oppure miscelato con altri prodotti (maschere, creme) - Nasce come composto viso ma pu\u00f2 essere utilizzato su tutto il corpo - Uso in caso di Gravidanza o Bambini Ingredienti 100% Organici e Naturali Vegan Cruelty Free IL NOSTRO CONSIGLIO? Usane un paio di pompaggi alla sera in combinazione con il SIERO ALL'ACIDO IALURONICO pi\u00f9 indicato per te. Nutrirai a fondo la pelle e al mattino la troverai rigenerata e rinforata! \"}\" data-sheets-userformat=\"{\"2\":14530,\"4\":{\"1\":2,\"2\":16777215},\"9\":0,\"10\":2,\"14\":{\"1\":2,\"2\":0},\"15\":\"Arial\",\"16\":10}\">Cette ol\u00e9olithe MICROCOSMO a une formulation extr\u00eamement douce et nourrissante qui convient m\u00eame aux peaux les plus sensibles ; elle hydrate et apaise la peau, laissant le visage doux et radieux.<\/span><\/p>\n<p>&#8211; Peut \u00eatre utilis\u00e9 pur sur la peau ou m\u00e9lang\u00e9 \u00e0 d&#8217;autres produits (masques, cr\u00e8mes)<br \/>\n&#8211; Il a \u00e9t\u00e9 cr\u00e9\u00e9 pour le visage mais peut \u00eatre utilis\u00e9 sur tout le corps.<br \/>\n&#8211; Utilisation autoris\u00e9e pendant la grossesse ou sur les enfants<\/p>\n<p>Ingr\u00e9dients 100% biologiques et naturels<br \/>\nVegan<br \/>\nSans cruaut\u00e9<\/p>\n<p>&nbsp;<\/p>\n","protected":false},"featured_media":0,"template":"","meta":{"_acf_changed":false},"product_brand":[],"product_cat":[15],"product_tag":[47,98,140,141,142],"class_list":{"0":"post-40163","1":"product","2":"type-product","3":"status-publish","5":"product_cat-07-cosmetica","6":"product_tag-microcosmo","7":"product_tag-oleolito","8":"product_tag-pelle","9":"product_tag-pelle-secca","10":"product_tag-secca","12":"first","13":"instock","14":"taxable","15":"shipping-taxable","16":"purchasable","17":"product-type-simple"},"acf":[],"jetpack_sharing_enabled":true,"_links":{"self":[{"href":"https:\/\/cndestetik.ch\/fr\/wp-json\/wp\/v2\/product\/40163","targetHints":{"allow":["GET"]}}],"collection":[{"href":"https:\/\/cndestetik.ch\/fr\/wp-json\/wp\/v2\/product"}],"about":[{"href":"https:\/\/cndestetik.ch\/fr\/wp-json\/wp\/v2\/types\/product"}],"wp:attachment":[{"href":"https:\/\/cndestetik.ch\/fr\/wp-json\/wp\/v2\/media?parent=40163"}],"wp:term":[{"taxonomy":"product_brand","embeddable":true,"href":"https:\/\/cndestetik.ch\/fr\/wp-json\/wp\/v2\/product_brand?post=40163"},{"taxonomy":"product_cat","embeddable":true,"href":"https:\/\/cndestetik.ch\/fr\/wp-json\/wp\/v2\/product_cat?post=40163"},{"taxonomy":"product_tag","embeddable":true,"href":"https:\/\/cndestetik.ch\/fr\/wp-json\/wp\/v2\/product_tag?post=40163"}],"curies":[{"name":"wp","href":"https:\/\/api.w.org\/{rel}","templated":true}]}}