{"id":40091,"date":"2022-06-03T11:43:01","date_gmt":"2022-06-03T09:43:01","guid":{"rendered":"https:\/\/ticinoweb01.jcloud.ik-server.com\/cndestetik\/prodotto\/tisane-shape\/"},"modified":"2022-12-01T10:51:54","modified_gmt":"2022-12-01T09:51:54","slug":"forme-de-tisane","status":"publish","type":"product","link":"https:\/\/cndestetik.ch\/fr\/prodotto\/forme-de-tisane\/","title":{"rendered":"Tisane Shape"},"content":{"rendered":"<p>12 2.5 Pyramides de Gr dans Doypack Bio<\/p>\n<p><span data-sheets-value=\"{\"1\":2,\"2\":\"INGREDIENTI: The Verde, lemongrass, zenzero, mate Brasiliano, finocchio, foglie di ortica, buccia di Limone, bacche di goji, scaglie di ananas. Ricca di Vitamine C,E,A,B e di sali minerali, \u00e8 un valido aiuto per aumentare i livelli di energie. I suoi ingredienti aiutano a prolungare il senso di saziet\u00e0 e a stimolare il metabolismo. Riduce i grassi ed \u00e8 ottima per ridurre la ritenzione idrica. Infusione 5-10 min. 90 gradi. Bere 1-2 tazze al giorno, vicine ai pasti. Sconsigliato alla sera. Abbinare almeno 60 minuti di camminata leggera al giorno oppure attivit\u00e0 sportiva. Da abbinare ai trattamenti snellenti che sono sia i pi\u00f9 ambiti che i pi\u00f9 insidiosi. Il risultato sta tutto nella \\\"buona educazione della cliente\\\". I trattamenti abbinabili alla nostra tisana consigliati sono: TRATTAMENTO CORPO SNELLENTE\/MASSAGGIO ANTICELLULITE RASSODANTE\/TERMOTERAPIA\"}\" data-sheets-userformat=\"{\"2\":15297,\"3\":{\"1\":0},\"9\":0,\"10\":2,\"11\":0,\"12\":0,\"14\":{\"1\":2,\"2\":0},\"15\":\"Calibri\",\"16\":11}\">INGR\u00c9DIENTS : Th\u00e9 vert, citronnelle, gingembre, mat\u00e9 br\u00e9silien, fenouil, feuilles d&#8217;ortie, \u00e9corce de citron, baies de goji, flocons d&#8217;ananas.  <\/span><\/p>\n<p><span data-sheets-value=\"{\"1\":2,\"2\":\"INGREDIENTI: The Verde, lemongrass, zenzero, mate Brasiliano, finocchio, foglie di ortica, buccia di Limone, bacche di goji, scaglie di ananas. Ricca di Vitamine C,E,A,B e di sali minerali, \u00e8 un valido aiuto per aumentare i livelli di energie. I suoi ingredienti aiutano a prolungare il senso di saziet\u00e0 e a stimolare il metabolismo. Riduce i grassi ed \u00e8 ottima per ridurre la ritenzione idrica. Infusione 5-10 min. 90 gradi. Bere 1-2 tazze al giorno, vicine ai pasti. Sconsigliato alla sera. Abbinare almeno 60 minuti di camminata leggera al giorno oppure attivit\u00e0 sportiva. Da abbinare ai trattamenti snellenti che sono sia i pi\u00f9 ambiti che i pi\u00f9 insidiosi. Il risultato sta tutto nella \\\"buona educazione della cliente\\\". I trattamenti abbinabili alla nostra tisana consigliati sono: TRATTAMENTO CORPO SNELLENTE\/MASSAGGIO ANTICELLULITE RASSODANTE\/TERMOTERAPIA\"}\" data-sheets-userformat=\"{\"2\":15297,\"3\":{\"1\":0},\"9\":0,\"10\":2,\"11\":0,\"12\":0,\"14\":{\"1\":2,\"2\":0},\"15\":\"Calibri\",\"16\":11}\">Riche en vitamines C, E, A, B et en min\u00e9raux, il constitue une aide pr\u00e9cieuse pour stimuler les niveaux d&#8217;\u00e9nergie. Ses ingr\u00e9dients contribuent \u00e0 prolonger la sati\u00e9t\u00e9 et \u00e0 stimuler le m\u00e9tabolisme. Il r\u00e9duit les graisses et est bon pour r\u00e9duire la r\u00e9tention d&#8217;eau. Infusion 5-10 min. 90 degr\u00e9s. Buvez 1 \u00e0 2 tasses par jour, pr\u00e8s des repas. Non recommand\u00e9 le soir. Combinez au moins 60 minutes de marche l\u00e9g\u00e8re par jour ou une activit\u00e9 sportive.  <\/span><\/p>\n<p><span data-sheets-value=\"{\"1\":2,\"2\":\"INGREDIENTI: The Verde, lemongrass, zenzero, mate Brasiliano, finocchio, foglie di ortica, buccia di Limone, bacche di goji, scaglie di ananas. Ricca di Vitamine C,E,A,B e di sali minerali, \u00e8 un valido aiuto per aumentare i livelli di energie. I suoi ingredienti aiutano a prolungare il senso di saziet\u00e0 e a stimolare il metabolismo. Riduce i grassi ed \u00e8 ottima per ridurre la ritenzione idrica. Infusione 5-10 min. 90 gradi. Bere 1-2 tazze al giorno, vicine ai pasti. Sconsigliato alla sera. Abbinare almeno 60 minuti di camminata leggera al giorno oppure attivit\u00e0 sportiva. Da abbinare ai trattamenti snellenti che sono sia i pi\u00f9 ambiti che i pi\u00f9 insidiosi. Il risultato sta tutto nella \\\"buona educazione della cliente\\\". I trattamenti abbinabili alla nostra tisana consigliati sono: TRATTAMENTO CORPO SNELLENTE\/MASSAGGIO ANTICELLULITE RASSODANTE\/TERMOTERAPIA\"}\" data-sheets-userformat=\"{\"2\":15297,\"3\":{\"1\":0},\"9\":0,\"10\":2,\"11\":0,\"12\":0,\"14\":{\"1\":2,\"2\":0},\"15\":\"Calibri\",\"16\":11}\">A combiner avec des traitements amincissants qui sont \u00e0 la fois les plus convoit\u00e9s et les plus insidieux. Le r\u00e9sultat est une &#8220;bonne \u00e9ducation du client&#8221;. Les traitements qui peuvent \u00eatre associ\u00e9s \u00e0 la tisane que nous recommandons sont les suivants TRAITEMENT CORPOREL AMINCISSANT\/MASSAGE ANTI-CELLULITE RAFFERMISSANT\/THERMOTH\u00c9RAPIE<\/span><\/p>\n<p>1 paquet = 7,9 CHF &#8211; 6 paquets = 7,5 CHF par paquet &#8211; 12 paquets = 7 CHF par paquet<\/p>\n","protected":false},"excerpt":{"rendered":"<p>Tisane bien-\u00eatre minceur. 12 filtres pyramidaux biod\u00e9gradables pour le bien-\u00eatre du corps. A combiner avec les traitements en cabine.<\/p>\n","protected":false},"featured_media":40598,"template":"","meta":{"_acf_changed":false},"product_brand":[],"product_cat":[1994],"product_tag":[2037,2035,2012,2038,2013,2039],"class_list":{"0":"post-40091","1":"product","2":"type-product","3":"status-publish","4":"has-post-thumbnail","6":"product_cat-tisanes-bien-etre","7":"product_tag-forme","8":"product_tag-formulaire","9":"product_tag-tisane-fr","10":"product_tag-tisane-de-forme","11":"product_tag-tisanes","12":"product_tag-tisanes-de-forme","13":"pa_pacchetto-1-paquet","14":"pa_pacchetto-12-paquets","15":"pa_pacchetto-6-paquets","17":"first","18":"instock","19":"taxable","20":"shipping-taxable","21":"purchasable","22":"product-type-variable","23":"has-default-attributes"},"acf":[],"jetpack_sharing_enabled":true,"_links":{"self":[{"href":"https:\/\/cndestetik.ch\/fr\/wp-json\/wp\/v2\/product\/40091","targetHints":{"allow":["GET"]}}],"collection":[{"href":"https:\/\/cndestetik.ch\/fr\/wp-json\/wp\/v2\/product"}],"about":[{"href":"https:\/\/cndestetik.ch\/fr\/wp-json\/wp\/v2\/types\/product"}],"wp:featuredmedia":[{"embeddable":true,"href":"https:\/\/cndestetik.ch\/fr\/wp-json\/wp\/v2\/media\/40598"}],"wp:attachment":[{"href":"https:\/\/cndestetik.ch\/fr\/wp-json\/wp\/v2\/media?parent=40091"}],"wp:term":[{"taxonomy":"product_brand","embeddable":true,"href":"https:\/\/cndestetik.ch\/fr\/wp-json\/wp\/v2\/product_brand?post=40091"},{"taxonomy":"product_cat","embeddable":true,"href":"https:\/\/cndestetik.ch\/fr\/wp-json\/wp\/v2\/product_cat?post=40091"},{"taxonomy":"product_tag","embeddable":true,"href":"https:\/\/cndestetik.ch\/fr\/wp-json\/wp\/v2\/product_tag?post=40091"}],"curies":[{"name":"wp","href":"https:\/\/api.w.org\/{rel}","templated":true}]}}