{"id":40054,"date":"2022-06-03T11:34:45","date_gmt":"2022-06-03T09:34:45","guid":{"rendered":"https:\/\/ticinoweb01.jcloud.ik-server.com\/cndestetik\/prodotto\/tisane-degouttage\/"},"modified":"2022-12-01T11:17:19","modified_gmt":"2022-12-01T10:17:19","slug":"tisane-drainage","status":"publish","type":"product","link":"https:\/\/cndestetik.ch\/fr\/prodotto\/tisane-drainage\/","title":{"rendered":"Tisane d&#8217;\u00e9gouttage"},"content":{"rendered":"<p>2.5 Pyramides Gr dans Doypack Bio<\/p>\n<p><span data-sheets-value=\"{\"1\":2,\"2\":\"iNGREDIENTI: The Verde, finocchio, foglie di Melissa, foglie di Ortica, foglie di Moringa, ciliegia liofilizzata, scaglie di Ananas. Ricca di Vitamine C,E,A, aiuta la digestione e il rilassamento dell'addome per l'eliminazione dei liquidi. E' ottima per la ritenzione idrica e come antiossidante. Infusione 5-10 min. 90 gradi. Bere 1-2 tazze al giorno, meglio se consumate entro le 15. Sconsigliato alla sera. Abbinare almeno 30 minuti di camminata al giorno. Daabbinare a trattamenti drenanti che sono i pi\u00f9 richiesti durante tutto l'anno. Gambe gonfie e pesanti, accumulo di liquidi, rutenzione idrica, cellulite e quant'altro sono alcune delle cause che portano le donne a rivolgersi all'estetista. Questi trattamenti, all'interno di un pacchetto, sono una parte fondamentale e imprescindibile: costituiscono almeno il 50 % se non pi\u00f9 del percorso completo. I trattamenti ove \u00e8 pi\u00f9 consigliato l'abbinamento della nostra tisana sono BENDAGGI\/TRATTAMENTO CORPO DRENANTE\/TRATTAMENTI SPECIFICI PER EDEMI E VENE E CAPILLARI\/PRESSOTERAPIA\\nLe nostre tisane sono confezionate in filtri piramidali con certificazione di biodegradabilit\u00e0 e compostabilit\u00e0, che sono fatti di PLA (acido polilattico) un materiale che proviene dalla sintesi delle piante naturali e che dopo l'utilizzo pu\u00f2 essere gettato nell'umido, nel pieno rispetto dell'ambiente. Sono filtri certificati di nuova generazione, a emissioni zero, ideati per non creare alcun danno ed all'ambiente, nel rispetto del concetto di economia circolare.\"}\" data-sheets-userformat=\"{\"2\":15297,\"3\":{\"1\":0},\"9\":0,\"10\":2,\"11\":0,\"12\":0,\"14\":{\"1\":2,\"2\":0},\"15\":\"Calibri\",\"16\":11}\">INGR\u00c9DIENTS : Th\u00e9 vert, fenouil, feuilles de m\u00e9lisse, feuilles d&#8217;ortie, feuilles de Moringa, cerise lyophilis\u00e9e, flocons d&#8217;ananas.  <\/span><\/p>\n<p><span data-sheets-value=\"{\"1\":2,\"2\":\"iNGREDIENTI: The Verde, finocchio, foglie di Melissa, foglie di Ortica, foglie di Moringa, ciliegia liofilizzata, scaglie di Ananas. Ricca di Vitamine C,E,A, aiuta la digestione e il rilassamento dell'addome per l'eliminazione dei liquidi. E' ottima per la ritenzione idrica e come antiossidante. Infusione 5-10 min. 90 gradi. Bere 1-2 tazze al giorno, meglio se consumate entro le 15. Sconsigliato alla sera. Abbinare almeno 30 minuti di camminata al giorno. Daabbinare a trattamenti drenanti che sono i pi\u00f9 richiesti durante tutto l'anno. Gambe gonfie e pesanti, accumulo di liquidi, rutenzione idrica, cellulite e quant'altro sono alcune delle cause che portano le donne a rivolgersi all'estetista. Questi trattamenti, all'interno di un pacchetto, sono una parte fondamentale e imprescindibile: costituiscono almeno il 50 % se non pi\u00f9 del percorso completo. I trattamenti ove \u00e8 pi\u00f9 consigliato l'abbinamento della nostra tisana sono BENDAGGI\/TRATTAMENTO CORPO DRENANTE\/TRATTAMENTI SPECIFICI PER EDEMI E VENE E CAPILLARI\/PRESSOTERAPIA\\nLe nostre tisane sono confezionate in filtri piramidali con certificazione di biodegradabilit\u00e0 e compostabilit\u00e0, che sono fatti di PLA (acido polilattico) un materiale che proviene dalla sintesi delle piante naturali e che dopo l'utilizzo pu\u00f2 essere gettato nell'umido, nel pieno rispetto dell'ambiente. Sono filtri certificati di nuova generazione, a emissioni zero, ideati per non creare alcun danno ed all'ambiente, nel rispetto del concetto di economia circolare.\"}\" data-sheets-userformat=\"{\"2\":15297,\"3\":{\"1\":0},\"9\":0,\"10\":2,\"11\":0,\"12\":0,\"14\":{\"1\":2,\"2\":0},\"15\":\"Calibri\",\"16\":11}\">Riche en vitamines C, E et A, il favorise la digestion et la d\u00e9tente de l&#8217;abdomen en \u00e9liminant les liquides. Il est excellent pour la r\u00e9tention d&#8217;eau et comme antioxydant. Infusion 5-10 min. 90 degr\u00e9s. Buvez 1 \u00e0 2 tasses par jour, de pr\u00e9f\u00e9rence avant 15 heures. Non recommand\u00e9 le soir. Combinez au moins 30 minutes de marche par jour. A combiner avec les traitements de drainage, qui sont les plus populaires tout au long de l&#8217;ann\u00e9e. Jambes lourdes et gonfl\u00e9es, accumulation de liquides, r\u00e9tention d&#8217;eau, cellulite, etc. sont quelques-unes des causes qui poussent les femmes \u00e0 se rendre chez l&#8217;esth\u00e9ticienne. Ces traitements, dans le cadre d&#8217;un forfait, constituent une partie fondamentale et indispensable : ils repr\u00e9sentent au moins 50 %, voire plus, du forfait complet.  <\/span><\/p>\n<p><span data-sheets-value=\"{\"1\":2,\"2\":\"iNGREDIENTI: The Verde, finocchio, foglie di Melissa, foglie di Ortica, foglie di Moringa, ciliegia liofilizzata, scaglie di Ananas. Ricca di Vitamine C,E,A, aiuta la digestione e il rilassamento dell'addome per l'eliminazione dei liquidi. E' ottima per la ritenzione idrica e come antiossidante. Infusione 5-10 min. 90 gradi. Bere 1-2 tazze al giorno, meglio se consumate entro le 15. Sconsigliato alla sera. Abbinare almeno 30 minuti di camminata al giorno. Daabbinare a trattamenti drenanti che sono i pi\u00f9 richiesti durante tutto l'anno. Gambe gonfie e pesanti, accumulo di liquidi, rutenzione idrica, cellulite e quant'altro sono alcune delle cause che portano le donne a rivolgersi all'estetista. Questi trattamenti, all'interno di un pacchetto, sono una parte fondamentale e imprescindibile: costituiscono almeno il 50 % se non pi\u00f9 del percorso completo. I trattamenti ove \u00e8 pi\u00f9 consigliato l'abbinamento della nostra tisana sono BENDAGGI\/TRATTAMENTO CORPO DRENANTE\/TRATTAMENTI SPECIFICI PER EDEMI E VENE E CAPILLARI\/PRESSOTERAPIA\\nLe nostre tisane sono confezionate in filtri piramidali con certificazione di biodegradabilit\u00e0 e compostabilit\u00e0, che sono fatti di PLA (acido polilattico) un materiale che proviene dalla sintesi delle piante naturali e che dopo l'utilizzo pu\u00f2 essere gettato nell'umido, nel pieno rispetto dell'ambiente. Sono filtri certificati di nuova generazione, a emissioni zero, ideati per non creare alcun danno ed all'ambiente, nel rispetto del concetto di economia circolare.\"}\" data-sheets-userformat=\"{\"2\":15297,\"3\":{\"1\":0},\"9\":0,\"10\":2,\"11\":0,\"12\":0,\"14\":{\"1\":2,\"2\":0},\"15\":\"Calibri\",\"16\":11}\">Les traitements pour lesquels la combinaison de notre tisane est la plus recommand\u00e9e sont les TRAITEMENTS DU CORPS DRAINANT\/TRAITEMENTS DU CORPS DRAINANT\/TRAITEMENTS SP\u00c9CIFIQUES DES HEDEMAS ET DES VEINES ET DES PEBLES CAPILLAIRES\/PRESSIONOTH\u00c9RAPIE.<br \/>\nNos tisanes sont conditionn\u00e9es dans des filtres pyramidaux certifi\u00e9s biod\u00e9gradables et compostables, qui sont fabriqu\u00e9s en PLA (acide polylactique), un mat\u00e9riau issu de la synth\u00e8se de plantes naturelles et qui peut \u00eatre \u00e9limin\u00e9 dans les d\u00e9chets humides apr\u00e8s utilisation, dans le respect de l&#8217;environnement. Il s&#8217;agit de filtres certifi\u00e9s de nouvelle g\u00e9n\u00e9ration, \u00e0 \u00e9mission z\u00e9ro, con\u00e7us pour ne cr\u00e9er aucun dommage et aucun pr\u00e9judice \u00e0 l&#8217;environnement, en respectant le concept d&#8217;\u00e9conomie circulaire.<\/span><\/p>\n<p>1 paquet = 7,9 CHF &#8211; 6 paquets = 7,5 CHF par paquet &#8211; 12 paquets = 7 CHF par paquet<\/p>\n","protected":false},"excerpt":{"rendered":"<p>Tisane de bien-\u00eatre d\u00e9toxifiante. 12 filtres pyramidaux biod\u00e9gradables pour le bien-\u00eatre du corps. A combiner avec les traitements en cabine.<\/p>\n","protected":false},"featured_media":40594,"template":"","meta":{"_acf_changed":false},"product_brand":[],"product_cat":[1994],"product_tag":[2020,2021,2012,2013],"class_list":{"0":"post-40054","1":"product","2":"type-product","3":"status-publish","4":"has-post-thumbnail","6":"product_cat-tisanes-bien-etre","7":"product_tag-drain-fr","8":"product_tag-drainant","9":"product_tag-tisane-fr","10":"product_tag-tisanes","11":"pa_pacchetto-1-paquet","12":"pa_pacchetto-12-paquets","13":"pa_pacchetto-6-paquets","15":"first","16":"instock","17":"taxable","18":"shipping-taxable","19":"purchasable","20":"product-type-variable"},"acf":[],"jetpack_sharing_enabled":true,"_links":{"self":[{"href":"https:\/\/cndestetik.ch\/fr\/wp-json\/wp\/v2\/product\/40054","targetHints":{"allow":["GET"]}}],"collection":[{"href":"https:\/\/cndestetik.ch\/fr\/wp-json\/wp\/v2\/product"}],"about":[{"href":"https:\/\/cndestetik.ch\/fr\/wp-json\/wp\/v2\/types\/product"}],"wp:featuredmedia":[{"embeddable":true,"href":"https:\/\/cndestetik.ch\/fr\/wp-json\/wp\/v2\/media\/40594"}],"wp:attachment":[{"href":"https:\/\/cndestetik.ch\/fr\/wp-json\/wp\/v2\/media?parent=40054"}],"wp:term":[{"taxonomy":"product_brand","embeddable":true,"href":"https:\/\/cndestetik.ch\/fr\/wp-json\/wp\/v2\/product_brand?post=40054"},{"taxonomy":"product_cat","embeddable":true,"href":"https:\/\/cndestetik.ch\/fr\/wp-json\/wp\/v2\/product_cat?post=40054"},{"taxonomy":"product_tag","embeddable":true,"href":"https:\/\/cndestetik.ch\/fr\/wp-json\/wp\/v2\/product_tag?post=40054"}],"curies":[{"name":"wp","href":"https:\/\/api.w.org\/{rel}","templated":true}]}}