{"id":40034,"date":"2022-06-03T11:22:49","date_gmt":"2022-06-03T09:22:49","guid":{"rendered":"https:\/\/ticinoweb01.jcloud.ik-server.com\/cndestetik\/prodotto\/tisane-de-desintoxication\/"},"modified":"2022-12-01T10:57:00","modified_gmt":"2022-12-01T09:57:00","slug":"tisane-detox","status":"publish","type":"product","link":"https:\/\/cndestetik.ch\/fr\/prodotto\/tisane-detox\/","title":{"rendered":"Tisane de d\u00e9sintoxication"},"content":{"rendered":"<p>12 2.5 Pyramides de Gr dans Doypack Bio<\/p>\n<p><span data-sheets-value=\"{\"1\":2,\"2\":\"INGREDIENTI: Rooibos, finocchio, foglia di moringa, menta piperita, buccia di rosa canina, fiori di ibisco, pezzi di mela, buccia di arancia. Ricca di minerali come calcio, magnesio e fluoro, di Vitamina C, \u00e8 un valido aiuto per rafforzare il sistema immunitario mentre stimola il drenaggio ed elimina le tossine stimolando la diuresi. Ottimo per purificare il sangue, sostenere i reni e depurare. Sapore gradevole a tratti dolciastro. Infusione 5-10 min. 90 gradi. Bere 1-2 tazze al giornoper massimo 7 giorni consecutivi. Abbinare almeno 30 minuti di camminata leggera al giorno.In cabina da abbinare come inizio di trattamenti depurativi, eliminare le tossine dal corpo e dalla pelle favorisce il raggiungimento degli obbiettivi e una migliore capacit\u00e0 del corpo di assorbire gli attivi e di reagire ad essi. Sono ottimi nei cambi di stagione per preparare il corpo al cambiamento e predisporsi all'arrivo della nuova stagione. Trattamenti da abbinare consigliati ESFOLIAZIONE DEL CORPO\/TRATTAMENTO CORPO DEPURATIVO\/MASSAGGIO CORPO DEPURATIVO\\nLe nostre tisane sono confezionate in filtri piramidali con certificazione di biodegradabilit\u00e0 e compostabilit\u00e0, che sono fatti di PLA (acido polilattico) un materiale che proviene dalla sintesi delle piante naturali e che dopo l'utilizzo pu\u00f2 essere gettato nell'umido, nel pieno rispetto dell'ambiente. Sono filtri certificati di nuova generazione, a emissioni zero, ideati per non creare alcun danno ed all'ambiente, nel rispetto del concetto di economia circolare.\\nLe nostre tisane sono confezionate in filtri piramidali con certificazione di biodegradabilit\u00e0 e compostabilit\u00e0, che sono fatti di PLA (acido polilattico) un materiale che proviene dalla sintesi delle piante naturali e che dopo l'utilizzo pu\u00f2 essere gettato nell'umido, nel pieno rispetto dell'ambiente. Sono filtri certificati di nuova generazione, a emissioni zero, ideati per non creare alcun danno ed all'ambiente, nel rispetto del concetto di economia circolare.\"}\" data-sheets-userformat=\"{\"2\":15297,\"3\":{\"1\":0},\"9\":0,\"10\":2,\"11\":0,\"12\":0,\"14\":{\"1\":2,\"2\":0},\"15\":\"Calibri\",\"16\":11}\">INGR\u00c9DIENTS : Rooibos, fenouil, feuille de moringa, menthe poivr\u00e9e, \u00e9corce d&#8217;\u00e9glantier, fleurs d&#8217;hibiscus, morceaux de pomme, \u00e9corce d&#8217;orange.  <\/span><\/p>\n<p><span data-sheets-value=\"{\"1\":2,\"2\":\"INGREDIENTI: Rooibos, finocchio, foglia di moringa, menta piperita, buccia di rosa canina, fiori di ibisco, pezzi di mela, buccia di arancia. Ricca di minerali come calcio, magnesio e fluoro, di Vitamina C, \u00e8 un valido aiuto per rafforzare il sistema immunitario mentre stimola il drenaggio ed elimina le tossine stimolando la diuresi. Ottimo per purificare il sangue, sostenere i reni e depurare. Sapore gradevole a tratti dolciastro. Infusione 5-10 min. 90 gradi. Bere 1-2 tazze al giornoper massimo 7 giorni consecutivi. Abbinare almeno 30 minuti di camminata leggera al giorno.In cabina da abbinare come inizio di trattamenti depurativi, eliminare le tossine dal corpo e dalla pelle favorisce il raggiungimento degli obbiettivi e una migliore capacit\u00e0 del corpo di assorbire gli attivi e di reagire ad essi. Sono ottimi nei cambi di stagione per preparare il corpo al cambiamento e predisporsi all'arrivo della nuova stagione. Trattamenti da abbinare consigliati ESFOLIAZIONE DEL CORPO\/TRATTAMENTO CORPO DEPURATIVO\/MASSAGGIO CORPO DEPURATIVO\\nLe nostre tisane sono confezionate in filtri piramidali con certificazione di biodegradabilit\u00e0 e compostabilit\u00e0, che sono fatti di PLA (acido polilattico) un materiale che proviene dalla sintesi delle piante naturali e che dopo l'utilizzo pu\u00f2 essere gettato nell'umido, nel pieno rispetto dell'ambiente. Sono filtri certificati di nuova generazione, a emissioni zero, ideati per non creare alcun danno ed all'ambiente, nel rispetto del concetto di economia circolare.\\nLe nostre tisane sono confezionate in filtri piramidali con certificazione di biodegradabilit\u00e0 e compostabilit\u00e0, che sono fatti di PLA (acido polilattico) un materiale che proviene dalla sintesi delle piante naturali e che dopo l'utilizzo pu\u00f2 essere gettato nell'umido, nel pieno rispetto dell'ambiente. Sono filtri certificati di nuova generazione, a emissioni zero, ideati per non creare alcun danno ed all'ambiente, nel rispetto del concetto di economia circolare.\"}\" data-sheets-userformat=\"{\"2\":15297,\"3\":{\"1\":0},\"9\":0,\"10\":2,\"11\":0,\"12\":0,\"14\":{\"1\":2,\"2\":0},\"15\":\"Calibri\",\"16\":11}\">Riche en min\u00e9raux tels que le calcium, le magn\u00e9sium et le fluor, et en vitamine C, il contribue \u00e0 renforcer le syst\u00e8me immunitaire tout en stimulant le drainage et l&#8217;\u00e9limination des toxines par la stimulation de la diur\u00e8se. Excellent pour purifier le sang, soutenir les reins et purifier. Saveur agr\u00e9able, parfois sucr\u00e9e. Infusion 5-10 min. 90 degr\u00e9s. Buvez 1 \u00e0 2 tasses par jour pendant un maximum de 7 jours cons\u00e9cutifs. Combinez au moins 30 minutes de marche l\u00e9g\u00e8re par jour pour commencer les traitements purifiants. L&#8217;\u00e9limination des toxines du corps et de la peau favorise la r\u00e9alisation des objectifs et une meilleure capacit\u00e9 du corps \u00e0 absorber et \u00e0 r\u00e9agir aux actifs. Ils sont excellents lors des changements de saison pour pr\u00e9parer le corps au changement et pr\u00e9parer l&#8217;arriv\u00e9e de la nouvelle saison.  <\/span><\/p>\n<p><span data-sheets-value=\"{\"1\":2,\"2\":\"INGREDIENTI: Rooibos, finocchio, foglia di moringa, menta piperita, buccia di rosa canina, fiori di ibisco, pezzi di mela, buccia di arancia. Ricca di minerali come calcio, magnesio e fluoro, di Vitamina C, \u00e8 un valido aiuto per rafforzare il sistema immunitario mentre stimola il drenaggio ed elimina le tossine stimolando la diuresi. Ottimo per purificare il sangue, sostenere i reni e depurare. Sapore gradevole a tratti dolciastro. Infusione 5-10 min. 90 gradi. Bere 1-2 tazze al giornoper massimo 7 giorni consecutivi. Abbinare almeno 30 minuti di camminata leggera al giorno.In cabina da abbinare come inizio di trattamenti depurativi, eliminare le tossine dal corpo e dalla pelle favorisce il raggiungimento degli obbiettivi e una migliore capacit\u00e0 del corpo di assorbire gli attivi e di reagire ad essi. Sono ottimi nei cambi di stagione per preparare il corpo al cambiamento e predisporsi all'arrivo della nuova stagione. Trattamenti da abbinare consigliati ESFOLIAZIONE DEL CORPO\/TRATTAMENTO CORPO DEPURATIVO\/MASSAGGIO CORPO DEPURATIVO\\nLe nostre tisane sono confezionate in filtri piramidali con certificazione di biodegradabilit\u00e0 e compostabilit\u00e0, che sono fatti di PLA (acido polilattico) un materiale che proviene dalla sintesi delle piante naturali e che dopo l'utilizzo pu\u00f2 essere gettato nell'umido, nel pieno rispetto dell'ambiente. Sono filtri certificati di nuova generazione, a emissioni zero, ideati per non creare alcun danno ed all'ambiente, nel rispetto del concetto di economia circolare.\\nLe nostre tisane sono confezionate in filtri piramidali con certificazione di biodegradabilit\u00e0 e compostabilit\u00e0, che sono fatti di PLA (acido polilattico) un materiale che proviene dalla sintesi delle piante naturali e che dopo l'utilizzo pu\u00f2 essere gettato nell'umido, nel pieno rispetto dell'ambiente. Sono filtri certificati di nuova generazione, a emissioni zero, ideati per non creare alcun danno ed all'ambiente, nel rispetto del concetto di economia circolare.\"}\" data-sheets-userformat=\"{\"2\":15297,\"3\":{\"1\":0},\"9\":0,\"10\":2,\"11\":0,\"12\":0,\"14\":{\"1\":2,\"2\":0},\"15\":\"Calibri\",\"16\":11}\">Traitements combin\u00e9s recommand\u00e9s EXFOLIATION CORPORELLE\/ TRAITEMENT CORPOREL DEPURATIF\/ MASSAGE CORPOREL DEPURATIF<br \/>\n<\/span><\/p>\n<p><span data-sheets-value=\"{\"1\":2,\"2\":\"INGREDIENTI: Rooibos, finocchio, foglia di moringa, menta piperita, buccia di rosa canina, fiori di ibisco, pezzi di mela, buccia di arancia. Ricca di minerali come calcio, magnesio e fluoro, di Vitamina C, \u00e8 un valido aiuto per rafforzare il sistema immunitario mentre stimola il drenaggio ed elimina le tossine stimolando la diuresi. Ottimo per purificare il sangue, sostenere i reni e depurare. Sapore gradevole a tratti dolciastro. Infusione 5-10 min. 90 gradi. Bere 1-2 tazze al giornoper massimo 7 giorni consecutivi. Abbinare almeno 30 minuti di camminata leggera al giorno.In cabina da abbinare come inizio di trattamenti depurativi, eliminare le tossine dal corpo e dalla pelle favorisce il raggiungimento degli obbiettivi e una migliore capacit\u00e0 del corpo di assorbire gli attivi e di reagire ad essi. Sono ottimi nei cambi di stagione per preparare il corpo al cambiamento e predisporsi all'arrivo della nuova stagione. Trattamenti da abbinare consigliati ESFOLIAZIONE DEL CORPO\/TRATTAMENTO CORPO DEPURATIVO\/MASSAGGIO CORPO DEPURATIVO\\nLe nostre tisane sono confezionate in filtri piramidali con certificazione di biodegradabilit\u00e0 e compostabilit\u00e0, che sono fatti di PLA (acido polilattico) un materiale che proviene dalla sintesi delle piante naturali e che dopo l'utilizzo pu\u00f2 essere gettato nell'umido, nel pieno rispetto dell'ambiente. Sono filtri certificati di nuova generazione, a emissioni zero, ideati per non creare alcun danno ed all'ambiente, nel rispetto del concetto di economia circolare.\\nLe nostre tisane sono confezionate in filtri piramidali con certificazione di biodegradabilit\u00e0 e compostabilit\u00e0, che sono fatti di PLA (acido polilattico) un materiale che proviene dalla sintesi delle piante naturali e che dopo l'utilizzo pu\u00f2 essere gettato nell'umido, nel pieno rispetto dell'ambiente. Sono filtri certificati di nuova generazione, a emissioni zero, ideati per non creare alcun danno ed all'ambiente, nel rispetto del concetto di economia circolare.\"}\" data-sheets-userformat=\"{\"2\":15297,\"3\":{\"1\":0},\"9\":0,\"10\":2,\"11\":0,\"12\":0,\"14\":{\"1\":2,\"2\":0},\"15\":\"Calibri\",\"16\":11}\">Nos tisanes sont conditionn\u00e9es dans des filtres pyramidaux certifi\u00e9s biod\u00e9gradables et compostables, qui sont fabriqu\u00e9s en PLA (acide polylactique), un mat\u00e9riau issu de la synth\u00e8se de plantes naturelles et qui peut \u00eatre \u00e9limin\u00e9 dans les d\u00e9chets humides apr\u00e8s utilisation, dans le respect de l&#8217;environnement. Il s&#8217;agit de filtres certifi\u00e9s de nouvelle g\u00e9n\u00e9ration, \u00e0 \u00e9mission z\u00e9ro, con\u00e7us pour ne cr\u00e9er aucun dommage et aucun pr\u00e9judice \u00e0 l&#8217;environnement, en respectant le concept d&#8217;\u00e9conomie circulaire.<\/span><\/p>\n<p>1 paquet = 7,9 CHF &#8211; 6 paquets = 7,5 CHF par paquet &#8211; 12 paquets = 7 CHF par paquet<\/p>\n","protected":false},"excerpt":{"rendered":"<p>Tisane de bien-\u00eatre d\u00e9toxifiante. 12 filtres pyramidaux biod\u00e9gradables pour le bien-\u00eatre du corps. A combiner avec les traitements en cabine.<\/p>\n","protected":false},"featured_media":40590,"template":"","meta":{"_acf_changed":false},"product_brand":[],"product_cat":[1994],"product_tag":[2011,2043,2044,2012,2013],"class_list":{"0":"post-40034","1":"product","2":"type-product","3":"status-publish","4":"has-post-thumbnail","6":"product_cat-tisanes-bien-etre","7":"product_tag-bio-fr","8":"product_tag-detoxification","9":"product_tag-detoxification-fr","10":"product_tag-tisane-fr","11":"product_tag-tisanes","12":"pa_pacchetto-1-paquet","13":"pa_pacchetto-12-paquets","14":"pa_pacchetto-6-paquets","16":"first","17":"instock","18":"taxable","19":"shipping-taxable","20":"purchasable","21":"product-type-variable"},"acf":[],"jetpack_sharing_enabled":true,"_links":{"self":[{"href":"https:\/\/cndestetik.ch\/fr\/wp-json\/wp\/v2\/product\/40034","targetHints":{"allow":["GET"]}}],"collection":[{"href":"https:\/\/cndestetik.ch\/fr\/wp-json\/wp\/v2\/product"}],"about":[{"href":"https:\/\/cndestetik.ch\/fr\/wp-json\/wp\/v2\/types\/product"}],"wp:featuredmedia":[{"embeddable":true,"href":"https:\/\/cndestetik.ch\/fr\/wp-json\/wp\/v2\/media\/40590"}],"wp:attachment":[{"href":"https:\/\/cndestetik.ch\/fr\/wp-json\/wp\/v2\/media?parent=40034"}],"wp:term":[{"taxonomy":"product_brand","embeddable":true,"href":"https:\/\/cndestetik.ch\/fr\/wp-json\/wp\/v2\/product_brand?post=40034"},{"taxonomy":"product_cat","embeddable":true,"href":"https:\/\/cndestetik.ch\/fr\/wp-json\/wp\/v2\/product_cat?post=40034"},{"taxonomy":"product_tag","embeddable":true,"href":"https:\/\/cndestetik.ch\/fr\/wp-json\/wp\/v2\/product_tag?post=40034"}],"curies":[{"name":"wp","href":"https:\/\/api.w.org\/{rel}","templated":true}]}}