{"id":39964,"date":"2022-06-03T10:21:44","date_gmt":"2022-06-03T08:21:44","guid":{"rendered":"https:\/\/ticinoweb01.jcloud.ik-server.com\/cndestetik\/prodotto\/vinylux-poppy-fields\/"},"modified":"2024-10-25T13:26:20","modified_gmt":"2024-10-25T11:26:20","slug":"vinylux-poppy-fields","status":"publish","type":"product","link":"https:\/\/cndestetik.ch\/fr\/prodotto\/vinylux-poppy-fields\/","title":{"rendered":"Vinylux Poppy Fields"},"content":{"rendered":"<p><span data-sheets-value=\"{\"1\":2,\"2\":\"Vinylux \u00e8 il sistema smalto di CND che garantisce oltre sette giorni di glamour e perfezione. Oltre 150 colori ispirati alle passerelle per reinventare il tuo stile settimanalmente. - 7 giorni di perfezione assoluta, a prova di sbeccature - Asciugatura rapida, applicazione in soli 2 passaggi - l'unico che si rinforza ogni volta che entra in contatto con la luce naturale 15 ml.\"}\" data-sheets-userformat=\"{\"2\":15297,\"3\":{\"1\":0},\"9\":0,\"10\":2,\"11\":0,\"12\":0,\"14\":{\"1\":2,\"2\":0},\"15\":\"Calibri\",\"16\":11}\">Vinylux est le syst\u00e8me d&#8217;\u00e9mail de CND qui garantit plus de sept jours de glamour et de perfection. Plus de 150 couleurs inspir\u00e9es des podiums pour r\u00e9inventer votre style chaque semaine. &#8211; 7 jours de perfection absolue et sans bavure &#8211; S\u00e9chage rapide, application en 2 \u00e9tapes seulement &#8211; le seul qui se renforce \u00e0 chaque contact avec la lumi\u00e8re naturelle 15 ml<\/span><\/p>\n<p><span data-sheets-value=\"{\"1\":2,\"2\":\"Vinylux \u00e8 il sistema smalto di CND che garantisce oltre sette giorni di glamour e perfezione. Oltre 150 colori ispirati alle passerelle per reinventare il tuo stile settimanalmente. - 7 giorni di perfezione assoluta, a prova di sbeccature - Asciugatura rapida, applicazione in soli 2 passaggi - l'unico che si rinforza ogni volta che entra in contatto con la luce naturale 15 ml.\"}\" data-sheets-userformat=\"{\"2\":15297,\"3\":{\"1\":0},\"9\":0,\"10\":2,\"11\":0,\"12\":0,\"14\":{\"1\":2,\"2\":0},\"15\":\"Calibri\",\"16\":11}\">Flacon de 15 ml.<\/span><\/p>\n","protected":false},"excerpt":{"rendered":"<p>Couleur \u00e0 s\u00e9chage rapide, tenue de 7 jours.<\/p>\n","protected":false},"featured_media":39961,"template":"","meta":{"_acf_changed":false},"product_brand":[],"product_cat":[12751,1501],"product_tag":[1354,1355,1962,1975],"class_list":{"0":"post-39964","1":"product","2":"type-product","3":"status-publish","4":"has-post-thumbnail","6":"product_cat-c-n-d-fr","7":"product_cat-nails-manucure-et-pedicure","8":"product_tag-ongles","9":"product_tag-ongles-fr","10":"product_tag-top-fr","11":"product_tag-vinylux-fr","13":"first","14":"instock","15":"taxable","16":"shipping-taxable","17":"purchasable","18":"product-type-simple"},"acf":[],"jetpack_sharing_enabled":true,"_links":{"self":[{"href":"https:\/\/cndestetik.ch\/fr\/wp-json\/wp\/v2\/product\/39964","targetHints":{"allow":["GET"]}}],"collection":[{"href":"https:\/\/cndestetik.ch\/fr\/wp-json\/wp\/v2\/product"}],"about":[{"href":"https:\/\/cndestetik.ch\/fr\/wp-json\/wp\/v2\/types\/product"}],"wp:featuredmedia":[{"embeddable":true,"href":"https:\/\/cndestetik.ch\/fr\/wp-json\/wp\/v2\/media\/39961"}],"wp:attachment":[{"href":"https:\/\/cndestetik.ch\/fr\/wp-json\/wp\/v2\/media?parent=39964"}],"wp:term":[{"taxonomy":"product_brand","embeddable":true,"href":"https:\/\/cndestetik.ch\/fr\/wp-json\/wp\/v2\/product_brand?post=39964"},{"taxonomy":"product_cat","embeddable":true,"href":"https:\/\/cndestetik.ch\/fr\/wp-json\/wp\/v2\/product_cat?post=39964"},{"taxonomy":"product_tag","embeddable":true,"href":"https:\/\/cndestetik.ch\/fr\/wp-json\/wp\/v2\/product_tag?post=39964"}],"curies":[{"name":"wp","href":"https:\/\/api.w.org\/{rel}","templated":true}]}}