{"id":39924,"date":"2022-06-03T09:12:06","date_gmt":"2022-06-03T07:12:06","guid":{"rendered":"https:\/\/ticinoweb01.jcloud.ik-server.com\/cndestetik\/prodotto\/cartouche-100-ml-zinc\/"},"modified":"2023-05-02T09:35:04","modified_gmt":"2023-05-02T07:35:04","slug":"cire-depilation-en-cartouche-zinc","status":"publish","type":"product","link":"https:\/\/cndestetik.ch\/fr\/prodotto\/cire-depilation-en-cartouche-zinc\/","title":{"rendered":"Cire d&#8217;\u00e9pilation en cartouche de zinc"},"content":{"rendered":"<p><span data-sheets-value=\"{\"1\":2,\"2\":\"Delicata ceretta liposolubile, indicata per pelli sensibili, peli corti e prime depilazioni. All'Ossido di Zinco. Si stende facilmente, ha un'ottima resa, non irrita la pelle.\"}\" data-sheets-userformat=\"{\"2\":15297,\"3\":{\"1\":0},\"9\":0,\"10\":2,\"11\":0,\"12\":0,\"14\":{\"1\":2,\"2\":0},\"15\":\"Calibri\",\"16\":11}\">\u00c9pilation douce, liposoluble, adapt\u00e9e aux peaux sensibles, aux poils courts et aux premi\u00e8res \u00e9pilations. Oxyde de zinc. Il s&#8217;\u00e9tale facilement, donne de bons r\u00e9sultats et n&#8217;irrite pas la peau.<\/span><\/p>\n<p>Carton de 36 pi\u00e8ces.<\/p>\n","protected":false},"excerpt":{"rendered":"<p>Carton de 36 pi\u00e8ces de cire d&#8217;oxyde de zinc.<\/p>\n","protected":false},"featured_media":39921,"template":"","meta":{"_acf_changed":false},"product_brand":[],"product_cat":[1628],"product_tag":[684,1676,909,908,1939],"class_list":{"0":"post-39924","1":"product","2":"type-product","3":"status-publish","4":"has-post-thumbnail","6":"product_cat-12-epilation","7":"product_tag-cire","8":"product_tag-epilation-fr-2","9":"product_tag-epilation-fr","10":"product_tag-epilation-a-la-cire","11":"product_tag-oxyde-de-zinc","12":"pa_pezzi-1-piece-fr","13":"pa_pezzi-3-pieces-fr","14":"pa_pezzi-5-pieces-fr","16":"first","17":"instock","18":"sale","19":"taxable","20":"shipping-taxable","21":"purchasable","22":"product-type-variable"},"acf":[],"jetpack_sharing_enabled":true,"_links":{"self":[{"href":"https:\/\/cndestetik.ch\/fr\/wp-json\/wp\/v2\/product\/39924","targetHints":{"allow":["GET"]}}],"collection":[{"href":"https:\/\/cndestetik.ch\/fr\/wp-json\/wp\/v2\/product"}],"about":[{"href":"https:\/\/cndestetik.ch\/fr\/wp-json\/wp\/v2\/types\/product"}],"wp:featuredmedia":[{"embeddable":true,"href":"https:\/\/cndestetik.ch\/fr\/wp-json\/wp\/v2\/media\/39921"}],"wp:attachment":[{"href":"https:\/\/cndestetik.ch\/fr\/wp-json\/wp\/v2\/media?parent=39924"}],"wp:term":[{"taxonomy":"product_brand","embeddable":true,"href":"https:\/\/cndestetik.ch\/fr\/wp-json\/wp\/v2\/product_brand?post=39924"},{"taxonomy":"product_cat","embeddable":true,"href":"https:\/\/cndestetik.ch\/fr\/wp-json\/wp\/v2\/product_cat?post=39924"},{"taxonomy":"product_tag","embeddable":true,"href":"https:\/\/cndestetik.ch\/fr\/wp-json\/wp\/v2\/product_tag?post=39924"}],"curies":[{"name":"wp","href":"https:\/\/api.w.org\/{rel}","templated":true}]}}