{"id":39917,"date":"2022-06-03T08:59:08","date_gmt":"2022-06-03T06:59:08","guid":{"rendered":"https:\/\/ticinoweb01.jcloud.ik-server.com\/cndestetik\/prodotto\/cire-de-zinc-400-ml\/"},"modified":"2023-05-02T09:35:05","modified_gmt":"2023-05-02T07:35:05","slug":"cire-zinc-400-ml","status":"publish","type":"product","link":"https:\/\/cndestetik.ch\/fr\/prodotto\/cire-zinc-400-ml\/","title":{"rendered":"Cire de zinc 400 ml"},"content":{"rendered":"<p><span data-sheets-value=\"{\"1\":2,\"2\":\"La cera depilatoria liposolubile professionale all'Ossido di Zinco permette uno strappo dolcissimo, morbido e delicato. E' anallergica, indicata per le pelli sensibili, secche e disidratate o con irritazioni non patologiche. Particolarmente consigliata per i primi trattamenti di epilazione e nei casi di fragilit\u00e0 capillare. Ha propriet\u00e0 lenitive e svolge funzioni riparatrici e ricostituenti dell'epidermide. L'Ossido di Zinco conferisce un'ottima aderenza al pelo per un risultato perfetto di epilazione anche nei casi di peli duri e corti. E' liposolubile per cui i suoi residui si rimuovono con solventi oleosi.\"}\" data-sheets-userformat=\"{\"2\":15297,\"3\":{\"1\":0},\"9\":0,\"10\":2,\"11\":0,\"12\":0,\"14\":{\"1\":2,\"2\":0},\"15\":\"Calibri\",\"16\":11}\">La cire \u00e9pilatoire professionnelle liposoluble \u00e0 l&#8217;oxyde de zinc permet un \u00e9pilation tr\u00e8s douce, souple et d\u00e9licate. Il est hypoallerg\u00e9nique et convient aux peaux sensibles, s\u00e8ches et d\u00e9shydrat\u00e9es ou aux peaux pr\u00e9sentant des irritations non pathologiques. Particuli\u00e8rement recommand\u00e9 pour les premiers traitements d&#8217;\u00e9pilation et en cas de fragilit\u00e9 capillaire. Il poss\u00e8de des propri\u00e9t\u00e9s apaisantes et exerce des fonctions r\u00e9paratrices et reconstituantes sur l&#8217;\u00e9piderme. L&#8217;oxyde de zinc assure une excellente adh\u00e9rence au poil pour un r\u00e9sultat d&#8217;\u00e9pilation parfait m\u00eame en cas de poils durs et courts. Comme il est liposoluble, ses r\u00e9sidus sont \u00e9limin\u00e9s avec des solvants huileux.<\/span><\/p>\n<p>Carton de 24 pi\u00e8ces.<\/p>\n","protected":false},"excerpt":{"rendered":"<p>Carton de 24 bo\u00eetes de 400ml de cire d&#8217;oxyde de zinc.<\/p>\n","protected":false},"featured_media":39914,"template":"","meta":{"_acf_changed":false},"product_brand":[],"product_cat":[1628],"product_tag":[684,909,1676,11225,10309,1641],"class_list":{"0":"post-39917","1":"product","2":"type-product","3":"status-publish","4":"has-post-thumbnail","6":"product_cat-12-epilation","7":"product_tag-cire","8":"product_tag-epilation-fr","9":"product_tag-epilation-fr-2","10":"product_tag-oxyde","11":"product_tag-par-fr","12":"product_tag-zinc-fr","13":"pa_pezzi-1-piece-fr","14":"pa_pezzi-3-pieces-fr","15":"pa_pezzi-5-pieces-fr","17":"first","18":"instock","19":"sale","20":"taxable","21":"shipping-taxable","22":"purchasable","23":"product-type-variable"},"acf":[],"jetpack_sharing_enabled":true,"_links":{"self":[{"href":"https:\/\/cndestetik.ch\/fr\/wp-json\/wp\/v2\/product\/39917","targetHints":{"allow":["GET"]}}],"collection":[{"href":"https:\/\/cndestetik.ch\/fr\/wp-json\/wp\/v2\/product"}],"about":[{"href":"https:\/\/cndestetik.ch\/fr\/wp-json\/wp\/v2\/types\/product"}],"wp:featuredmedia":[{"embeddable":true,"href":"https:\/\/cndestetik.ch\/fr\/wp-json\/wp\/v2\/media\/39914"}],"wp:attachment":[{"href":"https:\/\/cndestetik.ch\/fr\/wp-json\/wp\/v2\/media?parent=39917"}],"wp:term":[{"taxonomy":"product_brand","embeddable":true,"href":"https:\/\/cndestetik.ch\/fr\/wp-json\/wp\/v2\/product_brand?post=39917"},{"taxonomy":"product_cat","embeddable":true,"href":"https:\/\/cndestetik.ch\/fr\/wp-json\/wp\/v2\/product_cat?post=39917"},{"taxonomy":"product_tag","embeddable":true,"href":"https:\/\/cndestetik.ch\/fr\/wp-json\/wp\/v2\/product_tag?post=39917"}],"curies":[{"name":"wp","href":"https:\/\/api.w.org\/{rel}","templated":true}]}}