{"id":39908,"date":"2022-06-03T08:51:23","date_gmt":"2022-06-03T06:51:23","guid":{"rendered":"https:\/\/ticinoweb01.jcloud.ik-server.com\/cndestetik\/prodotto\/top-silky-wax-400-ml\/"},"modified":"2023-05-02T09:35:07","modified_gmt":"2023-05-02T07:35:07","slug":"cire-talc-400-ml","status":"publish","type":"product","link":"https:\/\/cndestetik.ch\/fr\/prodotto\/cire-talc-400-ml\/","title":{"rendered":"Cire de talc 400 ml."},"content":{"rendered":"<p><span data-sheets-value=\"{\"1\":2,\"2\":\"CERA PROFESSIONALE LIPOSOLUBILE IN BARATTOLO La cera depilatoria liposolubile professionale vanta una particolare morbidezza nello strappo ed un'ottima aderenza al pelo. Il risultato . una perfetta epilazione anche per peli duri e corti. Consigliata nei periodi estivi perch. mantiene inalterata l'abbronzatura e lascia la pelle liscia, morbida, setosa e idratata. Ideata per una depilazione extra-delicata\"}\" data-sheets-userformat=\"{\"2\":15297,\"3\":{\"1\":0},\"9\":0,\"10\":2,\"11\":0,\"12\":0,\"14\":{\"1\":2,\"2\":0},\"15\":\"Calibri\",\"16\":11}\">Cire professionnelle liposoluble en pot. La cire \u00e0 \u00e9piler professionnelle liposoluble se distingue par une douceur particuli\u00e8re \u00e0 l&#8217;arrachage et une excellente adh\u00e9rence au poil. Le r\u00e9sultat ? Une \u00e9pilation parfaite m\u00eame pour les poils courts et durs. Recommand\u00e9 en \u00e9t\u00e9 car il maintient le bronzage et laisse la peau lisse, douce, soyeuse et hydrat\u00e9e. Con\u00e7u pour une \u00e9pilation extra-douce<\/span><\/p>\n<p>Carton de 24 pi\u00e8ces.<\/p>\n","protected":false},"excerpt":{"rendered":"<p>Carton de 24 bo\u00eetes de 400 ml de cire de talc.<\/p>\n","protected":false},"featured_media":39905,"template":"","meta":{"_acf_changed":false},"product_brand":[],"product_cat":[1628],"product_tag":[684,909,1676,1935,11167,1962],"class_list":{"0":"post-39908","1":"product","2":"type-product","3":"status-publish","4":"has-post-thumbnail","6":"product_cat-12-epilation","7":"product_tag-cire","8":"product_tag-epilation-fr","9":"product_tag-epilation-fr-2","10":"product_tag-haut-soyeux","11":"product_tag-soyeux","12":"product_tag-top-fr","13":"pa_pezzi-1-piece-fr","14":"pa_pezzi-3-pieces-fr","15":"pa_pezzi-5-pieces-fr","17":"first","18":"instock","19":"taxable","20":"shipping-taxable","21":"purchasable","22":"product-type-variable"},"acf":[],"jetpack_sharing_enabled":true,"_links":{"self":[{"href":"https:\/\/cndestetik.ch\/fr\/wp-json\/wp\/v2\/product\/39908","targetHints":{"allow":["GET"]}}],"collection":[{"href":"https:\/\/cndestetik.ch\/fr\/wp-json\/wp\/v2\/product"}],"about":[{"href":"https:\/\/cndestetik.ch\/fr\/wp-json\/wp\/v2\/types\/product"}],"wp:featuredmedia":[{"embeddable":true,"href":"https:\/\/cndestetik.ch\/fr\/wp-json\/wp\/v2\/media\/39905"}],"wp:attachment":[{"href":"https:\/\/cndestetik.ch\/fr\/wp-json\/wp\/v2\/media?parent=39908"}],"wp:term":[{"taxonomy":"product_brand","embeddable":true,"href":"https:\/\/cndestetik.ch\/fr\/wp-json\/wp\/v2\/product_brand?post=39908"},{"taxonomy":"product_cat","embeddable":true,"href":"https:\/\/cndestetik.ch\/fr\/wp-json\/wp\/v2\/product_cat?post=39908"},{"taxonomy":"product_tag","embeddable":true,"href":"https:\/\/cndestetik.ch\/fr\/wp-json\/wp\/v2\/product_tag?post=39908"}],"curies":[{"name":"wp","href":"https:\/\/api.w.org\/{rel}","templated":true}]}}