{"id":39886,"date":"2022-06-02T17:01:37","date_gmt":"2022-06-02T15:01:37","guid":{"rendered":"https:\/\/ticinoweb01.jcloud.ik-server.com\/cndestetik\/prodotto\/cire-dhuile-dargan-de-zinc-volant-400-ml\/"},"modified":"2023-05-02T09:35:03","modified_gmt":"2023-05-02T07:35:03","slug":"cera-olio-di-argan-400-ml","status":"publish","type":"product","link":"https:\/\/cndestetik.ch\/fr\/prodotto\/cera-olio-di-argan-400-ml\/","title":{"rendered":"Cire d&#8217;huile d&#8217;argan 400 ml."},"content":{"rendered":"<p><span data-sheets-value=\"{\"1\":2,\"2\":\"Uno strappo delicato e perfetto per ogni stagione, l'Olio di Argan agisce a livello della cute contribuendo a stimolare la rigenerazione dei tessuti.\\nCera depilatoria professionale liposolubile, realizzata con resina naturale di pino e raffinata con processi di esterificazione.\\nDa utilizzare tiepida a bagno maria o con apposito fornello scaldacera; la fusione aviene a basse temperature evitando cos\u00ec il rischio di scottature.\\nLa consistenza fluida della cera consente un\u2019applicazione estremamente facile e la depilazione risulta perfetta, efficace e duratura, con il risultato di una pelle liscia e morbida per almeno 3 settimane\"}\" data-sheets-userformat=\"{\"2\":15297,\"3\":{\"1\":0},\"9\":0,\"10\":2,\"11\":0,\"12\":0,\"14\":{\"1\":2,\"2\":0},\"15\":\"Calibri\",\"16\":11}\">Une larme douce, parfaite pour toutes les saisons, l&#8217;huile d&#8217;argan agit au niveau de la peau, aidant \u00e0 stimuler la r\u00e9g\u00e9n\u00e9ration des tissus.<br \/>\nCire \u00e0 \u00e9piler professionnelle liposoluble, fabriqu\u00e9e \u00e0 partir de r\u00e9sine de pin naturelle et raffin\u00e9e par des proc\u00e9d\u00e9s d&#8217;est\u00e9rification.<br \/>\nA utiliser ti\u00e8de au bain-marie ou avec un chauffe-cire sp\u00e9cial ; la fusion se fait \u00e0 basse temp\u00e9rature, \u00e9vitant ainsi tout risque de br\u00fblure.<br \/>\nLa consistance fluide de la cire permet une application extr\u00eamement facile et l&#8217;\u00e9pilation est parfaite, efficace et durable, pour une peau lisse et douce pendant au moins trois semaines.<\/span><\/p>\n<p>Carton de 24 bo\u00eetes.<\/p>\n","protected":false},"excerpt":{"rendered":"<p>Carton de 24 pots de cire d&#8217;argan.<\/p>\n","protected":false},"featured_media":39880,"template":"","meta":{"_acf_changed":false},"product_brand":[],"product_cat":[1628],"product_tag":[684,909,1676,1641],"class_list":{"0":"post-39886","1":"product","2":"type-product","3":"status-publish","4":"has-post-thumbnail","6":"product_cat-12-epilation","7":"product_tag-cire","8":"product_tag-epilation-fr","9":"product_tag-epilation-fr-2","10":"product_tag-zinc-fr","11":"pa_pezzi-1-piece-fr","12":"pa_pezzi-3-pieces-fr","13":"pa_pezzi-5-pieces-fr","15":"first","16":"instock","17":"sale","18":"taxable","19":"shipping-taxable","20":"purchasable","21":"product-type-variable"},"acf":[],"jetpack_sharing_enabled":true,"_links":{"self":[{"href":"https:\/\/cndestetik.ch\/fr\/wp-json\/wp\/v2\/product\/39886","targetHints":{"allow":["GET"]}}],"collection":[{"href":"https:\/\/cndestetik.ch\/fr\/wp-json\/wp\/v2\/product"}],"about":[{"href":"https:\/\/cndestetik.ch\/fr\/wp-json\/wp\/v2\/types\/product"}],"wp:featuredmedia":[{"embeddable":true,"href":"https:\/\/cndestetik.ch\/fr\/wp-json\/wp\/v2\/media\/39880"}],"wp:attachment":[{"href":"https:\/\/cndestetik.ch\/fr\/wp-json\/wp\/v2\/media?parent=39886"}],"wp:term":[{"taxonomy":"product_brand","embeddable":true,"href":"https:\/\/cndestetik.ch\/fr\/wp-json\/wp\/v2\/product_brand?post=39886"},{"taxonomy":"product_cat","embeddable":true,"href":"https:\/\/cndestetik.ch\/fr\/wp-json\/wp\/v2\/product_cat?post=39886"},{"taxonomy":"product_tag","embeddable":true,"href":"https:\/\/cndestetik.ch\/fr\/wp-json\/wp\/v2\/product_tag?post=39886"}],"curies":[{"name":"wp","href":"https:\/\/api.w.org\/{rel}","templated":true}]}}