{"id":39849,"date":"2022-06-02T16:42:05","date_gmt":"2022-06-02T14:42:05","guid":{"rendered":"https:\/\/ticinoweb01.jcloud.ik-server.com\/cndestetik\/prodotto\/cire-de-rose-volante-800-ml\/"},"modified":"2022-11-15T15:48:35","modified_gmt":"2022-11-15T14:48:35","slug":"dioxyde-de-titane-cire-rose-800ml","status":"publish","type":"product","link":"https:\/\/cndestetik.ch\/fr\/prodotto\/dioxyde-de-titane-cire-rose-800ml\/","title":{"rendered":"Cire au dioxyde de titane rose 800ml"},"content":{"rendered":"<p><span data-sheets-value=\"{\"1\":2,\"2\":\"CERA BIOSSIDO DI TITANIO ROSA DELICATA LIPOSOLUBILE BARATTOLO 800 ML.\\nLa cera al biossido di titanio \u00e8 un prodotto della nuova Linea Professionale \\\"Ebrand Wax\\\" creata all'insegna del \\\"MADE IN ITALY\\\".\\n\\nLa cera liposolubile depilatoria al biossido di titanio delicata \u00e8 adatta a pelli sensibili ed abbronzate. Lo strappo risulta morbido, dolce e non provoca arrossamenti. Questa tipologia di cera esterificata viene realizzata con miscela di resine ed oli raffinatissimi. Le sue principali caratteristiche sono :\\n-estrema stendibilit\u00e0 ed elasticit\u00e0\\n-lo strappo delicato sulla pelle ma tenace sul pelo\\n-capacit\u00e0 di non accumulare il calore evitando fastidiosi arrossamenti\"}\" data-sheets-userformat=\"{\"2\":15297,\"3\":{\"1\":0},\"9\":0,\"10\":2,\"11\":0,\"12\":0,\"14\":{\"1\":2,\"2\":0},\"15\":\"Calibri\",\"16\":11}\">CIRE DE DIOXYDE DE TITANE ROSE D\u00c9LICAT, LIPOSOLUBLE BIDON DE 800 ML.<br \/>\nLa cire au dioxyde de titane est un produit de la nouvelle ligne professionnelle &#8220;Ebrand Wax&#8221; cr\u00e9\u00e9e sous la banni\u00e8re &#8220;MADE IN ITALY&#8221;.<\/span><\/p>\n<p>La cire liposoluble \u00e9pilatoire douce au dioxyde de titane convient aux peaux sensibles et bronz\u00e9es. La larme est souple, douce et ne provoque pas de rougeurs. Ce type de cire est\u00e9rifi\u00e9e est fabriqu\u00e9 \u00e0 partir d&#8217;un m\u00e9lange de r\u00e9sines et d&#8217;huiles raffin\u00e9es. Ses principales caract\u00e9ristiques sont :<br \/>\n-extr\u00eamement extensible et \u00e9lastique<br \/>\n-la larme douce sur la peau mais tenace sur les cheveux<br \/>\n-la capacit\u00e9 de ne pas accumuler la chaleur, \u00e9vitant ainsi les rougeurs g\u00eanantes<\/p>\n<p>Carton de 12 bo\u00eetes.<\/p>\n","protected":false},"excerpt":{"rendered":"<p>Carton de 12 pots de cire au dioxyde de titane rose.<\/p>\n","protected":false},"featured_media":39843,"template":"","meta":{"_acf_changed":false},"product_brand":[],"product_cat":[1628],"product_tag":[684,1920,1921,909,709],"class_list":{"0":"post-39849","1":"product","2":"type-product","3":"status-publish","4":"has-post-thumbnail","6":"product_cat-12-epilation","7":"product_tag-cire","8":"product_tag-dioxyde-de-carbone","9":"product_tag-dioxyde-de-titane","10":"product_tag-epilation-fr","11":"product_tag-titane","13":"first","14":"instock","15":"taxable","16":"shipping-taxable","17":"purchasable","18":"product-type-simple"},"acf":[],"jetpack_sharing_enabled":true,"_links":{"self":[{"href":"https:\/\/cndestetik.ch\/fr\/wp-json\/wp\/v2\/product\/39849","targetHints":{"allow":["GET"]}}],"collection":[{"href":"https:\/\/cndestetik.ch\/fr\/wp-json\/wp\/v2\/product"}],"about":[{"href":"https:\/\/cndestetik.ch\/fr\/wp-json\/wp\/v2\/types\/product"}],"wp:featuredmedia":[{"embeddable":true,"href":"https:\/\/cndestetik.ch\/fr\/wp-json\/wp\/v2\/media\/39843"}],"wp:attachment":[{"href":"https:\/\/cndestetik.ch\/fr\/wp-json\/wp\/v2\/media?parent=39849"}],"wp:term":[{"taxonomy":"product_brand","embeddable":true,"href":"https:\/\/cndestetik.ch\/fr\/wp-json\/wp\/v2\/product_brand?post=39849"},{"taxonomy":"product_cat","embeddable":true,"href":"https:\/\/cndestetik.ch\/fr\/wp-json\/wp\/v2\/product_cat?post=39849"},{"taxonomy":"product_tag","embeddable":true,"href":"https:\/\/cndestetik.ch\/fr\/wp-json\/wp\/v2\/product_tag?post=39849"}],"curies":[{"name":"wp","href":"https:\/\/api.w.org\/{rel}","templated":true}]}}