{"id":39757,"date":"2022-06-02T13:25:12","date_gmt":"2022-06-02T11:25:12","guid":{"rendered":"https:\/\/ticinoweb01.jcloud.ik-server.com\/cndestetik\/prodotto\/drap-medical-2-plis-pure-cellulose-h-60x80-m-embosse\/"},"modified":"2024-08-07T09:16:23","modified_gmt":"2024-08-07T07:16:23","slug":"lettre-rouleau-en-cellulose","status":"publish","type":"product","link":"https:\/\/cndestetik.ch\/fr\/prodotto\/lettre-rouleau-en-cellulose\/","title":{"rendered":"Rouleaux de lit en cellulose"},"content":{"rendered":"<p><span data-sheets-value=\"{\"1\":2,\"2\":\"Lenzuolino medico alta qualit\u00e0 H 60 cm. lunghezza 80 mt. certificati. 2 Veli in pura cellulosa. Cartone da 6 rotoli. Prezzo per l'acquisto di 1 cartone, per l'acquisto di quantitativi superiori chiedere quotazione\"}\" data-sheets-userformat=\"{\"2\":15299,\"3\":{\"1\":0},\"4\":{\"1\":2,\"2\":16776960},\"9\":0,\"10\":2,\"11\":0,\"12\":0,\"14\":{\"1\":2,\"2\":0},\"15\":\"Calibri\",\"16\":11}\">Drap de lit de haute qualit\u00e9 en rouleaux. hauteur 60 centim\u00e8tres, longueur 80 m\u00e8tres. Certificats. 2 voiles en pure cellulose.<\/span><\/p>\n","protected":false},"excerpt":{"rendered":"<p><span data-sheets-value=\"{\"1\":2,\"2\":\"Lenzuolino medico alta qualit\u00e0 H 60 cm. lunghezza 80 mt. certificati. 2 Veli in pura cellulosa. Cartone da 6 rotoli. Prezzo per l'acquisto di 1 cartone, per l'acquisto di quantitativi superiori chiedere quotazione\"}\" data-sheets-userformat=\"{\"2\":15299,\"3\":{\"1\":0},\"4\":{\"1\":2,\"2\":16776960},\"9\":0,\"10\":2,\"11\":0,\"12\":0,\"14\":{\"1\":2,\"2\":0},\"15\":\"Calibri\",\"16\":11}\">Feuille de cellulose pour lit d&#8217;enfant<\/span> Prix par carton de 6 rouleaux, rouleau individuel 7,35 chf+vat<\/p>\n","protected":false},"featured_media":39791,"template":"","meta":{"_acf_changed":false},"product_brand":[],"product_cat":[11233,11231,906],"product_tag":[1154,1830,1831],"class_list":{"0":"post-39757","1":"product","2":"type-product","3":"status-publish","4":"has-post-thumbnail","6":"product_cat-physiotherapie","7":"product_cat-tatuateurs","8":"product_cat-usage-unique","9":"product_tag-chaise-longue","10":"product_tag-rouleaux","11":"product_tag-rouleaux-de-lit","12":"pa_rotoli-18pcs-fr","13":"pa_rotoli-30-pieces","14":"pa_rotoli-60-pieces","15":"pa_rotoli-6pcs-fr","17":"first","18":"instock","19":"taxable","20":"shipping-taxable","21":"purchasable","22":"product-type-variable"},"acf":[],"jetpack_sharing_enabled":true,"_links":{"self":[{"href":"https:\/\/cndestetik.ch\/fr\/wp-json\/wp\/v2\/product\/39757","targetHints":{"allow":["GET"]}}],"collection":[{"href":"https:\/\/cndestetik.ch\/fr\/wp-json\/wp\/v2\/product"}],"about":[{"href":"https:\/\/cndestetik.ch\/fr\/wp-json\/wp\/v2\/types\/product"}],"wp:featuredmedia":[{"embeddable":true,"href":"https:\/\/cndestetik.ch\/fr\/wp-json\/wp\/v2\/media\/39791"}],"wp:attachment":[{"href":"https:\/\/cndestetik.ch\/fr\/wp-json\/wp\/v2\/media?parent=39757"}],"wp:term":[{"taxonomy":"product_brand","embeddable":true,"href":"https:\/\/cndestetik.ch\/fr\/wp-json\/wp\/v2\/product_brand?post=39757"},{"taxonomy":"product_cat","embeddable":true,"href":"https:\/\/cndestetik.ch\/fr\/wp-json\/wp\/v2\/product_cat?post=39757"},{"taxonomy":"product_tag","embeddable":true,"href":"https:\/\/cndestetik.ch\/fr\/wp-json\/wp\/v2\/product_tag?post=39757"}],"curies":[{"name":"wp","href":"https:\/\/api.w.org\/{rel}","templated":true}]}}