{"id":39657,"date":"2022-06-02T11:08:03","date_gmt":"2022-06-02T09:08:03","guid":{"rendered":"https:\/\/ticinoweb01.jcloud.ik-server.com\/cndestetik\/prodotto\/hypo-tex-extra-bandes-depilation-100-pcs-boite-90g-22cm\/"},"modified":"2024-05-21T09:57:54","modified_gmt":"2024-05-21T07:57:54","slug":"bandes-depilation","status":"publish","type":"product","link":"https:\/\/cndestetik.ch\/fr\/prodotto\/bandes-depilation\/","title":{"rendered":"Bandes d&#8217;\u00e9pilation"},"content":{"rendered":"<p>Bandes d&#8217;\u00e9pilation TNT, cm. 22, 90 gr\/m\u00b2, bo\u00eete de 100 pcs.<\/p>\n","protected":false},"excerpt":{"rendered":"<p>Bandes d&#8217;\u00e9pilation TNT pr\u00e9d\u00e9coup\u00e9es<\/p>\n","protected":false},"featured_media":39654,"template":"","meta":{"_acf_changed":false},"product_brand":[],"product_cat":[1628,906],"product_tag":[1761,1703,1702,684,909,908,1701],"class_list":{"0":"post-39657","1":"product","2":"type-product","3":"status-publish","4":"has-post-thumbnail","6":"product_cat-12-epilation","7":"product_cat-usage-unique","8":"product_tag-arracheuse-de-cire","9":"product_tag-bandes-depilation","10":"product_tag-bandes-epilatoires","11":"product_tag-cire","12":"product_tag-epilation-fr","13":"product_tag-epilation-a-la-cire","14":"product_tag-rayures","15":"pa_pezzi-1-piece-fr","16":"pa_pezzi-28-pieces-fr","18":"first","19":"instock","20":"taxable","21":"shipping-taxable","22":"purchasable","23":"product-type-variable"},"acf":[],"jetpack_sharing_enabled":true,"_links":{"self":[{"href":"https:\/\/cndestetik.ch\/fr\/wp-json\/wp\/v2\/product\/39657","targetHints":{"allow":["GET"]}}],"collection":[{"href":"https:\/\/cndestetik.ch\/fr\/wp-json\/wp\/v2\/product"}],"about":[{"href":"https:\/\/cndestetik.ch\/fr\/wp-json\/wp\/v2\/types\/product"}],"wp:featuredmedia":[{"embeddable":true,"href":"https:\/\/cndestetik.ch\/fr\/wp-json\/wp\/v2\/media\/39654"}],"wp:attachment":[{"href":"https:\/\/cndestetik.ch\/fr\/wp-json\/wp\/v2\/media?parent=39657"}],"wp:term":[{"taxonomy":"product_brand","embeddable":true,"href":"https:\/\/cndestetik.ch\/fr\/wp-json\/wp\/v2\/product_brand?post=39657"},{"taxonomy":"product_cat","embeddable":true,"href":"https:\/\/cndestetik.ch\/fr\/wp-json\/wp\/v2\/product_cat?post=39657"},{"taxonomy":"product_tag","embeddable":true,"href":"https:\/\/cndestetik.ch\/fr\/wp-json\/wp\/v2\/product_tag?post=39657"}],"curies":[{"name":"wp","href":"https:\/\/api.w.org\/{rel}","templated":true}]}}