{"id":39621,"date":"2022-06-02T10:43:51","date_gmt":"2022-06-02T08:43:51","guid":{"rendered":"https:\/\/ticinoweb01.jcloud.ik-server.com\/cndestetik\/prodotto\/cartouche-100-ml-top-silky\/"},"modified":"2023-05-02T09:35:07","modified_gmt":"2023-05-02T07:35:07","slug":"cire-depilation-en-cartouche-talc","status":"publish","type":"product","link":"https:\/\/cndestetik.ch\/fr\/prodotto\/cire-depilation-en-cartouche-talc\/","title":{"rendered":"Cire d&#8217;\u00e9pilation en cartouches de talc"},"content":{"rendered":"<p><span data-sheets-value=\"{\"1\":2,\"2\":\"Cera depilatoria al Talco in Roll-on da 100ml. Per un'epilazione vellutata e rinfrescante\"}\" data-sheets-userformat=\"{\"2\":15297,\"3\":{\"1\":0},\"9\":0,\"10\":2,\"11\":0,\"12\":0,\"14\":{\"1\":2,\"2\":0},\"15\":\"Calibri\",\"16\":11}\">  Carton de 36 pi\u00e8ces de cire d\u00e9pilatoire en poudre de talc en roll-on de 100ml. Pour une \u00e9pilation velout\u00e9e et rafra\u00eechissante.<\/span><\/p>\n","protected":false},"excerpt":{"rendered":"<p><span data-sheets-value=\"{\"1\":2,\"2\":\"Cera depilatoria al Talco in Roll-on da 100ml. Per un'epilazione vellutata e rinfrescante\"}\" data-sheets-userformat=\"{\"2\":15297,\"3\":{\"1\":0},\"9\":0,\"10\":2,\"11\":0,\"12\":0,\"14\":{\"1\":2,\"2\":0},\"15\":\"Calibri\",\"16\":11}\">36 cartouches de cire d\u00e9pilatoire Talcum Powder<\/span><\/p>\n","protected":false},"featured_media":39619,"template":"","meta":{"_acf_changed":false},"product_brand":[],"product_cat":[1628],"product_tag":[684,1676,909,11167,1659,1962],"class_list":{"0":"post-39621","1":"product","2":"type-product","3":"status-publish","4":"has-post-thumbnail","6":"product_cat-12-epilation","7":"product_tag-cire","8":"product_tag-epilation-fr-2","9":"product_tag-epilation-fr","10":"product_tag-soyeux","11":"product_tag-talc","12":"product_tag-top-fr","13":"pa_pezzi-1-piece-fr","14":"pa_pezzi-3-pieces-fr","15":"pa_pezzi-5-pieces-fr","17":"first","18":"instock","19":"taxable","20":"shipping-taxable","21":"purchasable","22":"product-type-variable"},"acf":[],"jetpack_sharing_enabled":true,"_links":{"self":[{"href":"https:\/\/cndestetik.ch\/fr\/wp-json\/wp\/v2\/product\/39621","targetHints":{"allow":["GET"]}}],"collection":[{"href":"https:\/\/cndestetik.ch\/fr\/wp-json\/wp\/v2\/product"}],"about":[{"href":"https:\/\/cndestetik.ch\/fr\/wp-json\/wp\/v2\/types\/product"}],"wp:featuredmedia":[{"embeddable":true,"href":"https:\/\/cndestetik.ch\/fr\/wp-json\/wp\/v2\/media\/39619"}],"wp:attachment":[{"href":"https:\/\/cndestetik.ch\/fr\/wp-json\/wp\/v2\/media?parent=39621"}],"wp:term":[{"taxonomy":"product_brand","embeddable":true,"href":"https:\/\/cndestetik.ch\/fr\/wp-json\/wp\/v2\/product_brand?post=39621"},{"taxonomy":"product_cat","embeddable":true,"href":"https:\/\/cndestetik.ch\/fr\/wp-json\/wp\/v2\/product_cat?post=39621"},{"taxonomy":"product_tag","embeddable":true,"href":"https:\/\/cndestetik.ch\/fr\/wp-json\/wp\/v2\/product_tag?post=39621"}],"curies":[{"name":"wp","href":"https:\/\/api.w.org\/{rel}","templated":true}]}}